{"id":28,"date":"2019-05-22T16:58:02","date_gmt":"2019-05-22T16:58:02","guid":{"rendered":"http:\/\/10.1.9.254:8089\/blogsibe\/?page_id=28"},"modified":"2022-10-13T14:26:15","modified_gmt":"2022-10-13T19:26:15","slug":"acerca-de","status":"publish","type":"page","link":"https:\/\/bibliotecasibe.ecosur.mx\/blogsibe\/acerca-de\/","title":{"rendered":"Acerca del blog"},"content":{"rendered":"<p>El <strong>Blog del Sistema de Informaci\u00f3n Bibliotecario de ECOSUR <\/strong>es un espacio para difundir actividades, novedades, experiencias y conocimientos relacionados con el acceso, uso y comunicaci\u00f3n de la informaci\u00f3n cient\u00edfica, as\u00ed como para la interacci\u00f3n con comunidades interesadas en los servicios bibliotecarios.<\/p>\n<h4><strong>Coordinaci\u00f3n editorial<\/strong><\/h4>\n<blockquote>\n<p><strong>Adacelia L\u00f3pez Roblero<\/strong>. Subdirectora del Sistema de Informaci\u00f3n Bibliotecario de ECOSUR.<br \/><strong>Mercedes Guadarrama Olivera<\/strong>. Responsable de la biblioteca Unidad San Crist\u00f3bal de Las Casas y Coordinadora del Programa Formaci\u00f3n de Usuarios.<br \/><strong>Marisela Betanzos Reyes<\/strong>. Responsable del Programa de Difusi\u00f3n y Promoci\u00f3n de Recursos de Informaci\u00f3n.<\/p>\n<\/blockquote>\n<h4><strong>Colaboraciones<\/strong><\/h4>\n<blockquote>\n<p><strong>Mabel Mej\u00eda Gonz\u00e1lez<\/strong>. Analista de contenidos del \u00e1rea Control Bibliogr\u00e1fico.<br \/><strong>Graciela Ocampo Guzm\u00e1n<\/strong>. Responsable del \u00e1rea de Control Bibliogr\u00e1fico.<br \/><strong>Beatriz Guadalupe G\u00f3mez Hern\u00e1ndez<\/strong>. Auxiliar del \u00e1rea Control Bibliogr\u00e1fico.<br \/><strong>Jos\u00e9 Santos G\u00f3mez<\/strong>. Responsable de la biblioteca Unidad Chetumal <br \/><strong>Teresa Dom\u00ednguez Hern\u00e1ndez<\/strong>. Responsable de Desarrollo de Colecciones y Cooperaci\u00f3n Bibliotecaria.<br \/><strong>Nancy Zamora Placencia<\/strong>. Atenci\u00f3n al p\u00fablico en biblioteca SIBE Unidad San Crist\u00f3bal de Las Casas.<br \/><strong>Mar\u00eda Elena Mart\u00ednez P\u00e9rez<\/strong>. Responsable de biblioteca Unidad Campeche.<br \/><strong>Margarita In\u00e9s Hern\u00e1ndez L\u00f3pez<\/strong>. Atenci\u00f3n al p\u00fablico en biblioteca Unidad Tapachula.<br \/><strong>Hermilo Cruz Hern\u00e1ndez<\/strong>. Atenci\u00f3n al p\u00fablico en biblioteca Unidad San Crist\u00f3bal de Las Casas.<br \/><strong>Ana Mar\u00eda Galindo Rodas<\/strong>. Responsable de la biblioteca Unidad Tapachula.<br \/><strong>Lorena Reyes S\u00e1nchez<\/strong>. Responsable de la biblioteca Unidad Chetumal y coordinadora del Programa Competencias Informativas.<br \/><strong>Gabriela Zacar\u00edas de Le\u00f3n<\/strong>. Atenci\u00f3n al p\u00fablico en biblioteca Unidad Chetumal.<br \/><strong>Germ\u00e1n de Jes\u00fas Hern\u00e1ndez Garc\u00eda<\/strong>. Responsable de Automatizaci\u00f3n y desarrollo de tecnolog\u00edas del SIBE.<\/p>\n<\/blockquote>\n<p><strong>\u00a0<\/strong><\/p>\n\n\n<p><\/p>\n","protected":false},"excerpt":{"rendered":"<p>El Blog del Sistema de Informaci\u00f3n Bibliotecario de ECOSUR es un espacio para difundir actividades, novedades, experiencias y conocimientos relacionados con el acceso, uso y comunicaci\u00f3n de la informaci\u00f3n cient\u00edfica, as\u00ed como para la interacci\u00f3n con comunidades interesadas en los servicios bibliotecarios. Coordinaci\u00f3n editorial Adacelia L\u00f3pez Roblero. Subdirectora del Sistema de Informaci\u00f3n Bibliotecario de ECOSUR.Mercedes [&hellip;]<\/p>\n","protected":false},"author":5,"featured_media":0,"parent":0,"menu_order":0,"comment_status":"closed","ping_status":"closed","template":"","meta":{"content-type":"","om_disable_all_campaigns":false,"_monsterinsights_skip_tracking":false,"_monsterinsights_sitenote_active":false,"_monsterinsights_sitenote_note":"","_monsterinsights_sitenote_category":0,"ep_exclude_from_search":false,"footnotes":""},"class_list":["post-28","page","type-page","status-publish","hentry"],"aioseo_notices":[],"_links":{"self":[{"href":"https:\/\/bibliotecasibe.ecosur.mx\/blogsibe\/wp-json\/wp\/v2\/pages\/28","targetHints":{"allow":["GET"]}}],"collection":[{"href":"https:\/\/bibliotecasibe.ecosur.mx\/blogsibe\/wp-json\/wp\/v2\/pages"}],"about":[{"href":"https:\/\/bibliotecasibe.ecosur.mx\/blogsibe\/wp-json\/wp\/v2\/types\/page"}],"author":[{"embeddable":true,"href":"https:\/\/bibliotecasibe.ecosur.mx\/blogsibe\/wp-json\/wp\/v2\/users\/5"}],"replies":[{"embeddable":true,"href":"https:\/\/bibliotecasibe.ecosur.mx\/blogsibe\/wp-json\/wp\/v2\/comments?post=28"}],"version-history":[{"count":15,"href":"https:\/\/bibliotecasibe.ecosur.mx\/blogsibe\/wp-json\/wp\/v2\/pages\/28\/revisions"}],"predecessor-version":[{"id":2144,"href":"https:\/\/bibliotecasibe.ecosur.mx\/blogsibe\/wp-json\/wp\/v2\/pages\/28\/revisions\/2144"}],"wp:attachment":[{"href":"https:\/\/bibliotecasibe.ecosur.mx\/blogsibe\/wp-json\/wp\/v2\/media?parent=28"}],"curies":[{"name":"wp","href":"https:\/\/api.w.org\/{rel}","templated":true}]}}