{"id":1695,"date":"2021-07-16T16:52:12","date_gmt":"2021-07-16T16:52:12","guid":{"rendered":"https:\/\/bibliotecasibe.ecosur.mx\/sibe\/?page_id=1695"},"modified":"2025-07-14T12:49:00","modified_gmt":"2025-07-14T18:49:00","slug":"biblioguias","status":"publish","type":"page","link":"https:\/\/bibliotecasibe.ecosur.mx\/sibe\/biblioguias\/","title":{"rendered":"Bibliogu\u00edas"},"content":{"rendered":"\n<header id=\"cce0a7\" class=\"section-cce0a7 gutentor-module gutentor-module-accordion gutentor-module-accordion-enable-toggle acordion-biblioguias\"><div class=\"grid-container\">\n<div id=\"d10224\" class=\"wp-block-gutentor-m6-item section-d10224 gutentor-module gutentor-module-accordion-item\"><div class=\"gutentor-module-accordion-panel g-a-panel-cce0a7\"><div class=\"gm-ah-cce0a7 gutentor-module-accordion-item-heading gutentor-module-icon-position-right\"><span class=\"gutentor-module-accordion-panel-handler\" role=\"button\"><span class=\"gutentor-module-accordion-panel-handler-label\"><strong>B\u00fasqueda y acceso a informaci\u00f3n cient\u00edfica<\/strong><\/span><span class=\"gutentor-module-accordion-icon\"><i class=\"gm-aio-cce0a7 gutentor-module-accordion-icon-open fa fa-plus\"><\/i><i class=\"gm-aic-cce0a7 gutentor-module-accordion-icon-close fa fa-minus\"><\/i><\/span><\/span><\/div><div class=\"gm-ab-cce0a7 gutentor-module-accordion-body\">\n<div id=\"section-g283f3f\" class=\"wp-block-gutentor-e0 section-g283f3f gutentor-element gutentor-element-advanced-text\"><div class=\"gutentor-text-wrap\"><p class=\"gutentor-text\"><a href=\"\/sibe\/wp-content\/uploads\/sites\/7\/2021\/07\/buscar-informacion.pdf\" target=\"_blank\" rel=\"noreferrer noopener\">Buscar Informaci\u00f3n <sub>[PDF]<\/sub><\/a><br><br><a href=\"https:\/\/bibliotecasibe.ecosur.mx\/sibe\/wp-content\/uploads\/sites\/7\/2022\/11\/busqueda-de-informacion-en-Catalogo-SIBE2022.pdf\" target=\"_blank\" rel=\"noreferrer noopener\">B\u00fasqueda de informaci\u00f3n en Cat\u00e1logo SIBE <sub>[PDF]<\/sub><\/a><br><br><a href=\"https:\/\/bibliotecasibe.ecosur.mx\/sibe\/wp-content\/uploads\/sites\/7\/2023\/07\/busqueda_por_autor_en_Web_of_Science.pdf\" target=\"_blank\" rel=\"noopener\" title=\"\">B\u00fasqueda por autor en Web of Science<sub>[PDF]<\/sub><\/a><br><br><a href=\"\/sibe\/wp-content\/uploads\/sites\/7\/2021\/07\/reconocimiento-y-definicion-de-la-necesidad-informativa.pdf\" target=\"_blank\" rel=\"noreferrer noopener\">Reconocimiento y definici\u00f3n de la necesidad informativa: \u00bfQu\u00e9 buscar? <sub>[PDF]<\/sub><\/a><br><br>I<a href=\"\/sibe\/wp-content\/uploads\/sites\/7\/2021\/07\/identificacion-de-fuentes-y-recursos-para-recuperar-la-informacion.pdf\" target=\"_blank\" rel=\"noreferrer noopener\">dentificaci\u00f3n de fuentes y recursos para recuperar la informaci\u00f3n: \u00bfD\u00f3nde buscar? <sub>[PDF]<\/sub><\/a><br><br><a href=\"\/sibe\/wp-content\/uploads\/sites\/7\/2021\/07\/estrategias-de-busqueda.pdf\" target=\"_blank\" rel=\"noreferrer noopener\">Estrategias de b\u00fasqueda: \u00bfC\u00f3mo buscar? <sub>[PDF]<\/sub><\/a><br><br><a href=\"\/sibe\/wp-content\/uploads\/sites\/7\/2021\/07\/operadores_y_signos.pdf\" target=\"_blank\" rel=\"noopener\" title=\"\">Operadores y signos en la b\u00fasqueda de informaci\u00f3n <\/a><a href=\"\/sibe\/wp-content\/uploads\/sites\/7\/2021\/07\/operadores-y-signos-en-la-busqueda-informacion.jpg?ver=2022\" target=\"_blank\" rel=\"noopener\" title=\"\"><sub>[INFOGRAF\u00cdA]<\/sub><\/a><br><br><\/p><\/div><\/div>\n<\/div><\/div><\/div>\n\n\n\n<div id=\"6d45e1\" class=\"wp-block-gutentor-m6-item section-6d45e1 gutentor-module gutentor-module-accordion-item\"><div class=\"gutentor-module-accordion-panel g-a-panel-cce0a7\"><div class=\"gm-ah-cce0a7 gutentor-module-accordion-item-heading gutentor-module-icon-position-right\"><span class=\"gutentor-module-accordion-panel-handler\" role=\"button\"><span class=\"gutentor-module-accordion-panel-handler-label\"><strong>Citar en la escritura acad\u00e9mica<\/strong><\/span><span class=\"gutentor-module-accordion-icon\"><i class=\"gm-aio-cce0a7 gutentor-module-accordion-icon-open fa fa-plus\"><\/i><i class=\"gm-aic-cce0a7 gutentor-module-accordion-icon-close fa fa-minus\"><\/i><\/span><\/span><\/div><div class=\"gm-ab-cce0a7 gutentor-module-accordion-body\">\n<div id=\"section-g0312f0\" class=\"wp-block-gutentor-e0 section-g0312f0 gutentor-element gutentor-element-advanced-text\"><div class=\"gutentor-text-wrap\"><p class=\"gutentor-text\"><a href=\"\/sibe\/wp-content\/uploads\/sites\/7\/2021\/07\/herramientas-documentales-para-la-citacion.pdf\" target=\"_blank\" rel=\"noreferrer noopener\">Herramientas documentales para la citaci\u00f3n <sub>[PDF]<\/sub><\/a><br><br><a href=\"\/sibe\/wp-content\/uploads\/sites\/7\/2021\/07\/estilo_de_citaci\u00f3n_CSE.pdf\" target=\"_blank\" rel=\"noopener\" title=\"\">Estilo de citaci\u00f3n CSE Sistema nombre-a\u00f1o <\/a><a href=\"\/sibe\/wp-content\/uploads\/sites\/7\/2021\/07\/estilo-de-citacion-cse-sistema-nombre-ao.jpg?ver=2022\" target=\"_blank\" rel=\"noopener\" title=\"\"><sub>[INFOGRAF\u00cdA]<\/sub><\/a><br><br><a href=\"https:\/\/www.youtube.com\/watch?v=8g0XAOEp9qM&amp;t=10s\" target=\"_blank\" rel=\"noopener\" title=\"\">C\u00f3mo consultar el Manual del estilo Council of Science Editors<sub>[VIDEO<\/sub><\/a><a href=\"https:\/\/ecosur365p.sharepoint.com\/sites\/sibe2\/_layouts\/15\/stream.aspx?id=%2Fsites%2Fsibe2%2FArchivos%20temporales%2FBIBLIOGU%C3%8DAS%20%28MICROSITIO%20KIT%2DE%29%2FDOCUMENTOS%20REVISADOS%2F3%2E%20videoCSEname%2Dyear%2EMP4\" target=\"_blank\" rel=\"noopener\" title=\"\"><sub>]<\/sub><\/a><br><br><a href=\"https:\/\/www.youtube.com\/watch?v=OQwcog97leo\" target=\"_blank\" rel=\"noreferrer noopener\">How to cite in CSE style<sub>[VIDEO]<\/sub><\/a><br><br><a href=\"\/sibe\/wp-content\/uploads\/sites\/7\/2021\/07\/que-hay-con-el-plagio.pdf\" target=\"_blank\" rel=\"noreferrer noopener\">Qu\u00e9 hay con el plagio <sub>[PDF]<\/sub><\/a><br><br><a href=\"\/sibe\/wp-content\/uploads\/sites\/7\/2021\/07\/derechos-de-autor.pdf\" target=\"_blank\" rel=\"noreferrer noopener\">Derechos de Autor <sub>[PDF]<\/sub><\/a><\/p><\/div><\/div>\n<\/div><\/div><\/div>\n\n\n\n<div id=\"e32d3f\" class=\"wp-block-gutentor-m6-item section-e32d3f gutentor-module gutentor-module-accordion-item\"><div class=\"gutentor-module-accordion-panel g-a-panel-cce0a7\"><div class=\"gm-ah-cce0a7 gutentor-module-accordion-item-heading gutentor-module-icon-position-right\"><span class=\"gutentor-module-accordion-panel-handler\" role=\"button\"><span class=\"gutentor-module-accordion-panel-handler-label\"><strong>Zotero: gestor de bibliograf\u00edas<\/strong><\/span><span class=\"gutentor-module-accordion-icon\"><i class=\"gm-aio-cce0a7 gutentor-module-accordion-icon-open fa fa-plus\"><\/i><i class=\"gm-aic-cce0a7 gutentor-module-accordion-icon-close fa fa-minus\"><\/i><\/span><\/span><\/div><div class=\"gm-ab-cce0a7 gutentor-module-accordion-body\">\n<div id=\"section-gb69956\" class=\"wp-block-gutentor-e0 section-gb69956 gutentor-element gutentor-element-advanced-text\"><div class=\"gutentor-text-wrap\"><p class=\"gutentor-text\"><a href=\"https:\/\/youtu.be\/kOj4A9RJoQ8\" target=\"_blank\" rel=\"noopener\" title=\"\">Incorporaci\u00f3n de referencias bibliogr\u00e1ficas en Zotero <sub>[VIDEO]<\/sub><\/a><br><br><a href=\"https:\/\/youtu.be\/1ETMdXPLXbA\" target=\"_blank\" rel=\"noopener\" title=\"\">Instalaci\u00f3n de estilos internacionales en Zotero <sub>[VIDEO]<\/sub><\/a><br><br><a href=\"https:\/\/youtu.be\/d5Swc-YrYfk\" target=\"_blank\" rel=\"noopener\" title=\"\">Instalaci\u00f3n de estilo Council Science Editor (CSE), Nombre-A\u00f1o en Zotero <sub>[VIDEO]<\/sub><\/a><br><br><a href=\"https:\/\/youtu.be\/0cCBaTAKIus\" target=\"_blank\" rel=\"noopener\" title=\"\">Elaboraci\u00f3n de citas y bibliograf\u00eda utilizando Zotero <sub>[VIDEO]<\/sub><\/a><br><br><a href=\"https:\/\/bibliotecasibe.ecosur.mx\/sibe\/wp-content\/uploads\/sites\/7\/2022\/12\/zotero-funcionalidades-basicas-.pdf\" target=\"_blank\" rel=\"noopener\" title=\"\">Funcionalidades b\u00e1sicas de Zotero <sub>[PDF]<\/sub><\/a><\/p><\/div><\/div>\n<\/div><\/div><\/div>\n\n\n\n<div id=\"943fc7\" class=\"wp-block-gutentor-m6-item section-943fc7 gutentor-module gutentor-module-accordion-item\"><div class=\"gutentor-module-accordion-panel g-a-panel-cce0a7\"><div class=\"gm-ah-cce0a7 gutentor-module-accordion-item-heading gutentor-module-icon-position-right\"><span class=\"gutentor-module-accordion-panel-handler\" role=\"button\"><span class=\"gutentor-module-accordion-panel-handler-label\"><strong>iThenticate: programa antiplagi<strong>o<\/strong><\/strong><\/span><span class=\"gutentor-module-accordion-icon\"><i class=\"gm-aio-cce0a7 gutentor-module-accordion-icon-open fa fa-plus\"><\/i><i class=\"gm-aic-cce0a7 gutentor-module-accordion-icon-close fa fa-minus\"><\/i><\/span><\/span><\/div><div class=\"gm-ab-cce0a7 gutentor-module-accordion-body\">\n<div id=\"section-g93fc32\" class=\"wp-block-gutentor-e0 section-g93fc32 gutentor-element gutentor-element-advanced-text\"><div class=\"gutentor-text-wrap\"><p class=\"gutentor-text\"><a href=\"https:\/\/centrospublicos.turnitin.com\/home\/\" target=\"_blank\" rel=\"noopener\" title=\"\">Acceso a la herramienta<\/a><br><br><a href=\"https:\/\/www.youtube.com\/watch?v=VdQgt75Pwy4\" target=\"_blank\" rel=\"noopener\" title=\"\">Flujo de trabajo para usuarios<\/a><br><br><a href=\"https:\/\/bibliotecasibe.ecosur.mx\/sibe\/wp-content\/uploads\/sites\/7\/2021\/07\/guia_iThenticate_2.0.pdf\" target=\"_blank\" rel=\"noopener\" title=\"\">Gu\u00eda iThenticate 2.<\/a><a href=\"https:\/\/bibliotecasibe.ecosur.mx\/sibe\/wp-content\/uploads\/sites\/7\/2021\/07\/guia_iThenticate_2.0.pdf\" title=\"\">0<\/a><br><br><a href=\"https:\/\/www.youtube.com\/watch?v=GXLg2zG2t5I\" target=\"_blank\" rel=\"noopener\" title=\"\">Revisi\u00f3n de reporte de similitud<\/a><br><br><a href=\"\/sibe\/wp-content\/uploads\/sites\/7\/2021\/07\/que-hay-con-el-plagio.pdf\" target=\"_blank\" rel=\"noreferrer noopener\">Qu\u00e9 hay con el plagio <sub>[PDF]<\/sub><\/a><\/p><\/div><\/div>\n<\/div><\/div><\/div>\n\n\n\n<div id=\"a3b0bc\" class=\"wp-block-gutentor-m6-item section-a3b0bc gutentor-module gutentor-module-accordion-item\"><div class=\"gutentor-module-accordion-panel g-a-panel-cce0a7\"><div class=\"gm-ah-cce0a7 gutentor-module-accordion-item-heading gutentor-module-icon-position-right\"><span class=\"gutentor-module-accordion-panel-handler\" role=\"button\"><span class=\"gutentor-module-accordion-panel-handler-label\"><strong>D\u00f3nde publicar<\/strong><\/span><span class=\"gutentor-module-accordion-icon\"><i class=\"gm-aio-cce0a7 gutentor-module-accordion-icon-open fa fa-plus\"><\/i><i class=\"gm-aic-cce0a7 gutentor-module-accordion-icon-close fa fa-minus\"><\/i><\/span><\/span><\/div><div class=\"gm-ab-cce0a7 gutentor-module-accordion-body\">\n<div id=\"section-gcd57e0\" class=\"wp-block-gutentor-e0 section-gcd57e0 gutentor-element gutentor-element-advanced-text\"><div class=\"gutentor-text-wrap\"><p class=\"gutentor-text\"><a href=\"https:\/\/bibliotecasibe.ecosur.mx\/sibe\/acuerdos-transformativos\/\" target=\"_blank\" rel=\"noopener\" title=\"\">Acuerdos Transformativos (AT)\u00a0<\/a><br><br><a href=\"https:\/\/universoabierto.org\/2021\/05\/04\/como-publicar-un-articulo-cientifico-y-como-hacerlo-con-impacto\/?fbclid=IwAR0aLTXFOYO3lcpjy7_4l6T0-R9ywAkVp5VqcjPKRti8aEUEZP9RVWFDvC0\" target=\"_blank\" rel=\"noreferrer noopener\">C\u00f3mo publicar y c\u00f3mo hacerlo con impacto <sub>[VIDEO]<\/sub><\/a><br><br><a href=\"\/sibe\/wp-content\/uploads\/sites\/7\/2021\/08\/donde-publicar.pdf\" target=\"_blank\" rel=\"noreferrer noopener\">D\u00f3nde publicar <sub>[PDF]<\/sub><\/a><br><br><a href=\"\/sibe\/wp-content\/uploads\/sites\/7\/2021\/08\/criterios-para-evaluar-la-informacion-cientifica.pdf\" target=\"_blank\" rel=\"noreferrer noopener\">Criterios para evaluar la informaci\u00f3n cient\u00edfica <sub>[PDF]<\/sub><\/a><br><br><a href=\"\/sibe\/wp-content\/uploads\/sites\/7\/2021\/08\/modelos-de-publicacion-de-revistas-cientificas-suscritas-y-en-acceso-abierto.pdf\" target=\"_blank\" rel=\"noreferrer noopener\">Modelos de publicaci\u00f3n de revistas cient\u00edficas, suscritas y en acceso abierto <sub>[PDF]<\/sub><\/a><br><br><a href=\"\/sibe\/wp-content\/uploads\/sites\/7\/2021\/08\/que-es-el-acceso-abierto.pdf\" target=\"_blank\" rel=\"noreferrer noopener\">Acceso abierto <sub>[PDF]<\/sub><\/a><br><br><a href=\"\/sibe\/wp-content\/uploads\/sites\/7\/2021\/08\/indices-de-revistas-cientificas-de-calidad-e-impacto.pdf\" target=\"_blank\" rel=\"noreferrer noopener\">\u00cdndices de revistas cient\u00edficas de calidad e impacto <sub>[PDF]<\/sub><\/a><br><br>\u200b<a href=\"\/sibe\/wp-content\/uploads\/sites\/7\/2021\/08\/como-buscar-en-web-of-science-en-que-revista-publicar.pdf?ver=20230421\" target=\"_blank\" rel=\"noopener\" title=\"\">\u00bfC\u00f3mo buscar en web of science en qu\u00e9 revista publicar? <sub>[PDF]<\/sub><\/a><br><br><a href=\"\/sibe\/wp-content\/uploads\/sites\/7\/2021\/07\/derechos-de-autor.pdf\" target=\"_blank\" rel=\"noreferrer noopener\">Derechos de Autor <sub>[PDF] <\/sub><\/a><br><br><a href=\"https:\/\/bibliotecasibe.ecosur.mx\/sibe\/wp-content\/uploads\/sites\/7\/2021\/08\/revistas_depredadoras.pdf\" target=\"_blank\" rel=\"noopener\" title=\"\">Revistas depredadoras<sub>[PDF]<\/sub><\/a><sub> <\/sub><\/p><\/div><\/div>\n<\/div><\/div><\/div>\n\n\n\n<div id=\"308495\" class=\"wp-block-gutentor-m6-item section-308495 gutentor-module gutentor-module-accordion-item\"><div class=\"gutentor-module-accordion-panel g-a-panel-cce0a7\"><div class=\"gm-ah-cce0a7 gutentor-module-accordion-item-heading gutentor-module-icon-position-right\"><span class=\"gutentor-module-accordion-panel-handler\" role=\"button\"><span class=\"gutentor-module-accordion-panel-handler-label\"><strong>Dep\u00f3sito de tesis<\/strong><\/span><span class=\"gutentor-module-accordion-icon\"><i class=\"gm-aio-cce0a7 gutentor-module-accordion-icon-open fa fa-plus\"><\/i><i class=\"gm-aic-cce0a7 gutentor-module-accordion-icon-close fa fa-minus\"><\/i><\/span><\/span><\/div><div class=\"gm-ab-cce0a7 gutentor-module-accordion-body\">\n<div id=\"section-g762ab0\" class=\"wp-block-gutentor-e0 section-g762ab0 gutentor-element gutentor-element-advanced-text\"><div class=\"gutentor-text-wrap\"><p class=\"gutentor-text\"><a href=\"\/sibe\/wp-content\/uploads\/sites\/7\/2021\/08\/deposito-de-tesis-digitales-en-bibliotecas-sibe.pdf\" target=\"_blank\" rel=\"noreferrer noopener\">Dep\u00f3sito de tesis digitales en bibliotecas SIBE <sub>[PDF]<\/sub><\/a><br><br><a href=\"\/sibe\/wp-content\/uploads\/sites\/7\/2021\/07\/derechos-de-autor.pdf\" target=\"_blank\" rel=\"noreferrer noopener\">Derechos de Autor <sub>[PDF]<\/sub><\/a><\/p><\/div><\/div>\n<\/div><\/div><\/div>\n\n\n\n<div id=\"ac1654\" class=\"wp-block-gutentor-m6-item section-ac1654 gutentor-module gutentor-module-accordion-item\"><div class=\"gutentor-module-accordion-panel g-a-panel-cce0a7\"><div class=\"gm-ah-cce0a7 gutentor-module-accordion-item-heading gutentor-module-icon-position-right\"><span class=\"gutentor-module-accordion-panel-handler\" role=\"button\"><span class=\"gutentor-module-accordion-panel-handler-label\"><strong>Autores, mis citas<\/strong> <strong>y mi identificador<\/strong><\/span><span class=\"gutentor-module-accordion-icon\"><i class=\"gm-aio-cce0a7 gutentor-module-accordion-icon-open fa fa-plus\"><\/i><i class=\"gm-aic-cce0a7 gutentor-module-accordion-icon-close fa fa-minus\"><\/i><\/span><\/span><\/div><div class=\"gm-ab-cce0a7 gutentor-module-accordion-body\">\n<div id=\"section-gb22952\" class=\"wp-block-gutentor-e0 section-gb22952 gutentor-element gutentor-element-advanced-text\"><div class=\"gutentor-text-wrap\"><p class=\"gutentor-text\"><a href=\"https:\/\/bibliotecasibe.ecosur.mx\/sibe\/wp-content\/uploads\/sites\/7\/2023\/03\/como-agregar-publicaciones-a-mi-perfil-ResearcherID-de-WoS.pdf\" target=\"_blank\" rel=\"noopener\" title=\"\">C\u00f3mo editar nombre y agregar publicaciones a mi perfil ResearcherID de WoS<sub>PDF]<\/sub><\/a><br><br><a href=\"\/sibe\/wp-content\/uploads\/sites\/7\/2021\/08\/como-localizar-las-citas-a-mis-publicaciones-desde-google-academico.pdf?ver=20230421\" target=\"_blank\" rel=\"noopener\" title=\"\">C\u00f3mo localizar las citas a mis publicaciones desde Google Acad\u00e9mico <sub>[PDF]<\/sub><\/a><br><br><a href=\"\/sibe\/wp-content\/uploads\/sites\/7\/2021\/08\/como-localizar-las-citas-a-mis-publicaciones-con-publish-or-perish-con-datos-de-google.pdf\" target=\"_blank\" rel=\"noreferrer noopener\">C\u00f3mo localizar las citas a mis publicaciones con Publish or Perish Con datos de Google <sub>[PDF]<\/sub><\/a><br><br><a href=\"\/sibe\/wp-content\/uploads\/sites\/7\/2021\/08\/como-localizar-las-citas-a-mis-publicaciones-desde-scopus.pdf\" target=\"_blank\" rel=\"noreferrer noopener\">C\u00f3mo localizar las citas a mis publicaciones desde Scopus\u200b <sub>[PDF]<\/sub><\/a><br><br><a href=\"https:\/\/bibliotecasibe.ecosur.mx\/sibe\/wp-content\/uploads\/sites\/7\/2023\/03\/Como-localizar-citas-a-mis-publicaciones-en-Web-of-Science-Opcion-Documents.pdf\" target=\"_blank\" rel=\"noopener\" title=\"\">C\u00f3mo localizar citas a mis publicaciones en Web of Scie<\/a><a href=\"https:\/\/bibliotecasibe.ecosur.mx\/sibe\/wp-content\/uploads\/sites\/7\/2023\/03\/Como-localizar-citas-a-mis-publicaciones-en-Web-of-Science-Opcion-Documents.pdf?ver=20230421\" target=\"_blank\" rel=\"noopener\" title=\"\">nce Opci\u00f3n Documents<\/a> <sub>[PDF<\/sub><a href=\"https:\/\/bibliotecasibe.ecosur.mx\/sibe\/wp-content\/uploads\/sites\/7\/2023\/03\/Como-localizar-citas-a-mis-publicaciones-en-Web-of-Science-Opcion-Documents.pdf\" target=\"_blank\" rel=\"noopener\" title=\"\"><sub>]<\/sub><\/a><br><br><a href=\"https:\/\/bibliotecasibe.ecosur.mx\/sibe\/wp-content\/uploads\/sites\/7\/2023\/03\/Como-localizar-citas-a-mis-publicaciones-en-Web-of-Science-Opcion-Researchers.pdf\" title=\"\">C\u00f3mo localizar citas a mis publicaciones en Web of Science Opci\u00f3n Researchers<\/a> <a href=\"https:\/\/bibliotecasibe.ecosur.mx\/sibe\/wp-content\/uploads\/sites\/7\/2025\/03\/como_localizar_citas_a_mis_publicaciones_en_Web_of_Science_Researchers.pdf\" target=\"_blank\" rel=\"noopener\" title=\"\"><sub>[PDF<\/sub><\/a><a href=\"https:\/\/bibliotecasibe.ecosur.mx\/sibe\/wp-content\/uploads\/sites\/7\/2023\/03\/Como-localizar-citas-a-mis-publicaciones-en-Web-of-Science-Opcion-Researchers.pdf\" target=\"_blank\" rel=\"noopener\" title=\"\"><sub>]<\/sub><\/a><br><br><a href=\"\/sibe\/wp-content\/uploads\/sites\/7\/2021\/08\/orcid-obtener-mi-identificador-y-llenar-mi-perfil-de-autor.pdf\" target=\"_blank\" rel=\"noreferrer noopener\">ORCID. Obtener mi Identificador y llenar mi perfil de Autor <sub>[PDF]<\/sub><\/a><br><br><a href=\"\/sibe\/wp-content\/uploads\/sites\/7\/2021\/08\/orcid-como-importar-publicaciones-desde-google-academico-al-perfil-del-autor.pdf\" target=\"_blank\" rel=\"noreferrer noopener\">ORCID. C\u00f3mo importar publicaciones desde Google Acad\u00e9mico al perfil del autor <sub>[PDF]<\/sub><\/a><br><br><a href=\"\/sibe\/wp-content\/uploads\/sites\/7\/2021\/08\/orcid-como-importar-publicaciones-desde-scopus-al-perfil-del-autor.pdf\" target=\"_blank\" rel=\"noreferrer noopener\">ORCID. C\u00f3mo importar publicaciones desde Scopus al perfil del autor <sub>[PDF]<\/sub><\/a><br><br><a href=\"https:\/\/bibliotecasibe.ecosur.mx\/sibe\/wp-content\/uploads\/sites\/7\/2022\/02\/scopus-unificacion-de-perfil-de-autor.pdf\" target=\"_blank\" rel=\"noreferrer noopener\">Scopus. Unificaci\u00f3n de perfil de autor<sub>[PDF]<\/sub><\/a><br><br><\/p><\/div><\/div>\n<\/div><\/div><\/div>\n\n\n\n<div id=\"75140a\" class=\"wp-block-gutentor-m6-item section-75140a gutentor-module gutentor-module-accordion-item\"><div class=\"gutentor-module-accordion-panel g-a-panel-cce0a7\"><div class=\"gm-ah-cce0a7 gutentor-module-accordion-item-heading gutentor-module-icon-position-right\"><span class=\"gutentor-module-accordion-panel-handler\" role=\"button\"><span class=\"gutentor-module-accordion-panel-handler-label\"><strong>Mi cuenta SIBE<\/strong><\/span><span class=\"gutentor-module-accordion-icon\"><i class=\"gm-aio-cce0a7 gutentor-module-accordion-icon-open fa fa-plus\"><\/i><i class=\"gm-aic-cce0a7 gutentor-module-accordion-icon-close fa fa-minus\"><\/i><\/span><\/span><\/div><div class=\"gm-ab-cce0a7 gutentor-module-accordion-body\">\n<div id=\"section-gee3f46\" class=\"wp-block-gutentor-e0 section-gee3f46 gutentor-element gutentor-element-advanced-text\"><div class=\"gutentor-text-wrap\"><p class=\"gutentor-text\"><br><a href=\"https:\/\/bibliotecasibe.ecosur.mx\/sibe\/wp-content\/uploads\/sites\/7\/2021\/06\/Guia_registro_de_usuarios.pdf\" target=\"_blank\" rel=\"noopener\" title=\"\">Registro de usuario <sub>[PDF]<\/sub><br><\/a><br><a href=\"https:\/\/bibliotecasibe.ecosur.mx\/sibe\/wp-content\/uploads\/sites\/7\/2021\/06\/Guia_renovacion_prestamos.pdf\" target=\"_blank\" rel=\"noopener\" title=\"\">Renovaci\u00f3n de pr\u00e9stamos en l\u00ednea <sub>[PDF]<\/sub><\/a><\/p><\/div><\/div>\n<\/div><\/div><\/div>\n<\/div><\/header>\n","protected":false},"excerpt":{"rendered":"","protected":false},"author":23,"featured_media":0,"parent":0,"menu_order":0,"comment_status":"closed","ping_status":"closed","template":"","meta":{"content-type":"","om_disable_all_campaigns":false,"_monsterinsights_skip_tracking":false,"_monsterinsights_sitenote_active":false,"_monsterinsights_sitenote_note":"","_monsterinsights_sitenote_category":0,"ep_exclude_from_search":false,"footnotes":""},"class_list":["post-1695","page","type-page","status-publish","hentry"],"aioseo_notices":[],"_links":{"self":[{"href":"https:\/\/bibliotecasibe.ecosur.mx\/sibe\/wp-json\/wp\/v2\/pages\/1695","targetHints":{"allow":["GET"]}}],"collection":[{"href":"https:\/\/bibliotecasibe.ecosur.mx\/sibe\/wp-json\/wp\/v2\/pages"}],"about":[{"href":"https:\/\/bibliotecasibe.ecosur.mx\/sibe\/wp-json\/wp\/v2\/types\/page"}],"author":[{"embeddable":true,"href":"https:\/\/bibliotecasibe.ecosur.mx\/sibe\/wp-json\/wp\/v2\/users\/23"}],"replies":[{"embeddable":true,"href":"https:\/\/bibliotecasibe.ecosur.mx\/sibe\/wp-json\/wp\/v2\/comments?post=1695"}],"version-history":[{"count":77,"href":"https:\/\/bibliotecasibe.ecosur.mx\/sibe\/wp-json\/wp\/v2\/pages\/1695\/revisions"}],"predecessor-version":[{"id":3728,"href":"https:\/\/bibliotecasibe.ecosur.mx\/sibe\/wp-json\/wp\/v2\/pages\/1695\/revisions\/3728"}],"wp:attachment":[{"href":"https:\/\/bibliotecasibe.ecosur.mx\/sibe\/wp-json\/wp\/v2\/media?parent=1695"}],"curies":[{"name":"wp","href":"https:\/\/api.w.org\/{rel}","templated":true}]}}