{"id":19,"date":"2021-06-08T18:07:24","date_gmt":"2021-06-08T18:07:24","guid":{"rendered":"http:\/\/localhost\/wordpress\/sibe\/?page_id=19"},"modified":"2026-03-26T15:08:10","modified_gmt":"2026-03-26T21:08:10","slug":"que-es-el-sibe","status":"publish","type":"page","link":"https:\/\/bibliotecasibe.ecosur.mx\/sibe\/conocenos\/que-es-el-sibe\/","title":{"rendered":"Qu\u00e9 es el SIBE"},"content":{"rendered":"<p>El Sistema de Informaci\u00f3n Bibliotecario de ECOSUR (SIBE), integrado por las bibliotecas de <a title=\"Campeche\" href=\"https:\/\/bibliotecasibe.ecosur.mx\/sibe\/conocenos\/bibliotecas\/campeche\/\">Campeche<\/a> (Campeche), <a title=\"Chetumal\" href=\"https:\/\/bibliotecasibe.ecosur.mx\/sibe\/conocenos\/bibliotecas\/chetumal\/\">Chetumal<\/a> (Quintana Roo), <a title=\"San Crist\u00f3bal de Las Casas\" href=\"https:\/\/bibliotecasibe.ecosur.mx\/sibe\/conocenos\/bibliotecas\/san-cristobal-de-las-casas\/\">San Crist\u00f3bal de Las Casas<\/a>, <a title=\"Tapachula\" href=\"https:\/\/bibliotecasibe.ecosur.mx\/sibe\/conocenos\/bibliotecas\/tapachula\/\">Tapachula<\/a> (Chiapas) y <a title=\"Villahermosa\" href=\"https:\/\/bibliotecasibe.ecosur.mx\/sibe\/conocenos\/bibliotecas\/villahermosa\/\">Villahermosa<\/a> (Tabasco), est\u00e1 orientado a\u00a0<strong>satisfacer las necesidades de informaci\u00f3n<\/strong>\u00a0del personal acad\u00e9mico, de estudiantes y de la comunidad en general de El Colegio de la Frontera Sur (ECOSUR), as\u00ed como de personas de otras instituciones afines.<\/p>\n<p>Su principal reto es\u00a0<strong>ofrecer servicios de calidad<\/strong>, atendiendo las directrices de ECOSUR en relaci\u00f3n con la generaci\u00f3n de conocimientos para beneficio de la sociedad, y la constante vigilancia y adaptaci\u00f3n a nuevas\u00a0<strong>tecnolog\u00edas de informaci\u00f3n y comunicaci\u00f3n<\/strong>\u00a0(TIC), a trav\u00e9s de las cuales se produce, genera y se accede a literatura cient\u00edfica en todos los campos disciplinarios.<\/p>\n<p>La\u00a0<strong>planeaci\u00f3n participativa, la gesti\u00f3n por procesos y la mejora continua<\/strong> han sido aspectos estrat\u00e9gicos para el logro de objetivos e innovaciones, as\u00ed como la permanente comunicaci\u00f3n e interacci\u00f3n con la comunidad acad\u00e9mica, para recoger sus requerimientos, percepciones y colaboraciones para la mejora de los servicios.<\/p>\n<p>Factor esencial de la funci\u00f3n del SIBE como centro de informaci\u00f3n para la ciencia es el personal bibliotecario comprometido con objetivos y misi\u00f3n del SIBE, as\u00ed como el modelo de trabajo en equipo que ha permitido atender diversos retos en la era digital.<\/p>\n<hr \/>\n<p align=\"justify\"><span style=\"color: #000000;\"><strong><span style=\"font-size: large;\"><b>Filosof\u00eda organizacional<\/b><\/span><\/strong><\/span><\/p>\n<p>MISI\u00d3N<\/p>\n<p style=\"padding-left: 40px;\">Desarrollar y sostener un sistema de recursos y servicios de informaci\u00f3n amplio, flexible e innovador, acorde con las l\u00edneas y programas de investigaci\u00f3n, de aprendizaje y vinculaci\u00f3n de ECOSUR, mediante estrategias de planeaci\u00f3n, colaboraci\u00f3n interinstitucional, gesti\u00f3n del conocimiento, promoci\u00f3n y aplicaci\u00f3n de tecnolog\u00edas de informaci\u00f3n y comunicaci\u00f3n.<\/p>\n<p>VISI\u00d3N<\/p>\n<p style=\"padding-left: 40px;\">Convertirse en un centro de recursos de informaci\u00f3n cient\u00edfica y tecnol\u00f3gica de excelencia, reconocido en el \u00e1mbito nacional e internacional por el desarrollo de servicios innovadores, mediante estrategias y sistemas tecnol\u00f3gicos que incidan en el descubrimiento, la preservaci\u00f3n, y generaci\u00f3n del conocimiento cient\u00edfico y la comunicaci\u00f3n de la ciencia al servicio de la sociedad.<\/p>\n<hr \/>\n<p align=\"justify\"><span style=\"color: #000000;\"><strong><span style=\"font-size: large;\"><b>Objetivos<\/b><\/span><\/strong><\/span><\/p>\n<ul>\n<li>Facilitar el acceso a la informaci\u00f3n cient\u00edfica de manera oportuna, precisa y pertinente a la comunidad de ECOSUR y a la sociedad, en el contexto de la sociedad del conocimiento.<\/li>\n<li>Gestionar colecciones especializadas atendiendo las necesidades de investigaci\u00f3n y aprendizaje, y los cambios tecnol\u00f3gicos y tendencias en la comunicaci\u00f3n de la ciencia.<\/li>\n<li>Visibilizar y compartir la producci\u00f3n acad\u00e9mica de ECOSUR a la sociedad para contribuir al desarrollo del conocimiento cient\u00edfico, la soluci\u00f3n de problemas y la toma de decisiones.<\/li>\n<li>Impulsar el desarrollo de capacidades y habilidades en el manejo de la informaci\u00f3n, dentro de los programas acad\u00e9micos de ECOSUR, coadyuvando a que la informaci\u00f3n constituya la base sustancial del quehacer cient\u00edfico con impacto en el desarrollo social y sustentable de la frontera sur de M\u00e9xico.<\/li>\n<li>Promover el trabajo colaborativo y las alianzas estrat\u00e9gicas para fortalecer y ampliar los recursos y mejorar los servicios de informaci\u00f3n; asimismo reforzar la visibilidad e identidad del SIBE.<\/li>\n<\/ul>\n<hr \/>\n<p align=\"justify\"><span style=\"color: #000000;\"><span style=\"font-size: medium;\"><strong>A<\/strong> <\/span><strong><span style=\"font-size: large;\"><b>qui\u00e9nes van dirigidos nuestros servicios<\/b><\/span><\/strong><\/span><\/p>\n<p>Comunidad interna de ECOSUR:<\/p>\n<ul>\n<li>Personal de investigaci\u00f3n<\/li>\n<li>Personal t\u00e9cnico acad\u00e9mico<\/li>\n<li>Estudiantes de los programas de posgrado.<\/li>\n<li>Personal administrativo y de servicios.<\/li>\n<li>Personas en estancia temporal en ECOSUR: tesistas de licenciatura o posgrado con beca de ECOSUR, personas que realizan estancias posdoctorales, investigadores visitantes, y personas contratadas por honorarios.<\/li>\n<\/ul>\n<p>Comunidad externa a ECOSUR<\/p>\n<ul>\n<li>Personal de investigaci\u00f3n, docente y profesional<\/li>\n<li>Integrantes de organismos gubernamentales y no gubernamentales.<\/li>\n<li>Estudiantes de licenciatura, maestr\u00eda, doctorado o diplomados de educaci\u00f3n superior<\/li>\n<li>Productores y productoras agr\u00edcolas<\/li>\n<li>Personal del sector empresarial<\/li>\n<li>Quienes por sus estudios o actividades tengan car\u00e1cter similar a los mencionados anteriormente.<\/li>\n<\/ul>\n<p align=\"justify\"><span style=\"font-size: medium; color: #000000;\">Las condiciones de uso de los servicios bibliotecarios para personas externas est\u00e1 descrito en el Reglamento <a href=\"https:\/\/bibliotecasibe.ecosur.mx\/sibe\/wp-content\/uploads\/sites\/7\/2022\/07\/Reglamento_de_servicios_del_SIBE.pdf\" target=\"_blank\" rel=\"noopener\">(v\u00e9ase aqu\u00ed)<\/a>, y se ofrecen de acuerdo con la capacidad de espacios y recursos de cada biblioteca SIBE.<\/span><\/p>\n<hr \/>\n<p align=\"justify\"><span style=\"color: #000000;\"><strong><span style=\"font-size: large;\"><b>Servicios Bibliotecarios<\/b><\/span><\/strong><\/span><\/p>\n<p>Se agrupan en seis grandes componentes:<\/p>\n<ol>\n<li><em>Acceso a la informaci\u00f3n<\/em><\/li>\n<li><em>Formaci\u00f3n para el manejo de la informaci\u00f3n<\/em><\/li>\n<li><em>Servicios de apoyo a la investigaci\u00f3n<\/em><\/li>\n<li><em>Novedades y promoci\u00f3n de la informaci\u00f3n<\/em><\/li>\n<li><em>Espacios de lectura y trabajo en equipo<\/em><\/li>\n<li><em>Adquisiciones bibliogr\u00e1ficas<\/em><\/li>\n<\/ol>\n<p><span style=\"color: #000000;\"><span style=\"font-size: medium;\">Estos servicios se rigen por el <\/span><a href=\"https:\/\/bibliotecasibe.ecosur.mx\/sibe\/wp-content\/uploads\/sites\/7\/2022\/07\/Reglamento_de_servicios_del_SIBE.pdf\" target=\"_blank\" rel=\"noopener\"><span style=\"font-size: medium;\">Reglamento de Servicios SIBE<\/span><\/a><span style=\"font-size: medium;\">.<\/span><\/span><\/p>\n\n\n<p><\/p>\n","protected":false},"excerpt":{"rendered":"<p>El Sistema de Informaci\u00f3n Bibliotecario de ECOSUR (SIBE), integrado por las bibliotecas de Campeche (Campeche), Chetumal (Quintana Roo), San Crist\u00f3bal de Las Casas, Tapachula (Chiapas) y Villahermosa (Tabasco), est\u00e1 orientado a\u00a0satisfacer las necesidades de informaci\u00f3n\u00a0del personal acad\u00e9mico, de estudiantes y de la comunidad en general de El Colegio de la Frontera Sur (ECOSUR), as\u00ed como [&hellip;]<\/p>\n","protected":false},"author":1,"featured_media":0,"parent":17,"menu_order":0,"comment_status":"closed","ping_status":"closed","template":"","meta":{"content-type":"","om_disable_all_campaigns":false,"_monsterinsights_skip_tracking":false,"_monsterinsights_sitenote_active":false,"_monsterinsights_sitenote_note":"","_monsterinsights_sitenote_category":0,"ep_exclude_from_search":false,"footnotes":""},"class_list":["post-19","page","type-page","status-publish","hentry"],"aioseo_notices":[],"_links":{"self":[{"href":"https:\/\/bibliotecasibe.ecosur.mx\/sibe\/wp-json\/wp\/v2\/pages\/19","targetHints":{"allow":["GET"]}}],"collection":[{"href":"https:\/\/bibliotecasibe.ecosur.mx\/sibe\/wp-json\/wp\/v2\/pages"}],"about":[{"href":"https:\/\/bibliotecasibe.ecosur.mx\/sibe\/wp-json\/wp\/v2\/types\/page"}],"author":[{"embeddable":true,"href":"https:\/\/bibliotecasibe.ecosur.mx\/sibe\/wp-json\/wp\/v2\/users\/1"}],"replies":[{"embeddable":true,"href":"https:\/\/bibliotecasibe.ecosur.mx\/sibe\/wp-json\/wp\/v2\/comments?post=19"}],"version-history":[{"count":33,"href":"https:\/\/bibliotecasibe.ecosur.mx\/sibe\/wp-json\/wp\/v2\/pages\/19\/revisions"}],"predecessor-version":[{"id":3976,"href":"https:\/\/bibliotecasibe.ecosur.mx\/sibe\/wp-json\/wp\/v2\/pages\/19\/revisions\/3976"}],"up":[{"embeddable":true,"href":"https:\/\/bibliotecasibe.ecosur.mx\/sibe\/wp-json\/wp\/v2\/pages\/17"}],"wp:attachment":[{"href":"https:\/\/bibliotecasibe.ecosur.mx\/sibe\/wp-json\/wp\/v2\/media?parent=19"}],"curies":[{"name":"wp","href":"https:\/\/api.w.org\/{rel}","templated":true}]}}