{"id":2058,"date":"2021-09-06T16:48:43","date_gmt":"2021-09-06T16:48:43","guid":{"rendered":"https:\/\/bibliotecasibe.ecosur.mx\/sibe\/?page_id=2058"},"modified":"2026-03-26T09:23:55","modified_gmt":"2026-03-26T15:23:55","slug":"tesauros-y-otros-recursos-de-informacion","status":"publish","type":"page","link":"https:\/\/bibliotecasibe.ecosur.mx\/sibe\/tesauros-y-otros-recursos-de-informacion\/","title":{"rendered":"Tesauros y otros recursos de informaci\u00f3n"},"content":{"rendered":"<p><b><span data-contrast=\"auto\">Tesauros<\/span><\/b><span data-ccp-props=\"{&quot;201341983&quot;:0,&quot;335559739&quot;:160,&quot;335559740&quot;:259}\">\u00a0<\/span><\/p>\n<p><span data-ccp-props=\"{&quot;201341983&quot;:0,&quot;335559739&quot;:160,&quot;335559740&quot;:259}\">\u00a0<\/span><a href=\"https:\/\/agrovoc.fao.org\/browse\/agrovoc\/es\/\" target=\"_blank\" rel=\"noopener\"><span data-contrast=\"none\">AGROVOC Multilingual Thesaurus<\/span><\/a><span data-ccp-props=\"{&quot;201341983&quot;:0,&quot;335559685&quot;:708,&quot;335559739&quot;:160,&quot;335559740&quot;:259}\">\u00a0<\/span><\/p>\n<p style=\"padding-left: 40px;\"><span data-contrast=\"auto\">Cubre todas las \u00e1reas de inter\u00e9s de la Organizaci\u00f3n para la Agricultura y la Alimentaci\u00f3n (FAO) de las Naciones Unidas: alimentos, nutrici\u00f3n, agricultura, pesca, silvicultura, medio ambiente. Integra m\u00e1s de 39,200\u202fconceptos y\u202f870,000\u202ft\u00e9rminos, en\u202f40\u202fidiomas.<\/span><span data-ccp-props=\"{&quot;201341983&quot;:0,&quot;335559685&quot;:708,&quot;335559739&quot;:160,&quot;335559740&quot;:259}\">\u00a0<\/span><\/p>\n<p><a href=\"https:\/\/autoridades.dgb.unam.mx:8443\/F?func=find-b-0&amp;local_base=MX011\" target=\"_blank\" rel=\"noopener\"><span data-contrast=\"none\">Autoridades LIBRUNAM<\/span><\/a><span data-ccp-props=\"{&quot;201341983&quot;:0,&quot;335559685&quot;:708,&quot;335559739&quot;:160,&quot;335559740&quot;:259}\">\u00a0<\/span><\/p>\n<p style=\"padding-left: 40px;\"><span data-contrast=\"auto\">Contiene autores, entidades, familias y temas de todas las obras que se encuentran registradas en el cat\u00e1logo de libros LIBRUNAM. La funci\u00f3n principal del cat\u00e1logo es proporcionar el nombre del autor(es) o tema(s) normalizados, de tal forma que puedan ser recuperados sin importar la forma en que se haya realizado la b\u00fasqueda.<\/span><span data-ccp-props=\"{&quot;201341983&quot;:0,&quot;335559685&quot;:708,&quot;335559739&quot;:160,&quot;335559740&quot;:259}\">\u00a0<\/span><\/p>\n<p><a href=\"https:\/\/colmex-primo.hosted.exlibrisgroup.com\/primo-explore\/search?vid=52COLMEX_ECM12&amp;lang=es_ES\" target=\"_blank\" rel=\"noopener\">Autoridades COLMEX<\/a><\/p>\n<p style=\"padding-left: 40px;\">Es un cat\u00e1logo con registros de autoridades tem\u00e1ticas en ciencias sociales y humanidades, particularmente demograf\u00eda, estudios de g\u00e9nero, impacto social de la ciencia y la tecnolog\u00eda, desarrollo urbano y otros. Incluye registros geogr\u00e1ficos de los cuales destacan los pertenecientes a las relaciones entre M\u00e9xico y Estados Unidos. Adem\u00e1s de aproximadamente 450 registros de autores adscritos al COLMEX.<\/p>\n<p><a href=\"https:\/\/www.cabi.org\/cabthesaurus\/\" target=\"_blank\" rel=\"noopener\"><span data-contrast=\"none\">CAB Thesaurus<\/span><\/a><span data-ccp-props=\"{&quot;201341983&quot;:0,&quot;335559685&quot;:708,&quot;335559739&quot;:160,&quot;335559740&quot;:259}\">\u00a0<\/span><\/p>\n<p style=\"padding-left: 40px;\"><span data-contrast=\"auto\">Vocabulario controlado multidisciplinario en ingl\u00e9s (con equivalentes en holand\u00e9s, alem\u00e1n, portugu\u00e9s y espa\u00f1ol). Cubre ciencias f\u00edsicas, de la tierra, de la vida, ciencia y tecnolog\u00eda aplicada, ciencias sociales y humanidades.\u00a0<\/span><span data-ccp-props=\"{&quot;201341983&quot;:0,&quot;335559685&quot;:708,&quot;335559739&quot;:160,&quot;335559740&quot;:259}\">\u00a0<\/span><\/p>\n<p><a href=\"https:\/\/csic-primo.hosted.exlibrisgroup.com\/primo-explore\/search?vid=34CSIC_AU&amp;lang=es_ES\" target=\"_blank\" rel=\"noopener\"><span data-contrast=\"none\">Cat\u00e1logo de Autoridades de la Red de Bibliotecas y Archivos del CSIC<\/span><\/a><span data-ccp-props=\"{&quot;201341983&quot;:0,&quot;335559685&quot;:708,&quot;335559739&quot;:160,&quot;335559740&quot;:259}\">\u00a0<\/span><\/p>\n<p style=\"padding-left: 40px;\"><span data-contrast=\"auto\">Contiene m\u00e1s de 75.000 registros de autoridad de nombres de autores personales, entidades, congresos, t\u00edtulos uniformes, materias, lugares geogr\u00e1ficos y t\u00e9rminos de forma. Una herramienta fundamental para mejorar los resultados de las b\u00fasquedas de los usuarios.<\/span><span data-ccp-props=\"{&quot;201341983&quot;:0,&quot;335559685&quot;:708,&quot;335559739&quot;:160,&quot;335559740&quot;:259}\">\u00a0<\/span><\/p>\n<p><a href=\"https:\/\/pesquisa.bvsalud.org\/portal\/decs-locator\/?lang=es\" target=\"_blank\" rel=\"noopener\"><span data-contrast=\"none\">Descriptores en Ciencias de la Salud DeCS<\/span><\/a><span data-ccp-props=\"{&quot;201341983&quot;:0,&quot;335559685&quot;:708,&quot;335559739&quot;:160,&quot;335559740&quot;:259}\">\u00a0<\/span><\/p>\n<p style=\"padding-left: 40px;\"><span data-contrast=\"auto\">Vocabulario estructurado\u202fy multiling\u00fce creado por el Centro Latinoamericano y del Caribe de Informaci\u00f3n en Ciencias de la Salud (<\/span><a href=\"https:\/\/www.paho.org\/bireme\/index.php?lang=es\"><span data-contrast=\"none\">BIREME<\/span><\/a><span data-contrast=\"auto\">) para ser usado en la b\u00fasqueda y recuperaci\u00f3n de asuntos de la literatura cient\u00edfica en la Biblioteca Virtual en Salud (<\/span><a href=\"http:\/\/bvsalud.org\/es\/\"><span data-contrast=\"none\">BVS<\/span><\/a><span data-contrast=\"auto\">),\u202f<\/span><a href=\"https:\/\/bit.ly\/2qnKYHN\"><span data-contrast=\"none\">LILACS<\/span><\/a><span data-contrast=\"auto\">,\u202f<\/span><a href=\"https:\/\/bit.ly\/2JxKyaq\"><span data-contrast=\"none\">MEDLINE<\/span><\/a><span data-contrast=\"auto\">\u202fy otras. Integra alrededor de 34.294 descriptores en: Ciencia y Salud, Homeopat\u00eda, Salud P\u00fablica y Vigilancia Sanitaria.\u00a0<\/span><span data-ccp-props=\"{&quot;201341983&quot;:0,&quot;335559685&quot;:708,&quot;335559739&quot;:160,&quot;335559740&quot;:259}\">\u00a0<\/span><\/p>\n<p><a href=\"http:\/\/bibliotecavirtual.clacso.org.ar\/ar\/oecd-macroth\/es\/index.htm\" target=\"_blank\" rel=\"noopener\"><span data-contrast=\"none\">OECD Macrothesaurus Chapter Headings<\/span><\/a><span data-ccp-props=\"{&quot;201341983&quot;:0,&quot;335559685&quot;:708,&quot;335559739&quot;:160,&quot;335559740&quot;:259}\">\u00a0<\/span><\/p>\n<p style=\"padding-left: 40px;\"><span data-contrast=\"auto\">Es\u202ftesauro\u202fen ciencias sociales, en espec\u00edfico de vocabulario relativo a desarrollo econ\u00f3mico y social de la Organisation for Economic Co-operation and Development.<\/span><span data-ccp-props=\"{&quot;201341983&quot;:0,&quot;335559685&quot;:708,&quot;335559739&quot;:160,&quot;335559740&quot;:259}\">\u00a0<\/span><\/p>\n<p><a href=\"https:\/\/wwwex.ilo.org\/dyn\/oshthes2_es\/f?p=14660:1\" target=\"_blank\" rel=\"noopener\"><span data-contrast=\"none\">Tesauro de la OIT<\/span><\/a><span data-ccp-props=\"{&quot;201341983&quot;:0,&quot;335559685&quot;:708,&quot;335559739&quot;:160,&quot;335559740&quot;:259}\">\u00a0<\/span><\/p>\n<p style=\"padding-left: 40px;\"><span data-contrast=\"auto\">Una herramienta de 4.000 t\u00e9rminos sobre temas sociales y laborales, en ingl\u00e9s, franc\u00e9s y espa\u00f1ol; es utilizado en todo el mundo por ministerios de trabajo y otras \u00e1reas de gobierno, organizaciones de trabajadores y de empleadores.<\/span><span data-ccp-props=\"{&quot;201341983&quot;:0,&quot;335559685&quot;:708,&quot;335559739&quot;:160,&quot;335559740&quot;:259}\">\u00a0<\/span><\/p>\n<p><a href=\"http:\/\/databases.unesco.org\/thessp\/\" target=\"_blank\" rel=\"noopener\"><span data-contrast=\"none\">Tesauro de la UNESCO<\/span><\/a><span data-ccp-props=\"{&quot;201341983&quot;:0,&quot;335559685&quot;:708,&quot;335559739&quot;:160,&quot;335559740&quot;:259}\">\u00a0<\/span><\/p>\n<p style=\"padding-left: 40px;\"><span data-contrast=\"auto\">Lista controlada y estructurada de t\u00e9rminos para el an\u00e1lisis tem\u00e1tico y la b\u00fasqueda de documentos y publicaciones en los campos de educaci\u00f3n, cultura, ciencias naturales, ciencias sociales y humanas, comunicaci\u00f3n e informaci\u00f3n. Con t\u00e9rminos en ingl\u00e9s, ruso, franc\u00e9s y espa\u00f1ol.<\/span><span data-ccp-props=\"{&quot;201341983&quot;:0,&quot;335559685&quot;:708,&quot;335559739&quot;:160,&quot;335559740&quot;:259}\">\u00a0<\/span><\/p>\n<p><a href=\"https:\/\/biblioteca.ecosur.mx\/cgi-bin\/koha\/opac-authorities-home.pl\" target=\"_blank\" rel=\"noopener\"><span data-contrast=\"none\">Tesauro SIBE<\/span><\/a><span data-ccp-props=\"{&quot;201341983&quot;:0,&quot;335559685&quot;:708,&quot;335559739&quot;:160,&quot;335559740&quot;:259}\">\u00a0<\/span><\/p>\n<p style=\"padding-left: 40px;\"><span data-contrast=\"auto\">Lista validada de palabras clave que describen tem\u00e1tica de documentos localizados en el cat\u00e1logo. Facilita la b\u00fasqueda y localizaci\u00f3n de literatura espec\u00edfica de un tema.<\/span><span data-ccp-props=\"{&quot;201341983&quot;:0,&quot;335559685&quot;:708,&quot;335559739&quot;:160,&quot;335559740&quot;:259}\">\u00a0<\/span><\/p>\n<p><a href=\"https:\/\/agclass.nal.usda.gov\/es\/vocabularies\/nalt\" target=\"_blank\" rel=\"noopener\"><span data-contrast=\"none\">Tesauro y Glosario de la National Agricultural Library, USDA<\/span><\/a><span data-ccp-props=\"{&quot;201341983&quot;:0,&quot;335559685&quot;:708,&quot;335559739&quot;:160,&quot;335559740&quot;:259}\">\u00a0<\/span><\/p>\n<p style=\"padding-left: 40px;\"><span data-contrast=\"auto\">Es una herramienta de vocabulario especializado (tesauro) para la agricultura, en ingl\u00e9s y espa\u00f1ol.<\/span><span data-ccp-props=\"{&quot;201341983&quot;:0,&quot;335559685&quot;:708,&quot;335559739&quot;:160,&quot;335559740&quot;:259}\">\u00a0<\/span><\/p>\n<p style=\"padding-left: 40px;\"><span data-ccp-props=\"{&quot;201341983&quot;:0,&quot;335559739&quot;:160,&quot;335559740&quot;:259}\">\u00a0<\/span><\/p>\n<p><b><span data-contrast=\"auto\">Otros recursos de informaci\u00f3n<\/span><\/b><span data-ccp-props=\"{&quot;201341983&quot;:0,&quot;335559739&quot;:160,&quot;335559740&quot;:259}\">\u00a0<\/span><\/p>\n<p><a href=\"http:\/\/www.medicinatradicionalmexicana.unam.mx\/index.php\" target=\"_blank\" rel=\"noopener\"><span data-contrast=\"none\">Biblioteca Digital de la Medicina Tradicional Mexicana<\/span><\/a><span data-ccp-props=\"{&quot;201341983&quot;:0,&quot;335559685&quot;:708,&quot;335559739&quot;:160,&quot;335559740&quot;:259}\">\u00a0<\/span><\/p>\n<p style=\"padding-left: 40px;\"><span data-contrast=\"auto\">Recurso de informaci\u00f3n de la UNAM acerca de medicina tradicional y plantas medicinales. Incluye la informaci\u00f3n de cuatro obras: Diccionario enciclop\u00e9dico de la medicina tradicional mexicana, La medicina tradicional de los pueblos ind\u00edgenas de M\u00e9xico, Atlas de las plantas de la medicina tradicional mexicana y Flora medicinal ind\u00edgena de M\u00e9xico. Se puede realizar b\u00fasquedas por obra, por temas, por pueblo ind\u00edgena.<\/span><span data-ccp-props=\"{&quot;201341983&quot;:0,&quot;335559685&quot;:708,&quot;335559739&quot;:160,&quot;335559740&quot;:259}\">\u00a0<\/span><\/p>\n<p><a href=\"https:\/\/www.wdl.org\/es\/\" target=\"_blank\" rel=\"noopener\"><span data-contrast=\"none\">Biblioteca Digital Mundial<\/span><\/a><span data-ccp-props=\"{&quot;201341983&quot;:0,&quot;335559685&quot;:708,&quot;335559739&quot;:160,&quot;335559740&quot;:259}\">\u00a0<\/span><\/p>\n<p style=\"padding-left: 40px;\"><span data-contrast=\"auto\">Selecci\u00f3n de contenidos de relevancia cultural e hist\u00f3rica de los pa\u00edses miembro de la UNESCO, en varios formatos e idiomas: manuscritos, mapas, libros poco comunes, partituras musicales, grabaciones, pel\u00edculas, grabados, fotograf\u00edas, y otras fuentes primarias, disponibles en acceso abierto. Una iniciativa propuesta por bibliotecarios de Estados Unidos, sostenido por la UNESCO, la Biblioteca del Congreso de Estados Unidos y socios de todo el mundo.<\/span><span data-ccp-props=\"{&quot;201341983&quot;:0,&quot;335559685&quot;:708,&quot;335559739&quot;:160,&quot;335559740&quot;:259}\">\u00a0<\/span><\/p>\n<p><a href=\"https:\/\/www.unamenlinea.unam.mx\/recurso\/82118-biblioteca-virtual-de-biotecnologia-para-las-americas\" target=\"_blank\" rel=\"noopener\">Biblioteca Virtual de Biotecnolog\u00eda para las Am\u00e9ricas<\/a><\/p>\n<p style=\"padding-left: 40px;\">P\u00e1gina principal de la biblioteca que ofrece al usuario art\u00edculos gratuitos en formato electr\u00f3nico escaneados de la extensa colecci\u00f3n de la Biblioteca Marcel Roche<\/p>\n<p><a href=\"https:\/\/bvsalud.org\/\" target=\"_blank\" rel=\"noopener\"><span data-contrast=\"none\">Biblioteca Virtual de Salud<\/span><\/a><span data-ccp-props=\"{&quot;201341983&quot;:0,&quot;335559685&quot;:708,&quot;335559739&quot;:160,&quot;335559740&quot;:259}\">\u00a0<\/span><\/p>\n<p style=\"padding-left: 40px;\"><span data-contrast=\"auto\">Es una colecci\u00f3n de fuentes de informaci\u00f3n con acceso abierto al conocimiento cient\u00edfico en salud, sostenido por BIREME (Biblioteca Regional de Medicina), centro especializado de la OPS\/OMS, localizado en Brasil.<\/span><span data-ccp-props=\"{&quot;201341983&quot;:0,&quot;335559685&quot;:708,&quot;335559739&quot;:160,&quot;335559740&quot;:259}\">\u00a0<\/span><\/p>\n<p><a href=\"https:\/\/www.biodiversitylibrary.org\/\" target=\"_blank\" rel=\"noopener\"><span data-contrast=\"none\">Biodiversity Heritage Library<\/span><\/a><span data-ccp-props=\"{&quot;201341983&quot;:0,&quot;335559685&quot;:708,&quot;335559739&quot;:160,&quot;335559740&quot;:259}\">\u00a0<\/span><\/p>\n<p style=\"padding-left: 40px;\"><span data-contrast=\"auto\">Consorcio de bibliotecas especializadas en bot\u00e1nica e historia natural, para ofrecer al mundo, en acceso abierto, el legado de literatura como bien com\u00fan de la biodiversidad. Contiene m\u00e1s de 40 colecciones y millones de p\u00e1ginas digitalizadas acerca de literatura taxon\u00f3mica.<\/span><span data-ccp-props=\"{&quot;201341983&quot;:0,&quot;335559685&quot;:708,&quot;335559739&quot;:160,&quot;335559740&quot;:259}\">\u00a0<\/span><\/p>\n<p><a href=\"https:\/\/biblioteca-repositorio.clacso.edu.ar\/\" target=\"_blank\" rel=\"noopener\"><span data-contrast=\"none\">CLACSO Red de bibliotecas virtuales de ciencias sociales de Am\u00e9rica Latina y el Caribe<\/span><\/a><span data-ccp-props=\"{&quot;201341983&quot;:0,&quot;335559685&quot;:708,&quot;335559739&quot;:160,&quot;335559740&quot;:259}\">\u00a0<\/span><\/p>\n<p style=\"padding-left: 40px;\"><span data-contrast=\"auto\">Servicio de acceso libre y gratuito textos digitales completos de art\u00edculos, documentos de trabajo, libros, ponencias y tesis publicados por centros asociados y programas de CLACSO, as\u00ed como a revistas (CLACSO-Redalyc), producciones audiovisuales, radios en l\u00ednea, archivos de audio y colecciones fotogr\u00e1ficas realizadas por centros asociados de CLACSO.<\/span><span data-ccp-props=\"{&quot;201341983&quot;:0,&quot;335559685&quot;:708,&quot;335559739&quot;:160,&quot;335559740&quot;:259}\">\u00a0<\/span><\/p>\n<p><a href=\"http:\/\/www.inegi.org.mx\/\" target=\"_blank\" rel=\"noopener\"><span data-contrast=\"none\">INEGI<\/span><\/a><span data-ccp-props=\"{&quot;201341983&quot;:0,&quot;335559685&quot;:708,&quot;335559739&quot;:160,&quot;335559740&quot;:259}\">\u00a0<\/span><\/p>\n<p style=\"padding-left: 40px;\"><span data-contrast=\"auto\">Plataforma del Instituto Nacional de Estad\u00edstica y Geograf\u00eda (M\u00e9xico) a trav\u00e9s de la cual ofrece informaci\u00f3n estad\u00edstica y cartograf\u00eda en temas de ciencia y tecnolog\u00eda, econom\u00eda, medio ambiente, ocupaci\u00f3n y empleo, poblaci\u00f3n, hogares, vivienda, sociedad y gobierno.<\/span><span data-ccp-props=\"{&quot;201341983&quot;:0,&quot;335559685&quot;:708,&quot;335559739&quot;:160,&quot;335559740&quot;:259}\">\u00a0<\/span><\/p>\n<p><a href=\"https:\/\/www.ecosur.mx\/laboratorio-de-observacion-de-la-tierra\/\" target=\"_blank\" rel=\"noopener\"><span data-contrast=\"none\">Laboratorio de Observaci\u00f3n de la Tierra<\/span><\/a><span data-ccp-props=\"{&quot;201341983&quot;:0,&quot;335559685&quot;:708,&quot;335559739&quot;:160,&quot;335559740&quot;:259}\">\u00a0<\/span><\/p>\n<p style=\"padding-left: 40px;\"><span data-contrast=\"auto\">Plataforma del Laboratorio de An\u00e1lisis de Informaci\u00f3n Geogr\u00e1fica y Estad\u00edstica (LAIGE) del ECOSUR para visualizar y consultar informaci\u00f3n geogr\u00e1fica sobre diferentes aspectos del medio ambiente, con las siguientes aplicaciones: Monitoreo de bosques y la deforestaci\u00f3n en Chiapas; Manglares de la Costa de Chiapas; Los bosques de Marqu\u00e9s de Comillas; Cobertura del suelo en el Sureste de M\u00e9xico.<\/span><span data-ccp-props=\"{&quot;201341983&quot;:0,&quot;335559685&quot;:708,&quot;335559739&quot;:160,&quot;335559740&quot;:259}\">\u00a0<\/span><\/p>\n<p><a href=\"https:\/\/v2.sherpa.ac.uk\/opendoar\/\" target=\"_blank\" rel=\"noopener\">OpenDOAR<\/a><\/p>\n<p style=\"padding-left: 40px;\">Directorio global de repositorios de acceso abierto de calidad garantizada. Puede buscar y navegar a trav\u00e9s de miles de repositorios registrados en funci\u00f3n de una variedad de caracter\u00edsticas, como la ubicaci\u00f3n, el software o el tipo de material almacenado.<\/p>\n<p><a href=\"https:\/\/www.sidalc.net\/\" target=\"_blank\" rel=\"noopener\">SIDALC<\/a><\/p>\n<p style=\"padding-left: 40px;\"><span data-contrast=\"auto\">Es una alianza internacional de servicios informaci\u00f3n agr\u00edcola, pecuaria, forestal y ambiental, mediante el cual un importante grupo de instituciones de 22 pa\u00edses americanos comparten en red, su informaci\u00f3n y sus\u00a0 \u00a0 \u00a0 \u00a0servicios. Creado en 1999, hoy constituye una de las ventanas del conocimiento explicito m\u00e1s importantes de Am\u00e9rica Latina y el Caribe.<\/span><span data-ccp-props=\"{&quot;201341983&quot;:0,&quot;335559685&quot;:708,&quot;335559739&quot;:160,&quot;335559740&quot;:259}\">\u00a0<\/span><\/p>\n","protected":false},"excerpt":{"rendered":"<p>Tesauros\u00a0 \u00a0AGROVOC Multilingual Thesaurus\u00a0 Cubre todas las \u00e1reas de inter\u00e9s de la Organizaci\u00f3n para la Agricultura y la Alimentaci\u00f3n (FAO) de las Naciones Unidas: alimentos, nutrici\u00f3n, agricultura, pesca, silvicultura, medio ambiente. Integra m\u00e1s de 39,200\u202fconceptos y\u202f870,000\u202ft\u00e9rminos, en\u202f40\u202fidiomas.\u00a0 Autoridades LIBRUNAM\u00a0 Contiene autores, entidades, familias y temas de todas las obras que se encuentran registradas en el [&hellip;]<\/p>\n","protected":false},"author":23,"featured_media":0,"parent":0,"menu_order":0,"comment_status":"closed","ping_status":"closed","template":"","meta":{"content-type":"","om_disable_all_campaigns":false,"_monsterinsights_skip_tracking":false,"_monsterinsights_sitenote_active":false,"_monsterinsights_sitenote_note":"","_monsterinsights_sitenote_category":0,"ep_exclude_from_search":false,"footnotes":""},"class_list":["post-2058","page","type-page","status-publish","hentry"],"aioseo_notices":[],"_links":{"self":[{"href":"https:\/\/bibliotecasibe.ecosur.mx\/sibe\/wp-json\/wp\/v2\/pages\/2058","targetHints":{"allow":["GET"]}}],"collection":[{"href":"https:\/\/bibliotecasibe.ecosur.mx\/sibe\/wp-json\/wp\/v2\/pages"}],"about":[{"href":"https:\/\/bibliotecasibe.ecosur.mx\/sibe\/wp-json\/wp\/v2\/types\/page"}],"author":[{"embeddable":true,"href":"https:\/\/bibliotecasibe.ecosur.mx\/sibe\/wp-json\/wp\/v2\/users\/23"}],"replies":[{"embeddable":true,"href":"https:\/\/bibliotecasibe.ecosur.mx\/sibe\/wp-json\/wp\/v2\/comments?post=2058"}],"version-history":[{"count":17,"href":"https:\/\/bibliotecasibe.ecosur.mx\/sibe\/wp-json\/wp\/v2\/pages\/2058\/revisions"}],"predecessor-version":[{"id":3968,"href":"https:\/\/bibliotecasibe.ecosur.mx\/sibe\/wp-json\/wp\/v2\/pages\/2058\/revisions\/3968"}],"wp:attachment":[{"href":"https:\/\/bibliotecasibe.ecosur.mx\/sibe\/wp-json\/wp\/v2\/media?parent=2058"}],"curies":[{"name":"wp","href":"https:\/\/api.w.org\/{rel}","templated":true}]}}