{"id":28,"date":"2021-06-08T18:12:25","date_gmt":"2021-06-08T18:12:25","guid":{"rendered":"http:\/\/localhost\/wordpress\/sibe\/?page_id=28"},"modified":"2021-06-15T18:21:46","modified_gmt":"2021-06-15T18:21:46","slug":"reconocimientos","status":"publish","type":"page","link":"https:\/\/bibliotecasibe.ecosur.mx\/sibe\/conocenos\/reconocimientos\/","title":{"rendered":"Reconocimientos"},"content":{"rendered":"\n<section id=\"section-628eec9c-37be-4d9c-af38-d63367591ef1\" class=\"wp-block-gutentor-about-block gutentor-section gutentor-about about-template2\"><div class=\"grid-container\"><div class=\"gutentor-grid-item-wrap\"><div class=\"gutentor-single-item\"><div class=\"grid-row\"><div class=\"grid-md-6 about-grid\"><div class=\"gutentor-single-item-image-box\"><div class=\"gutentor-image-thumb\"><img decoding=\"async\" class=\"normal-image\" src=\"https:\/\/bibliotecasibe.ecosur.mx\/sibe\/wp-content\/uploads\/sites\/7\/2021\/06\/desarrollo2012.jpg\" alt=\"\" \/><\/div><\/div><\/div><div class=\"grid-md-6 about-grid\"><div class=\"gutentor-single-item-content\"><div class=\"gutentor-about-content\"><h3 class=\"gutentor-single-item-title\"><strong>Premio Anual al Desarrollo Institucional de ECOSUR 2012<\/strong><\/h3><p class=\"gutentor-single-item-desc\"><span class=\"has-inline-color has-black-color\"><strong>DISCURSO OFICIAL DE CEREMONIA DE ENTREGA<br>*Lorena Ruiz Montoya (Mayo 2013)<\/strong><br><br>Muchas gracias, les comento que tuvimos varias propuestas y fue dif\u00edcil hacer la elecci\u00f3n.<br>Es importante hacer notar que el Premio al Desarrollo Institucional se otorga a quien o quienes hayan hecho una labor m\u00e1s all\u00e1 de lo esperado de acuerdo a su posici\u00f3n y funci\u00f3n en nuestra instituci\u00f3n&#8230;<\/span><\/p><a class=\"gutentor-button gutentor-single-item-button gutentor-icon-hide\" href=\"http:\/\/bibliotecasibe.ecosur.mx\/sibe\/conocenos\/reconocimientos\/2012-2\/\"><i class=\"gutentor-button-icon fa fa-book\"><\/i><span>Leer mas<\/span><\/a><\/div><\/div><\/div><\/div><\/div><\/div><\/div><\/section>\n\n\n\n<section id=\"section-2d5d2e7b-d6df-48d9-8dc6-86fb76d0898b\" class=\"wp-block-gutentor-about-block gutentor-section gutentor-about about-template5\"><div class=\"grid-container\"><div class=\"gutentor-grid-item-wrap\"><div class=\"gutentor-single-item\"><div class=\"grid-row\"><div class=\"grid-md-6 about-grid\"><div class=\"gutentor-single-item-content\"><div class=\"gutentor-about-content\"><h3 class=\"gutentor-single-item-title\"><strong>Premio Anual al Desarrollo Institucional de ECOSUR 2001<\/strong><\/h3><p class=\"gutentor-single-item-desc\"><span class=\"has-inline-color has-black-color\"><strong>DISCURSO OFICIAL DE CEREMONIA DE ENTREGA<br>*Dra. Esperanza Tu\u00f1\u00f3n Pablos (Abril 2001)<\/strong><br><br>A nombre de la Comisi\u00f3n Evaluadora de las candidaturas al Premio Anual al Desarrollo Institucional de ECOSUR 2001, tengo el agrado de informarles que se recibieron ocho nominaciones para este Premio, que las y los ocho colegas propuestos cuentan con m\u00e9ritos sobresalientes, que entre las y los ocho hubo compa\u00f1eros adscritos a las cinco Unidades de ECOSUR y que invitamos a toda la comunidad de ECOSUR a que consideren volver a someter el pr\u00f3ximo a\u00f1o y los consecuentes los nombres y los perfiles de los siete colegas que en esta ocasi\u00f3n no fueron seleccionados&#8230;<\/span><\/p><a class=\"gutentor-button gutentor-single-item-button gutentor-icon-hide\" href=\"http:\/\/bibliotecasibe.ecosur.mx\/sibe\/conocenos\/reconocimientos\/2001-2\/\"><i class=\"gutentor-button-icon fa fa-book\"><\/i><span>Leer mas<\/span><\/a><\/div><\/div><\/div><div class=\"grid-md-6 about-grid\"><div class=\"gutentor-single-item-image-box\"><div class=\"gutentor-image-thumb\"><img decoding=\"async\" class=\"normal-image\" src=\"https:\/\/bibliotecasibe.ecosur.mx\/sibe\/wp-content\/uploads\/sites\/7\/2021\/06\/desarrollo2001.jpg\" alt=\"\" \/><\/div><\/div><\/div><\/div><\/div><\/div><\/div><\/section>\n","protected":false},"excerpt":{"rendered":"","protected":false},"author":1,"featured_media":0,"parent":17,"menu_order":0,"comment_status":"closed","ping_status":"closed","template":"","meta":{"content-type":"","om_disable_all_campaigns":false,"_monsterinsights_skip_tracking":false,"_monsterinsights_sitenote_active":false,"_monsterinsights_sitenote_note":"","_monsterinsights_sitenote_category":0,"ep_exclude_from_search":false,"footnotes":""},"class_list":["post-28","page","type-page","status-publish","hentry"],"aioseo_notices":[],"_links":{"self":[{"href":"https:\/\/bibliotecasibe.ecosur.mx\/sibe\/wp-json\/wp\/v2\/pages\/28","targetHints":{"allow":["GET"]}}],"collection":[{"href":"https:\/\/bibliotecasibe.ecosur.mx\/sibe\/wp-json\/wp\/v2\/pages"}],"about":[{"href":"https:\/\/bibliotecasibe.ecosur.mx\/sibe\/wp-json\/wp\/v2\/types\/page"}],"author":[{"embeddable":true,"href":"https:\/\/bibliotecasibe.ecosur.mx\/sibe\/wp-json\/wp\/v2\/users\/1"}],"replies":[{"embeddable":true,"href":"https:\/\/bibliotecasibe.ecosur.mx\/sibe\/wp-json\/wp\/v2\/comments?post=28"}],"version-history":[{"count":7,"href":"https:\/\/bibliotecasibe.ecosur.mx\/sibe\/wp-json\/wp\/v2\/pages\/28\/revisions"}],"predecessor-version":[{"id":712,"href":"https:\/\/bibliotecasibe.ecosur.mx\/sibe\/wp-json\/wp\/v2\/pages\/28\/revisions\/712"}],"up":[{"embeddable":true,"href":"https:\/\/bibliotecasibe.ecosur.mx\/sibe\/wp-json\/wp\/v2\/pages\/17"}],"wp:attachment":[{"href":"https:\/\/bibliotecasibe.ecosur.mx\/sibe\/wp-json\/wp\/v2\/media?parent=28"}],"curies":[{"name":"wp","href":"https:\/\/api.w.org\/{rel}","templated":true}]}}