{"id":2822,"date":"2023-06-29T14:44:42","date_gmt":"2023-06-29T20:44:42","guid":{"rendered":"https:\/\/bibliotecasibe.ecosur.mx\/sibe\/?page_id=2822"},"modified":"2025-11-07T13:11:57","modified_gmt":"2025-11-07T19:11:57","slug":"analitica-de-datos-de-la-produccion-academica-de-ecosur","status":"publish","type":"page","link":"https:\/\/bibliotecasibe.ecosur.mx\/sibe\/analitica-de-datos-de-la-produccion-academica-de-ecosur\/","title":{"rendered":"Anal\u00edtica de datos de la producci\u00f3n acad\u00e9mica de ECOSUR"},"content":{"rendered":"\n<div id=\"id-autores-opac-authoritiesdetail\"><\/div>\n\n<link rel=\"stylesheet\" href=\"\/sibe\/wp-content\/plugins\/analitica_por_autores_2023\/dist\/assets\/index.css\">\n<script type=\"module\" crossorigin=\"\" src=\"\/sibe\/wp-content\/plugins\/analitica_por_autores_2023\/dist\/assets\/main.js?ver=20251107\"><\/script>\n","protected":false},"excerpt":{"rendered":"","protected":false},"author":1,"featured_media":0,"parent":0,"menu_order":0,"comment_status":"closed","ping_status":"closed","template":"","meta":{"content-type":"","om_disable_all_campaigns":false,"_monsterinsights_skip_tracking":false,"_monsterinsights_sitenote_active":false,"_monsterinsights_sitenote_note":"","_monsterinsights_sitenote_category":0,"ep_exclude_from_search":false,"footnotes":""},"class_list":["post-2822","page","type-page","status-publish","hentry"],"aioseo_notices":[],"_links":{"self":[{"href":"https:\/\/bibliotecasibe.ecosur.mx\/sibe\/wp-json\/wp\/v2\/pages\/2822","targetHints":{"allow":["GET"]}}],"collection":[{"href":"https:\/\/bibliotecasibe.ecosur.mx\/sibe\/wp-json\/wp\/v2\/pages"}],"about":[{"href":"https:\/\/bibliotecasibe.ecosur.mx\/sibe\/wp-json\/wp\/v2\/types\/page"}],"author":[{"embeddable":true,"href":"https:\/\/bibliotecasibe.ecosur.mx\/sibe\/wp-json\/wp\/v2\/users\/1"}],"replies":[{"embeddable":true,"href":"https:\/\/bibliotecasibe.ecosur.mx\/sibe\/wp-json\/wp\/v2\/comments?post=2822"}],"version-history":[{"count":28,"href":"https:\/\/bibliotecasibe.ecosur.mx\/sibe\/wp-json\/wp\/v2\/pages\/2822\/revisions"}],"predecessor-version":[{"id":3814,"href":"https:\/\/bibliotecasibe.ecosur.mx\/sibe\/wp-json\/wp\/v2\/pages\/2822\/revisions\/3814"}],"wp:attachment":[{"href":"https:\/\/bibliotecasibe.ecosur.mx\/sibe\/wp-json\/wp\/v2\/media?parent=2822"}],"curies":[{"name":"wp","href":"https:\/\/api.w.org\/{rel}","templated":true}]}}