{"id":341,"date":"2021-06-11T02:46:23","date_gmt":"2021-06-11T02:46:23","guid":{"rendered":"http:\/\/localhost\/wordpress\/sibe\/?page_id=341"},"modified":"2026-04-08T11:15:49","modified_gmt":"2026-04-08T17:15:49","slug":"campeche","status":"publish","type":"page","link":"https:\/\/bibliotecasibe.ecosur.mx\/sibe\/conocenos\/bibliotecas\/campeche\/","title":{"rendered":"Campeche"},"content":{"rendered":"\n<div class=\"wp-block-columns is-layout-flex wp-container-core-columns-is-layout-9d6595d7 wp-block-columns-is-layout-flex\">\n<div class=\"wp-block-column is-layout-flow wp-block-column-is-layout-flow\">\n<p><span class=\"has-inline-color has-black-color\"><strong data-rich-text-format-boundary=\"true\">Horario de servicios:<\/strong><\/span><\/p>\n<p style=\"padding-left: 40px;\"><span class=\"has-inline-color has-black-color\">Lunes a viernes de 8:00 a 16:00 horas.<\/span><\/p>\n<p>\u00a0 \u00a0 \u00a0 \u00a0 Viernes de cada 15 d\u00edas de 8:00 a 15:00 horas.\u00a0\u00a0 \u00a0 \u00a0 \u00a0 \u00a0<\/p>\n<p><span class=\"has-inline-color has-black-color\"><strong>Contactos:<\/strong><\/span><\/p>\n<p style=\"padding-left: 40px;\"><span class=\"has-inline-color has-black-color\">Mar\u00eda Elena Mart\u00ednez P\u00e9rez<\/span> <span class=\"has-inline-color has-black-color\"><a href=\"mailto:memartin@ecosur.mx\">memartin@ecosur.mx<\/a><\/span><\/p>\n<\/div>\n\n\n\n<div class=\"wp-block-column is-layout-flow wp-block-column-is-layout-flow\">\n<style>\n.mi-imagen-resalte img {\n    border-radius: 10px;\n    transition: all 0.3s ease;\n    box-shadow: 0 4px 10px rgba(0,0,0,0.2);\n}\n\n.mi-imagen-resalte img:hover {\n    transform: scale(1.05);\n    box-shadow: 0 8px 20px rgba(0,0,0,0.4);\n    border: 3px solid #ff6600;\n}\n<\/style>\n\n<figure class=\"wp-block-image alignright size-full is-resized mi-imagen-resalte\">\n    <img decoding=\"async\" src=\"https:\/\/bibliotecasibe.ecosur.mx\/sibe\/wp-content\/uploads\/sites\/7\/2026\/04\/camp2026.jpg\" \n         alt=\"\" \n         class=\"wp-image-4011\" \n         style=\"width:344px;height:auto\"\/>\n<\/figure>\n<\/div>\n\n\n\n<div class=\"wp-block-column is-layout-flow wp-block-column-is-layout-flow\">\n<p><span class=\"has-inline-color has-black-color\"><strong data-rich-text-format-boundary=\"true\">Domicilio:<\/strong><\/span><\/p>\n<p style=\"padding-left: 40px\"><span class=\"has-inline-color has-black-color\">Av. Rancho, Pol\u00edgono 2-A, Ciudad Industrial Lerma, Campeche, Camp., C.P. 24500<br data-rich-text-line-break=\"true\"><\/span><\/p>\n<p><span class=\"has-inline-color has-black-color\"><strong>Tel\u00e9fono:<\/strong> <\/span><\/p>\n<p style=\"padding-left: 40px\"><span class=\"has-inline-color has-black-color\">981 127 3720 <strong>Ext.<\/strong> 2700<\/span><\/p>\n<\/div>\n<\/div>\n\n\n<p><strong>Servicios<br \/><\/strong><\/p>\n<p style=\"padding-left: 40px\">Consulta y referencia (atenci\u00f3n presencial y virtual)<br \/><a href=\"https:\/\/biblioteca.ecosur.mx\/\">Cat\u00e1logo p\u00fablico<\/a><br \/>Consulta de acervo impreso<br \/>Acceso a recursos electr\u00f3nicos (<a href=\"\/sibe\/wp-content\/uploads\/sites\/7\/2021\/07\/estrategias-de-busqueda.pdf\" target=\"_blank\" rel=\"noopener\">Gu\u00eda de c\u00f3mo buscar<\/a>)<br \/>Pr\u00e9stamo de libros<br \/>Formaci\u00f3n de usuarios: talleres, cursos, sesiones especializadas y de inducci\u00f3n, presenciales y virtuales, previa cita <a title=\"Cons\u00faltanos\" href=\"https:\/\/bibliotecasibe.ecosur.mx\/sibe\/consultanos\/\">(Cons\u00faltanos)<\/a><br \/>Asesor\u00edas y servicios de apoyo a la investigaci\u00f3n y formaci\u00f3n, previa cita <a title=\"Cons\u00faltanos\" href=\"https:\/\/bibliotecasibe.ecosur.mx\/sibe\/consultanos\/\">(Cons\u00faltanos)<\/a><br \/>Visitas guiadas a p\u00fablico externo, previa cita <a title=\"Cons\u00faltanos\" href=\"https:\/\/bibliotecasibe.ecosur.mx\/sibe\/consultanos\/\">(Cons\u00faltanos)<\/a><br \/>Espacios acondicionados para la lectura<br \/>Adquisiciones bibliogr\u00e1ficas<br \/>\u00a0 \u00a0 \u00a0 \u00a0Sugiere tu libro (<a href=\"https:\/\/biblioteca.ecosur.mx\/cgi-bin\/koha\/opac-suggestions.pl?op=add\" target=\"_blank\" rel=\"noopener\">Formulario<\/a>)<br \/>\u00a0 \u00a0 \u00a0 \u00a0Compra de bibliograf\u00eda por proyecto (consulta con el personal bibliotecario de tu unidad)<\/p>\n<hr \/>\n<p><span style=\"color: #000000\"><strong>Tem\u00e1ticas:<\/strong><\/span><\/p>\n<p style=\"padding-left: 40px\"><span style=\"color: #000000\">Ofrece un amplio acervo bibliohemerogr\u00e1fico especializado en las \u00e1reas de ciencias sociales, medio ambiente, agroforester\u00eda, suelos, pesquer\u00edas, fauna silvestre, ecolog\u00eda, antropolog\u00eda f\u00edsica, nutrici\u00f3n, migraci\u00f3n, entre otros. Cuenta con una colecci\u00f3n especial sobre el \u00e1rea de Calakmul que incluye las tem\u00e1ticas antes mencionadas.<\/span><\/p>\n\n\n<p class=\"has-text-align-center\"><a href=\"https:\/\/bibliotecasibe.ecosur.mx\/blogsibe\/category\/vidaenlasbibliotecas\/bibliotecasibecampeche\/\" target=\"_blank\" rel=\"noopener\" title=\"\"><strong>Novedades en las bibliotecas&nbsp;<\/strong><\/a><\/p>\n","protected":false},"excerpt":{"rendered":"<p>Horario de servicios: Lunes a viernes de 8:00 a 16:00 horas. \u00a0 \u00a0 \u00a0 \u00a0 Viernes de cada 15 d\u00edas de 8:00 a 15:00 horas.\u00a0\u00a0 \u00a0 \u00a0 \u00a0 \u00a0 Contactos: Mar\u00eda Elena Mart\u00ednez P\u00e9rez memartin@ecosur.mx Domicilio: Av. Rancho, Pol\u00edgono 2-A, Ciudad Industrial Lerma, Campeche, Camp., C.P. 24500 Tel\u00e9fono: 981 127 3720 Ext. 2700 Servicios Consulta [&hellip;]<\/p>\n","protected":false},"author":1,"featured_media":0,"parent":26,"menu_order":0,"comment_status":"closed","ping_status":"closed","template":"","meta":{"content-type":"","om_disable_all_campaigns":false,"_monsterinsights_skip_tracking":false,"_monsterinsights_sitenote_active":false,"_monsterinsights_sitenote_note":"","_monsterinsights_sitenote_category":0,"ep_exclude_from_search":false,"footnotes":""},"class_list":["post-341","page","type-page","status-publish","hentry"],"aioseo_notices":[],"_links":{"self":[{"href":"https:\/\/bibliotecasibe.ecosur.mx\/sibe\/wp-json\/wp\/v2\/pages\/341","targetHints":{"allow":["GET"]}}],"collection":[{"href":"https:\/\/bibliotecasibe.ecosur.mx\/sibe\/wp-json\/wp\/v2\/pages"}],"about":[{"href":"https:\/\/bibliotecasibe.ecosur.mx\/sibe\/wp-json\/wp\/v2\/types\/page"}],"author":[{"embeddable":true,"href":"https:\/\/bibliotecasibe.ecosur.mx\/sibe\/wp-json\/wp\/v2\/users\/1"}],"replies":[{"embeddable":true,"href":"https:\/\/bibliotecasibe.ecosur.mx\/sibe\/wp-json\/wp\/v2\/comments?post=341"}],"version-history":[{"count":28,"href":"https:\/\/bibliotecasibe.ecosur.mx\/sibe\/wp-json\/wp\/v2\/pages\/341\/revisions"}],"predecessor-version":[{"id":4042,"href":"https:\/\/bibliotecasibe.ecosur.mx\/sibe\/wp-json\/wp\/v2\/pages\/341\/revisions\/4042"}],"up":[{"embeddable":true,"href":"https:\/\/bibliotecasibe.ecosur.mx\/sibe\/wp-json\/wp\/v2\/pages\/26"}],"wp:attachment":[{"href":"https:\/\/bibliotecasibe.ecosur.mx\/sibe\/wp-json\/wp\/v2\/media?parent=341"}],"curies":[{"name":"wp","href":"https:\/\/api.w.org\/{rel}","templated":true}]}}