{"id":3437,"date":"2025-07-08T13:13:37","date_gmt":"2025-07-08T19:13:37","guid":{"rendered":"https:\/\/bibliotecasibe.ecosur.mx\/sibe\/?page_id=3437"},"modified":"2026-02-10T09:13:49","modified_gmt":"2026-02-10T15:13:49","slug":"acuerdos-transformativos","status":"publish","type":"page","link":"https:\/\/bibliotecasibe.ecosur.mx\/sibe\/acuerdos-transformativos\/","title":{"rendered":"Acuerdos Transformativos"},"content":{"rendered":"\n<p><strong>Los Acuerdos Transformativos<\/strong>&nbsp;(<strong>AT<\/strong>) son una nueva modalidad de convenios (Read &amp; Publish) que se llevan a cabo entre instituciones y editoriales, que benefician al personal acad\u00e9mico de las instituciones con la posibilidad de publicar sin costo en ciertas revistas de acceso abierto incluidas en el convenio.<\/p>\n\n\n\n<p>Las instituciones al cubrir el costo de suscripci\u00f3n obtienen el beneficio de publicar libre del gasto de procesamiento en sus art\u00edculos (APC), en las editoriales con convenio. Los trabajos deben apegarse a los requisitos y pol\u00edticas de cada editorial.<\/p>\n\n\n\n<p>Para este a\u00f1o, ECOSUR tiene\u00a0<strong>AT<\/strong>\u00a0con las editoriales\u00a0<strong><a href=\"https:\/\/www-cambridge-org.ecosur.idm.oclc.org\/core\/eligibility-checker\" target=\"_blank\" rel=\"noopener\" title=\"\">Cambridge<\/a><\/strong>\u00a0y\u00a0<a href=\"https:\/\/www.elsevier.com\/open-access\/agreements\/secihti-cp\" target=\"_blank\" rel=\"noopener\" title=\"\"><strong>Elsevier<\/strong>.<\/a><\/p>\n\n\n\n<br>\n\n\n\n<section id=\"gm2742812\" class=\"wp-block-gutentor-m4 section-gm2742812 gutentor-module gutentor-advanced-columns\"><div class=\"grid-container\"><div class=\"grid-row\">\n<div id=\"col-gm63d244\" class=\"wp-block-gutentor-m4-col col-gm63d244 gutentor-single-column  grid-lg-6 grid-md-12 grid-12\"><div id=\"section-gm63d244\" class=\"section-gm63d244 gutentor-col-wrap\">\n<div class=\"card\" \"=\"\">\n  <img decoding=\"async\" src=\"https:\/\/bibliotecasibe.ecosur.mx\/sibe\/wp-content\/uploads\/sites\/7\/2025\/07\/Logo-Cambridge.jpg\" class=\"card-img-top\" alt=\"Logo Cambridge\" style=\"max-height: 180px;width: auto;margin: 15px;display: block\">\n\n  <div class=\"card-body\" style=\"text-align: center;\">\n    <a href=\"https:\/\/ecosur365p-my.sharepoint.com\/:x:\/g\/personal\/serviciosibe_ecosur_mx\/IQAWgSEubTefSIUAy7qWcbqkAQBr2maCKGJjwHpo1Ai_Dz8?e=7lJhfR\" target=\"_blank\" rel=\"noopener\" class=\"btn btn-primary\" style=\"flex: 1;min-width: 90px;padding: 6px 12px;font-size: 0.8rem\">\n       Revistas incluidas\n    <\/a>\n    <a href=\"https:\/\/www.youtube.com\/watch?v=CcHPzQk8o3Y\" target=\"_blank\" rel=\"noopener\" class=\"btn btn-primary\" style=\"flex: 1;min-width: 90px;padding: 6px 12px;font-size: 0.8rem\">\n       Videos\n    <\/a>\n  \n<a href=\"https:\/\/bibliotecasibe.ecosur.mx\/sibe\/wp-content\/uploads\/sites\/7\/2025\/07\/Infografia_AT_Cambridge.pdf\" target=\"_blank\" rel=\"noopener\" class=\"btn btn-primary\" style=\"flex: 1;min-width: 110px;padding: 6px 12px;font-size: 0.8rem\">\n       Infograf\u00eda\n    <\/a>\n  <\/div>\n<\/div>\n<\/div><\/div>\n\n\n\n<div id=\"col-gmb04b6e\" class=\"wp-block-gutentor-m4-col col-gmb04b6e gutentor-single-column  grid-lg-6 grid-md-12 grid-12\"><div id=\"section-gmb04b6e\" class=\"section-gmb04b6e gutentor-col-wrap\">\n<div class=\"card\" \"=\"\">\n  <img decoding=\"async\" src=\"https:\/\/www.elsevier.com\/images\/elsevier-logo-orange.svg\" alt=\"Logo Elsevier\" style=\"max-height: 120px;width: auto;margin: 26px;display: block\">\n\n  <div class=\"card-body\" style=\"text-align: center;\">\n    <a href=\"https:\/\/ecosur365p-my.sharepoint.com\/:x:\/g\/personal\/serviciosibe_ecosur_mx\/IQBYmukIanm3QpjemxDFQUCFAdTspZw6818_JeZTpqWUTaw?e=8hFpoZ\" target=\"_blank\" rel=\"noopener\" class=\"btn btn-primary\" style=\"flex: 1;min-width: 110px;padding: 6px 12px;font-size: 0.8rem\">\n       Revistas incluidas\n    <\/a>\n    <a href=\"https:\/\/view.highspot.com\/viewer\/76ee3eebe66afd7db97b9fcdeba7be7b\" target=\"_blank\" rel=\"noopener\" class=\"btn btn-primary\" style=\"flex: 1;min-width: 110px;padding: 6px 11px;font-size: 0.8rem\">\n       Videos\n    <\/a>\n    <a href=\"https:\/\/bibliotecasibe.ecosur.mx\/sibe\/wp-content\/uploads\/sites\/7\/2025\/07\/Infografia_AT_Elsevier.pdf\" target=\"_blank\" rel=\"noopener\" class=\"btn btn-primary\" style=\"flex: 1;min-width: 110px;padding: 6px 12px;font-size: 0.8rem\">\n       Infograf\u00eda\n    <\/a>\n  <\/div>\n<\/div>\n<\/div><\/div>\n<\/div><\/div><\/section>\n\n\n\n<br><br>\n\n\n\n<p><strong>Requisitos fundamentales para beneficiarse de los AT<\/strong><\/p>\n\n\n\n<ol class=\"wp-block-list\">\n<li> La&nbsp;revista&nbsp;elegida&nbsp;debe estar dentro de la lista de revistas incluidas en el convenio con la editorial.<\/li>\n\n\n\n<li> El autor o autora de correspondencia someter\u00e1 la publicaci\u00f3n y debe identificarse mediante el correo institucional de ECOSUR.<\/li>\n\n\n\n<li>En su documento&nbsp;deber\u00e1&nbsp;colocar la&nbsp;afiliaci\u00f3n&nbsp;a&nbsp;El Colegio de&nbsp;la&nbsp;Frontera Sur. En caso de contar con una&nbsp;afiliaci\u00f3n&nbsp;adicional, ECOSUR&nbsp;deber\u00e1&nbsp;ser&nbsp;la&nbsp;principal.<\/li>\n<\/ol>\n\n\n\n<p><\/p>\n\n\n\n<p><strong>Nota aclaratoria:<\/strong>&nbsp;Los acuerdos transformativos se utilizan a partir de la aceptaci\u00f3n de los art\u00edculos, la editorial debe confirmar la disponibilidad de estos, con base en el uso institucional del n\u00famero de acuerdos autorizados.<\/p>\n","protected":false},"excerpt":{"rendered":"<p>Los Acuerdos Transformativos&nbsp;(AT) son una nueva modalidad de convenios (Read &amp; Publish) que se llevan a cabo entre instituciones y editoriales, que benefician al personal acad\u00e9mico de las instituciones con la posibilidad de publicar sin costo en ciertas revistas de acceso abierto incluidas en el convenio. Las instituciones al cubrir el costo de suscripci\u00f3n obtienen [&hellip;]<\/p>\n","protected":false},"author":26,"featured_media":0,"parent":0,"menu_order":0,"comment_status":"closed","ping_status":"closed","template":"","meta":{"content-type":"","om_disable_all_campaigns":false,"_monsterinsights_skip_tracking":false,"_monsterinsights_sitenote_active":false,"_monsterinsights_sitenote_note":"","_monsterinsights_sitenote_category":0,"ep_exclude_from_search":false,"footnotes":""},"class_list":["post-3437","page","type-page","status-publish","hentry"],"aioseo_notices":[],"_links":{"self":[{"href":"https:\/\/bibliotecasibe.ecosur.mx\/sibe\/wp-json\/wp\/v2\/pages\/3437","targetHints":{"allow":["GET"]}}],"collection":[{"href":"https:\/\/bibliotecasibe.ecosur.mx\/sibe\/wp-json\/wp\/v2\/pages"}],"about":[{"href":"https:\/\/bibliotecasibe.ecosur.mx\/sibe\/wp-json\/wp\/v2\/types\/page"}],"author":[{"embeddable":true,"href":"https:\/\/bibliotecasibe.ecosur.mx\/sibe\/wp-json\/wp\/v2\/users\/26"}],"replies":[{"embeddable":true,"href":"https:\/\/bibliotecasibe.ecosur.mx\/sibe\/wp-json\/wp\/v2\/comments?post=3437"}],"version-history":[{"count":232,"href":"https:\/\/bibliotecasibe.ecosur.mx\/sibe\/wp-json\/wp\/v2\/pages\/3437\/revisions"}],"predecessor-version":[{"id":3909,"href":"https:\/\/bibliotecasibe.ecosur.mx\/sibe\/wp-json\/wp\/v2\/pages\/3437\/revisions\/3909"}],"wp:attachment":[{"href":"https:\/\/bibliotecasibe.ecosur.mx\/sibe\/wp-json\/wp\/v2\/media?parent=3437"}],"curies":[{"name":"wp","href":"https:\/\/api.w.org\/{rel}","templated":true}]}}