{"id":345,"date":"2021-06-11T02:47:10","date_gmt":"2021-06-11T02:47:10","guid":{"rendered":"http:\/\/localhost\/wordpress\/sibe\/?page_id=345"},"modified":"2026-04-07T14:00:46","modified_gmt":"2026-04-07T20:00:46","slug":"san-cristobal-de-las-casas","status":"publish","type":"page","link":"https:\/\/bibliotecasibe.ecosur.mx\/sibe\/conocenos\/bibliotecas\/san-cristobal-de-las-casas\/","title":{"rendered":"San Crist\u00f3bal de Las Casas"},"content":{"rendered":"\n<div class=\"wp-block-columns is-layout-flex wp-container-core-columns-is-layout-9d6595d7 wp-block-columns-is-layout-flex\">\n<div class=\"wp-block-column is-layout-flow wp-block-column-is-layout-flow\">\n<p><strong data-rich-text-format-boundary=\"true\">Horario de servicios:<\/strong><\/p>\n<p style=\"padding-left: 40px;\">Lunes a viernes de 8:00 a 16:00 horas.<\/p>\n<p>\u00a0 \u00a0 \u00a0 \u00a0 Viernes de cada 15 d\u00edas de 8:00 a 15:00 horas.<\/p>\n<p><strong>Contactos:<\/strong><\/p>\n<p style=\"padding-left: 40px; text-align: left;\">Mercedes Guadarrama Olivera <a href=\"mailto:mguada@ecosur.mx\">mguada@ecosur.mx<\/a><br data-rich-text-line-break=\"true\" \/>Hermilo Cruz Garc\u00eda <a href=\"mailto:hcruz@ecosur.mx\">hcruz@ecosur.mx<\/a><\/p>\n<\/div>\n\n\n\n<div class=\"wp-block-column is-layout-flow wp-block-column-is-layout-flow\">\n<style>\n.mi-imagen-resalte img {\n    border-radius: 10px;\n    transition: all 0.3s ease;\n    box-shadow: 0 4px 10px rgba(0,0,0,0.2);\n}\n\n.mi-imagen-resalte img:hover {\n    transform: scale(1.05);\n    box-shadow: 0 8px 20px rgba(0,0,0,0.4);\n    border: 3px solid #ff6600;\n}\n<\/style>\n\n<figure class=\"wp-block-image alignright size-full is-resized mi-imagen-resalte\">\n    <img loading=\"lazy\" decoding=\"async\" width=\"800\" height=\"558\" src=\"https:\/\/bibliotecasibe.ecosur.mx\/sibe\/wp-content\/uploads\/sites\/7\/2026\/04\/sclc2026.jpeg\" \n         alt=\"\" \n         class=\"wp-image-4011\" \n         style=\"width:344px;height:auto\" srcset=\"https:\/\/bibliotecasibe.ecosur.mx\/sibe\/wp-content\/uploads\/sites\/7\/2026\/04\/sclc2026.jpeg 800w, https:\/\/bibliotecasibe.ecosur.mx\/sibe\/wp-content\/uploads\/sites\/7\/2026\/04\/sclc2026-300x209.jpeg 300w, https:\/\/bibliotecasibe.ecosur.mx\/sibe\/wp-content\/uploads\/sites\/7\/2026\/04\/sclc2026-768x536.jpeg 768w\" sizes=\"auto, (max-width: 800px) 100vw, 800px\" \/>\n<\/figure>\n<\/div>\n\n\n\n<div class=\"wp-block-column is-layout-flow wp-block-column-is-layout-flow\">\n<p><strong data-rich-text-format-boundary=\"true\">Domicilio:<\/strong><\/p>\n<p>Carretera Panamericana y Perif\u00e9rico Sur s\/n, Barrio Mar\u00eda Auxiliadora. CP 29290. San Crist\u00f3bal de Las Casas, Chiapas. AP 63<\/p>\n<p><strong>Tel\u00e9fono:<\/strong><\/p>\n<p>967 674 9000 <strong>Ext.<\/strong> 1700, 1704 y 1707<\/p>\n<\/div>\n<\/div>\n\n\n<strong>Servicios\n<\/strong>\n<ul>\n \t<li>Consulta y referencia (atenci\u00f3n presencial y virtual)<\/li>\n \t<li><a href=\"https:\/\/biblioteca.ecosur.mx\/\">Cat\u00e1logo p\u00fablico<\/a><\/li>\n \t<li>Consulta de acervo impreso<\/li>\n \t<li>Acceso a recursos electr\u00f3nicos (<a href=\"\/sibe\/wp-content\/uploads\/sites\/7\/2021\/07\/estrategias-de-busqueda.pdf\" target=\"_blank\" rel=\"noopener\">Gu\u00eda de c\u00f3mo buscar<\/a>)<\/li>\n \t<li>Pr\u00e9stamo de libros<\/li>\n \t<li>Formaci\u00f3n de usuarios: <span style=\"color: #ff0000;\"><span style=\"font-family: Calibri, sans-serif;\"><span style=\"font-size: small;\"><span style=\"color: #000000;\"><span style=\"font-family: Arial, sans-serif;\"><span style=\"font-size: medium;\">talleres, cursos, sesiones especializadas y de inducci\u00f3n, presenciales y virtuales, previa cita <\/span><\/span><\/span><\/span><\/span><\/span><a title=\"Cons\u00faltanos\" href=\"https:\/\/bibliotecasibe.ecosur.mx\/sibe\/consultanos\/\">(Cons\u00faltanos)<\/a><\/li>\n \t<li>Asesor\u00edas y servicios de apoyo a la investigaci\u00f3n y formaci\u00f3n, previa cita <a title=\"Cons\u00faltanos\" href=\"https:\/\/bibliotecasibe.ecosur.mx\/sibe\/consultanos\/\">(Cons\u00faltanos)<\/a><\/li>\n \t<li>Visitas guiadas a p\u00fablico externo, previa cita <a title=\"Cons\u00faltanos\" href=\"https:\/\/bibliotecasibe.ecosur.mx\/sibe\/consultanos\/\">(Cons\u00faltanos)<\/a><\/li>\n \t<li>Espacios acondicionados para la lectura y trabajo en equipo<\/li>\n \t<li>Sala de usos m\u00faltiples<\/li>\n \t<li>Adquisiciones bibliogr\u00e1ficas\n<ul>\n \t<li>Sugiere tu libro (<a href=\"https:\/\/biblioteca.ecosur.mx\/cgi-bin\/koha\/opac-suggestions.pl?op=add\" target=\"_blank\" rel=\"noopener\">Formulario<\/a>)<\/li>\n \t<li>Compra de bibliograf\u00eda por proyecto (consulta con el personal bibliotecario de tu unidad)<\/li>\n<\/ul>\n<\/li>\n<\/ul>\n\n<hr>\n\n<p><span style=\"color: #000000\"><strong>Tem\u00e1ticas:<\/strong><\/span><\/p>\n<p style=\"padding-left: 40px\"><span style=\"color: #000000\">Agroecolog\u00eda, agroforester\u00eda, caf\u00e9, recursos naturales, biolog\u00eda, entomolog\u00eda, manejo integrado de plagas, control biol\u00f3gico, ecolog\u00eda, sistemas de producci\u00f3n, estudios de g\u00e9nero, frontera sur, migraciones, desastres, agua, pol\u00edticas p\u00fablicas, sociedad, sexualidad, salud reproductiva, cultura, poblaci\u00f3n, desarrollo, silvicultura, suelos, y conservaci\u00f3n de la biodiversidad, recursos naturales y ciencias sociales en general. Su acervo incluye la Mapoteca Mesoamericana y del Caribe y la colecci\u00f3n INEGI con material bibliogr\u00e1fico, cartogr\u00e1fico y audiovisual.<\/span><\/p>\n\n\n<p class=\"has-text-align-center\"><strong><a href=\"https:\/\/bibliotecasibe.ecosur.mx\/blogsibe\/category\/vidaenlasbibliotecas\/bibliotecasibesancristobal\/\" target=\"_blank\" rel=\"noopener\" title=\"\">Novedades en las bibliotecas&nbsp;<\/a><\/strong><\/p>\n","protected":false},"excerpt":{"rendered":"<p>Horario de servicios: Lunes a viernes de 8:00 a 16:00 horas. \u00a0 \u00a0 \u00a0 \u00a0 Viernes de cada 15 d\u00edas de 8:00 a 15:00 horas. Contactos: Mercedes Guadarrama Olivera mguada@ecosur.mxHermilo Cruz Garc\u00eda hcruz@ecosur.mx Domicilio: Carretera Panamericana y Perif\u00e9rico Sur s\/n, Barrio Mar\u00eda Auxiliadora. CP 29290. San Crist\u00f3bal de Las Casas, Chiapas. AP 63 Tel\u00e9fono: 967 [&hellip;]<\/p>\n","protected":false},"author":1,"featured_media":0,"parent":26,"menu_order":0,"comment_status":"closed","ping_status":"closed","template":"","meta":{"content-type":"","om_disable_all_campaigns":false,"_monsterinsights_skip_tracking":false,"_monsterinsights_sitenote_active":false,"_monsterinsights_sitenote_note":"","_monsterinsights_sitenote_category":0,"ep_exclude_from_search":false,"footnotes":""},"class_list":["post-345","page","type-page","status-publish","hentry"],"aioseo_notices":[],"_links":{"self":[{"href":"https:\/\/bibliotecasibe.ecosur.mx\/sibe\/wp-json\/wp\/v2\/pages\/345","targetHints":{"allow":["GET"]}}],"collection":[{"href":"https:\/\/bibliotecasibe.ecosur.mx\/sibe\/wp-json\/wp\/v2\/pages"}],"about":[{"href":"https:\/\/bibliotecasibe.ecosur.mx\/sibe\/wp-json\/wp\/v2\/types\/page"}],"author":[{"embeddable":true,"href":"https:\/\/bibliotecasibe.ecosur.mx\/sibe\/wp-json\/wp\/v2\/users\/1"}],"replies":[{"embeddable":true,"href":"https:\/\/bibliotecasibe.ecosur.mx\/sibe\/wp-json\/wp\/v2\/comments?post=345"}],"version-history":[{"count":30,"href":"https:\/\/bibliotecasibe.ecosur.mx\/sibe\/wp-json\/wp\/v2\/pages\/345\/revisions"}],"predecessor-version":[{"id":4035,"href":"https:\/\/bibliotecasibe.ecosur.mx\/sibe\/wp-json\/wp\/v2\/pages\/345\/revisions\/4035"}],"up":[{"embeddable":true,"href":"https:\/\/bibliotecasibe.ecosur.mx\/sibe\/wp-json\/wp\/v2\/pages\/26"}],"wp:attachment":[{"href":"https:\/\/bibliotecasibe.ecosur.mx\/sibe\/wp-json\/wp\/v2\/media?parent=345"}],"curies":[{"name":"wp","href":"https:\/\/api.w.org\/{rel}","templated":true}]}}