{"id":349,"date":"2021-06-11T02:47:55","date_gmt":"2021-06-11T02:47:55","guid":{"rendered":"http:\/\/localhost\/wordpress\/sibe\/?page_id=349"},"modified":"2026-04-06T08:38:23","modified_gmt":"2026-04-06T14:38:23","slug":"villahermosa","status":"publish","type":"page","link":"https:\/\/bibliotecasibe.ecosur.mx\/sibe\/conocenos\/bibliotecas\/villahermosa\/","title":{"rendered":"Villahermosa"},"content":{"rendered":"\n<div class=\"wp-block-columns is-layout-flex wp-container-core-columns-is-layout-9d6595d7 wp-block-columns-is-layout-flex\">\n<div class=\"wp-block-column is-layout-flow wp-block-column-is-layout-flow\">\n<p><strong data-rich-text-format-boundary=\"true\">Horario de servicios:<\/strong><\/p>\n<p style=\"padding-left: 40px;\">Lunes a viernes de 8:00 a 16:00 horas.<\/p>\n<p>\u00a0 \u00a0 \u00a0 \u00a0 Viernes de 8:00 a 15:00 horas.<\/p>\n<p><strong>Contactos:<\/strong><\/p>\n<p style=\"padding-left: 40px;\">Lorena Reyes S\u00e1nchez <a href=\"mailto:lreyes@ecosur.mx\">lreyes@ecosur.mx<\/a><\/p>\n<p>\u00a0 \u00a0 \u00a0 \u00a0 Mario Alberto G\u00f3mez Barrera <span class=\"gutentor-single-item gutentor-single-item-0\"><span class=\"gutentor-list-item-wrap g-s-list-wrap\"><span class=\"gutentor-list-item\"><a title=\"\" href=\"mailto:mario.gomez@ecosur.mx\">mario.gomez@ecosur.mx<\/a><\/span><\/span><\/span><\/p>\n<\/div>\n\n\n\n<div class=\"wp-block-column is-layout-flow wp-block-column-is-layout-flow\">\n<p><strong data-rich-text-format-boundary=\"true\">Domicilio:<\/strong><\/p>\n<p style=\"padding-left: 40px;\">Carretera a Reforma Km. 15.5 Rancher\u00eda Guineo 2da. Secc. C.P. 86280 Centro, Tabasco<\/p>\n<p><strong>Tel\u00e9fono:<\/strong><\/p>\n<p style=\"padding-left: 40px;\">993 313 6110 <strong>Ext.<\/strong> 3701 y 3702<\/p>\n<\/p>\n<\/div>\n<\/div>\n\n\n<strong>Servicios\n<\/strong>\n<ul>\n \t<li>Consulta y referencia (atenci\u00f3n presencial y virtual)<\/li>\n \t<li><a href=\"https:\/\/biblioteca.ecosur.mx\/\">Cat\u00e1logo p\u00fablico<\/a><\/li>\n \t<li>Consulta de acervo impreso<\/li>\n \t<li>Acceso a recursos electr\u00f3nicos (<a href=\"\/sibe\/wp-content\/uploads\/sites\/7\/2021\/07\/estrategias-de-busqueda.pdf\" target=\"_blank\" rel=\"noopener\">Gu\u00eda de c\u00f3mo buscar<\/a>)<\/li>\n \t<li>Pr\u00e9stamo de libros<\/li>\n \t<li>Formaci\u00f3n de usuarios: <span style=\"color: #ff0000;\"><span style=\"font-family: Calibri, sans-serif;\"><span style=\"font-size: small;\"><span style=\"color: #000000;\"><span style=\"font-family: Arial, sans-serif;\"><span style=\"font-size: medium;\">talleres, cursos, sesiones especializadas y de inducci\u00f3n, presenciales y virtuales, previa cita <\/span><\/span><\/span><\/span><\/span><\/span><a title=\"Cons\u00faltanos\" href=\"https:\/\/bibliotecasibe.ecosur.mx\/sibe\/consultanos\/\">(Cons\u00faltanos)<\/a><\/li>\n \t<li>Asesor\u00edas y servicios de apoyo a la investigaci\u00f3n y formaci\u00f3n, previa cita <a title=\"Cons\u00faltanos\" href=\"https:\/\/bibliotecasibe.ecosur.mx\/sibe\/consultanos\/\">(Cons\u00faltanos)<\/a><\/li>\n \t<li>Visitas guiadas a p\u00fablico externo, previa cita <a title=\"Cons\u00faltanos\" href=\"https:\/\/bibliotecasibe.ecosur.mx\/sibe\/consultanos\/\">(Cons\u00faltanos)<\/a><\/li>\n \t<li>Espacios acondicionados para la lectura y trabajo en equipo<\/li>\n \t<li>Sala de usos m\u00faltiples<\/li>\n \t<li>Adquisiciones bibliogr\u00e1ficas\n<ul>\n \t<li>Sugiere tu libro (<a href=\"https:\/\/biblioteca.ecosur.mx\/cgi-bin\/koha\/opac-suggestions.pl?op=add\" target=\"_blank\" rel=\"noopener\">Formulario<\/a>)<\/li>\n \t<li>Compra de bibliograf\u00eda por proyecto (consulta con el personal bibliotecario de tu unidad)<\/li>\n<\/ul>\n<\/li>\n<\/ul>\n\n<hr>\n\n<p><span style=\"color: #000000\"><strong>Tem\u00e1ticas:<\/strong><\/span><\/p>\n<p style=\"padding-left: 40px\"><span style=\"color: #000000\">Desastres, vulnerabilidad, humedales, medio ambiente y econom\u00eda, sistemas costeros, apicultura, tecnolog\u00edas de informaci\u00f3n, cambio clim\u00e1tico, historia ambiental, suelos, agricultura org\u00e1nica, estudios de g\u00e9nero, pol\u00edticas p\u00fablicas, silvicultura, agroforester\u00eda, ecolog\u00eda, entre otros.<\/span><\/p>\n\n\n<p class=\"has-text-align-center\"><strong><a href=\"https:\/\/bibliotecasibe.ecosur.mx\/blogsibe\/category\/vidaenlasbibliotecas\/bibliotecasibevillahermosa\/\" target=\"_blank\" rel=\"noopener\" title=\"\">Novedades en las bibliotecas&nbsp;<\/a><\/strong><\/p>\n","protected":false},"excerpt":{"rendered":"<p>Horario de servicios: Lunes a viernes de 8:00 a 16:00 horas. \u00a0 \u00a0 \u00a0 \u00a0 Viernes de 8:00 a 15:00 horas. Contactos: Lorena Reyes S\u00e1nchez lreyes@ecosur.mx \u00a0 \u00a0 \u00a0 \u00a0 Mario Alberto G\u00f3mez Barrera mario.gomez@ecosur.mx Domicilio: Carretera a Reforma Km. 15.5 Rancher\u00eda Guineo 2da. Secc. C.P. 86280 Centro, Tabasco Tel\u00e9fono: 993 313 6110 Ext. 3701 [&hellip;]<\/p>\n","protected":false},"author":1,"featured_media":0,"parent":26,"menu_order":0,"comment_status":"closed","ping_status":"closed","template":"","meta":{"content-type":"","om_disable_all_campaigns":false,"_monsterinsights_skip_tracking":false,"_monsterinsights_sitenote_active":false,"_monsterinsights_sitenote_note":"","_monsterinsights_sitenote_category":0,"ep_exclude_from_search":false,"footnotes":""},"class_list":["post-349","page","type-page","status-publish","hentry"],"aioseo_notices":[],"_links":{"self":[{"href":"https:\/\/bibliotecasibe.ecosur.mx\/sibe\/wp-json\/wp\/v2\/pages\/349","targetHints":{"allow":["GET"]}}],"collection":[{"href":"https:\/\/bibliotecasibe.ecosur.mx\/sibe\/wp-json\/wp\/v2\/pages"}],"about":[{"href":"https:\/\/bibliotecasibe.ecosur.mx\/sibe\/wp-json\/wp\/v2\/types\/page"}],"author":[{"embeddable":true,"href":"https:\/\/bibliotecasibe.ecosur.mx\/sibe\/wp-json\/wp\/v2\/users\/1"}],"replies":[{"embeddable":true,"href":"https:\/\/bibliotecasibe.ecosur.mx\/sibe\/wp-json\/wp\/v2\/comments?post=349"}],"version-history":[{"count":12,"href":"https:\/\/bibliotecasibe.ecosur.mx\/sibe\/wp-json\/wp\/v2\/pages\/349\/revisions"}],"predecessor-version":[{"id":4009,"href":"https:\/\/bibliotecasibe.ecosur.mx\/sibe\/wp-json\/wp\/v2\/pages\/349\/revisions\/4009"}],"up":[{"embeddable":true,"href":"https:\/\/bibliotecasibe.ecosur.mx\/sibe\/wp-json\/wp\/v2\/pages\/26"}],"wp:attachment":[{"href":"https:\/\/bibliotecasibe.ecosur.mx\/sibe\/wp-json\/wp\/v2\/media?parent=349"}],"curies":[{"name":"wp","href":"https:\/\/api.w.org\/{rel}","templated":true}]}}