{"id":35,"date":"2021-06-08T18:14:43","date_gmt":"2021-06-08T18:14:43","guid":{"rendered":"http:\/\/localhost\/wordpress\/sibe\/?page_id=35"},"modified":"2026-03-27T10:29:52","modified_gmt":"2026-03-27T16:29:52","slug":"busqueda-y-acceso-a-informacion","status":"publish","type":"page","link":"https:\/\/bibliotecasibe.ecosur.mx\/sibe\/servicios\/busqueda-y-acceso-a-informacion\/","title":{"rendered":"B\u00fasqueda y acceso a informaci\u00f3n"},"content":{"rendered":"<p>Te presentamos los puntos desde donde puedes buscar y obtener la informaci\u00f3n de tu inter\u00e9s. Para mejorar tus b\u00fasquedas, te proponemos la <a href=\"\/sibe\/wp-content\/uploads\/sites\/7\/2021\/07\/buscar-informacion.pdf\" target=\"_blank\" rel=\"noopener\">GU\u00cdA BUSCAR INFORMACI\u00d3N.<\/a><\/p>\n<hr \/>\n<p><a href=\"https:\/\/bibliotecasibe.ecosur.mx\/sibe\/\"><strong>CAT\u00c1LOGO P\u00daBLICO<\/strong><\/a><\/p>\n<p style=\"padding-left: 40px;\">Contiene las referencias bibliogr\u00e1ficas principalmente de libros, tesis, mapas, revistas localizables f\u00edsicamente en las bibliotecas de ECOSUR, cuyos temas abarcan ciencias ambientales, agricultura, ecolog\u00eda, zoolog\u00eda, migraci\u00f3n, estudios de g\u00e9nero, salud y otros. Incluye colecciones tem\u00e1ticas de la regi\u00f3n fronteriza de M\u00e9xico y Centroam\u00e9rica , adem\u00e1s de la Producci\u00f3n ECOSUR, gran parte de \u00e9sta se encuentra en formato digital. Consulta el Cat\u00e1logo SIBE.<\/p>\n<hr \/>\n<p><a href=\"https:\/\/bibliotecasibe.ecosur.mx\/sibe\/bases_de_datos\/\"><strong>BASES DE DATOS Y REVISTAS<\/strong><\/a><\/p>\n<p style=\"padding-left: 40px;\">Tienes acceso a colecciones de revistas, libros, res\u00famenes de documentos, disponibles por suscripci\u00f3n o en Acceso Abierto. Abarca todas las disciplinas. Se trata de literatura selecta, de gran calidad internacional. Ademas hay una selecci\u00f3n de revistas suscritas recomendadas por personal acad\u00e9mico de las diversas \u00e1reas y orientaciones disciplinarias de ECOSUR. Consulta las bases de datos y revistas<\/p>\n<hr \/>\n<p><a href=\"https:\/\/ecosur.repositorioinstitucional.mx\/jspui\/\"><strong>REPOSITORIO INSTITUCIONAL<\/strong><\/a><\/p>\n<p style=\"padding-left: 40px;\">Contiene documentos digitales en acceso abierto generados por autoras y autores de ECOSUR: art\u00edculos cient\u00edficos, art\u00edculos de divulgaci\u00f3n, cap\u00edtulos, libros, tesis de posgrado. Alojado en el Repositorio Nacional de M\u00e9xico que gestiona <span class=\"TextRun Highlight SCXW206242088 BCX8\" lang=\"ES-MX\" xml:lang=\"ES-MX\" data-contrast=\"auto\"><span class=\"NormalTextRun SCXW206242088 BCX8\">l<\/span><span class=\"NormalTextRun SCXW206242088 BCX8\">a\u202fSecretar\u00eda de Ciencia, Humanidades, Tecnolog\u00eda e Innovaci\u00f3n (SECIHTI)<\/span><\/span><span class=\"TextRun SCXW206242088 BCX8\" lang=\"ES-MX\" xml:lang=\"ES-MX\" data-contrast=\"auto\"><span class=\"NormalTextRun SCXW206242088 BCX8\">.<\/span><\/span><span class=\"EOP SCXW206242088 BCX8\" data-ccp-props=\"{}\">\u00a0<\/span><\/p>\n<hr \/>\n<p><span style=\"color: #000000;\"><strong>PR\u00c9STAMO DE LIBROS<\/strong><\/span><\/p>\n<p style=\"padding-left: 40px;\">Este servicio se dirige a la comunidad ECOSUR e instituciones que cuentan con acuerdo de pr\u00e9stamo interbibliotecario. Te permite llevar libros impresos disponibles en las cinco bibliotecas de ECOSUR con tu clave SIBE. \u00a0\u00bfA\u00fan no la tienes? Descarga y llena el <a href=\"https:\/\/bibliotecasibe.ecosur.mx\/sibe\/wp-content\/uploads\/sites\/7\/2021\/06\/registro.pdf\">formato de registro<\/a> y pres\u00e9ntalo al personal bibliotecario de tu Unidad.<\/p>\n<p style=\"padding-left: 40px;\">Consulta el<a href=\"https:\/\/bibliotecasibe.ecosur.mx\/sibe\/wp-content\/uploads\/sites\/7\/2022\/07\/Reglamento_de_servicios_del_SIBE.pdf\" target=\"_blank\" rel=\"noopener\"> Reglamento de servicios del SIBE.<\/a><\/p>\n<p><span style=\"color: #000000;\"><strong>SUMINISTRO DE DOCUMENTOS<\/strong><\/span><\/p>\n<p style=\"padding-left: 40px;\">Cuando ubiques alg\u00fan documento de tu inter\u00e9s y no logres el acceso a su contenido, recurre al personal bibliotecario de tu Unidad para solicitar su apoyo en la localizaci\u00f3n. SIBE utiliza su red de colaboraci\u00f3n interbibliotecaria con instituciones del pa\u00eds y de Am\u00e9rica Latina y el Caribe<\/p>\n","protected":false},"excerpt":{"rendered":"<p>Facilitar el acceso a la informaci\u00f3n de calidad, especializada y espec\u00edfica\u2026<\/p>\n","protected":false},"author":1,"featured_media":0,"parent":33,"menu_order":0,"comment_status":"closed","ping_status":"closed","template":"","meta":{"content-type":"","om_disable_all_campaigns":false,"_monsterinsights_skip_tracking":false,"_monsterinsights_sitenote_active":false,"_monsterinsights_sitenote_note":"","_monsterinsights_sitenote_category":0,"ep_exclude_from_search":false,"footnotes":""},"class_list":["post-35","page","type-page","status-publish","hentry"],"aioseo_notices":[],"_links":{"self":[{"href":"https:\/\/bibliotecasibe.ecosur.mx\/sibe\/wp-json\/wp\/v2\/pages\/35","targetHints":{"allow":["GET"]}}],"collection":[{"href":"https:\/\/bibliotecasibe.ecosur.mx\/sibe\/wp-json\/wp\/v2\/pages"}],"about":[{"href":"https:\/\/bibliotecasibe.ecosur.mx\/sibe\/wp-json\/wp\/v2\/types\/page"}],"author":[{"embeddable":true,"href":"https:\/\/bibliotecasibe.ecosur.mx\/sibe\/wp-json\/wp\/v2\/users\/1"}],"replies":[{"embeddable":true,"href":"https:\/\/bibliotecasibe.ecosur.mx\/sibe\/wp-json\/wp\/v2\/comments?post=35"}],"version-history":[{"count":54,"href":"https:\/\/bibliotecasibe.ecosur.mx\/sibe\/wp-json\/wp\/v2\/pages\/35\/revisions"}],"predecessor-version":[{"id":4001,"href":"https:\/\/bibliotecasibe.ecosur.mx\/sibe\/wp-json\/wp\/v2\/pages\/35\/revisions\/4001"}],"up":[{"embeddable":true,"href":"https:\/\/bibliotecasibe.ecosur.mx\/sibe\/wp-json\/wp\/v2\/pages\/33"}],"wp:attachment":[{"href":"https:\/\/bibliotecasibe.ecosur.mx\/sibe\/wp-json\/wp\/v2\/media?parent=35"}],"curies":[{"name":"wp","href":"https:\/\/api.w.org\/{rel}","templated":true}]}}