{"id":37,"date":"2021-06-08T18:15:57","date_gmt":"2021-06-08T18:15:57","guid":{"rendered":"http:\/\/localhost\/wordpress\/sibe\/?page_id=37"},"modified":"2026-03-19T12:19:16","modified_gmt":"2026-03-19T18:19:16","slug":"formacion-de-usuarios","status":"publish","type":"page","link":"https:\/\/bibliotecasibe.ecosur.mx\/sibe\/servicios\/formacion-de-usuarios\/","title":{"rendered":"Formaci\u00f3n para el manejo de la informaci\u00f3n"},"content":{"rendered":"<p>Acciones orientadas a propiciar el desarrollo de capacidades y habilidades en el manejo de la informaci\u00f3n cient\u00edfica, dirigidas prioritariamente a la comunidad de ECOSUR, con extensi\u00f3n a grupos de instituciones afines. Pueden ser presenciales o en l\u00ednea.\u00a0<\/p>\n<p>Se desarrollan a trav\u00e9s del <strong>PROGRAMA COMPETENCIAS INFORMATIVAS<\/strong>\u202f<strong>(PCI),<\/strong>\u202fdirigido a toda la comunidad acad\u00e9mica, estudiantil del posgrado de ECOSUR y estudiante de estancia temporal de otras instituciones. Comprende\u202f<strong>cursos, talleres y asesor\u00edas<\/strong>, individuales o grupales, para orientar sobre temas relacionados con el uso y manejo de la informaci\u00f3n cient\u00edfica.\u00a0<\/p>\n<p><strong>TEMAS:<\/strong>\u00a0<\/p>\n<ul>\n<li>B\u00fasqueda de informaci\u00f3n en cat\u00e1logo y bases de datos\u00a0<\/li>\n<li>Evaluaci\u00f3n de la informaci\u00f3n\u00a0<\/li>\n<li>Selecci\u00f3n de revistas de calidad para publicar\u00a0<\/li>\n<li>Creaci\u00f3n y actualizaci\u00f3n de perfil o identificador de autora o autor ORCID\u00a0<\/li>\n<li>Pol\u00edticas de autoarchivo de revistas cient\u00edficas\u00a0<\/li>\n<li>Gestores de citas y referencias bibliogr\u00e1ficas (Mendeley y Zotero)\u202f\u00a0<\/li>\n<li>iThenticate (programa antiplagio)\u00a0<\/li>\n<li>Citaci\u00f3n en\u202fla\u202fescritura acad\u00e9mica\u202f\u00a0<\/li>\n<\/ul>\n<p><strong>SESIONES DE INDUCCI\u00d3N<\/strong>\u00a0<\/p>\n<p>Ofrecen orientaci\u00f3n b\u00e1sica sobre los servicios y recursos de informaci\u00f3n en las bibliotecas del SIBE a estudiantes de posgrado y personal de nuevo ingreso a ECOSUR.\u00a0<\/p>\n<p><strong>\u202fVISITAS GUIADAS<\/strong>\u00a0<\/p>\n<p>Proporcionan informaci\u00f3n sobre los recursos y servicios de las bibliotecas a visitantes de instituciones afines. Informes y solicitudes:\u202f<a id=\"menur17l\" class=\"fui-Link ___1q1shib f2hkw1w f3rmtva f1ewtqcl fyind8e f1k6fduh f1w7gpdv fk6fouc fjoy568 figsok6 f1s184ao f1mk8lai fnbmjn9 f1o700av f13mvf36 f1cmlufx f9n3di6 f1ids18y f1tx3yz7 f1deo86v f1eh06m1 f1iescvh fhgqx19 f1olyrje f1p93eir f1nev41a f1h8hb77 f1lqvz6u f10aw75t fsle3fq f17ae5zn\" title=\"mailto:serviciosibe@ecosur.mx\" href=\"mailto:serviciosibe@ecosur.mx\" target=\"_blank\" rel=\"noreferrer noopener\" aria-label=\"V\u00ednculo serviciosibe@ecosur.mx\">serviciosibe@ecosur.mx<\/a>\u00a0<\/p>\n<\/p>\n\n\n<div class=\"wp-block-columns is-layout-flex wp-container-core-columns-is-layout-9d6595d7 wp-block-columns-is-layout-flex\">\n<div class=\"wp-block-column is-layout-flow wp-block-column-is-layout-flow\" style=\"flex-basis:66.66%\"><\/div>\n<\/div>\n\n\n\n<figure class=\"wp-block-image size-large is-resized\"><img loading=\"lazy\" decoding=\"async\" width=\"1024\" height=\"570\" src=\"https:\/\/bibliotecasibe.ecosur.mx\/sibe\/wp-content\/uploads\/sites\/7\/2026\/03\/imagen-1024x570.png\" alt=\"\" class=\"wp-image-3942\" style=\"width:1162px;height:auto\" srcset=\"https:\/\/bibliotecasibe.ecosur.mx\/sibe\/wp-content\/uploads\/sites\/7\/2026\/03\/imagen-1024x570.png 1024w, https:\/\/bibliotecasibe.ecosur.mx\/sibe\/wp-content\/uploads\/sites\/7\/2026\/03\/imagen-300x167.png 300w, https:\/\/bibliotecasibe.ecosur.mx\/sibe\/wp-content\/uploads\/sites\/7\/2026\/03\/imagen-768x427.png 768w, https:\/\/bibliotecasibe.ecosur.mx\/sibe\/wp-content\/uploads\/sites\/7\/2026\/03\/imagen.png 1246w\" sizes=\"auto, (max-width: 1024px) 100vw, 1024px\" \/><\/figure>\n","protected":false},"excerpt":{"rendered":"<p>Acciones orientadas a propiciar el desarrollo de capacidades y habilidades en el manejo de la informaci\u00f3n cient\u00edfica, dirigidas prioritariamente a la comunidad de ECOSUR, con extensi\u00f3n a grupos de instituciones afines. Pueden ser presenciales o en l\u00ednea.\u00a0 Se desarrollan a trav\u00e9s del PROGRAMA COMPETENCIAS INFORMATIVAS\u202f(PCI),\u202fdirigido a toda la comunidad acad\u00e9mica, estudiantil del posgrado de ECOSUR [&hellip;]<\/p>\n","protected":false},"author":1,"featured_media":0,"parent":33,"menu_order":0,"comment_status":"closed","ping_status":"closed","template":"","meta":{"content-type":"","om_disable_all_campaigns":false,"_monsterinsights_skip_tracking":false,"_monsterinsights_sitenote_active":false,"_monsterinsights_sitenote_note":"","_monsterinsights_sitenote_category":0,"ep_exclude_from_search":false,"footnotes":""},"class_list":["post-37","page","type-page","status-publish","hentry"],"aioseo_notices":[],"_links":{"self":[{"href":"https:\/\/bibliotecasibe.ecosur.mx\/sibe\/wp-json\/wp\/v2\/pages\/37","targetHints":{"allow":["GET"]}}],"collection":[{"href":"https:\/\/bibliotecasibe.ecosur.mx\/sibe\/wp-json\/wp\/v2\/pages"}],"about":[{"href":"https:\/\/bibliotecasibe.ecosur.mx\/sibe\/wp-json\/wp\/v2\/types\/page"}],"author":[{"embeddable":true,"href":"https:\/\/bibliotecasibe.ecosur.mx\/sibe\/wp-json\/wp\/v2\/users\/1"}],"replies":[{"embeddable":true,"href":"https:\/\/bibliotecasibe.ecosur.mx\/sibe\/wp-json\/wp\/v2\/comments?post=37"}],"version-history":[{"count":48,"href":"https:\/\/bibliotecasibe.ecosur.mx\/sibe\/wp-json\/wp\/v2\/pages\/37\/revisions"}],"predecessor-version":[{"id":3945,"href":"https:\/\/bibliotecasibe.ecosur.mx\/sibe\/wp-json\/wp\/v2\/pages\/37\/revisions\/3945"}],"up":[{"embeddable":true,"href":"https:\/\/bibliotecasibe.ecosur.mx\/sibe\/wp-json\/wp\/v2\/pages\/33"}],"wp:attachment":[{"href":"https:\/\/bibliotecasibe.ecosur.mx\/sibe\/wp-json\/wp\/v2\/media?parent=37"}],"curies":[{"name":"wp","href":"https:\/\/api.w.org\/{rel}","templated":true}]}}