{"id":39,"date":"2021-06-08T18:16:46","date_gmt":"2021-06-08T18:16:46","guid":{"rendered":"http:\/\/localhost\/wordpress\/sibe\/?page_id=39"},"modified":"2024-02-14T13:53:30","modified_gmt":"2024-02-14T19:53:30","slug":"servicios-de-apoyo-a-la-investigacion","status":"publish","type":"page","link":"https:\/\/bibliotecasibe.ecosur.mx\/sibe\/servicios\/servicios-de-apoyo-a-la-investigacion\/","title":{"rendered":"Servicios de apoyo a la investigaci\u00f3n"},"content":{"rendered":"<p>Conjunto de servicios especializados en apoyo a la escritura y publicaci\u00f3n acad\u00e9mica, visibilidad de las y los autores, evaluaci\u00f3n de la ciencia:<\/p>\n<ul>\n<li>An\u00e1lisis de citas<\/li>\n<li><span class=\"TextRun SCXW31323609 BCX8\" lang=\"ES-MX\" xml:lang=\"ES-MX\" data-contrast=\"auto\"><span class=\"NormalTextRun SCXW31323609 BCX8\">Citaci\u00f3n en la escritura acad\u00e9mica<\/span><\/span><\/li>\n<li><span class=\"TextRun SCXW227101859 BCX8\" lang=\"ES-MX\" xml:lang=\"ES-MX\" data-contrast=\"auto\"><span class=\"NormalTextRun SCXW227101859 BCX8\">Gestores de citas y referencias bibliogr\u00e1ficas (Mendeley y Zotero)<\/span><\/span><span class=\"EOP SCXW227101859 BCX8\" data-ccp-props=\"{&quot;335559685&quot;:708,&quot;335559731&quot;:708}\">\u00a0<\/span><\/li>\n<li>Generaci\u00f3n de identificadores de autor<\/li>\n<li>Elaboraci\u00f3n de bibliograf\u00edas especializadas<\/li>\n<li>Identificaci\u00f3n de editoriales de calidad<\/li>\n<li>B\u00fasqueda selectiva de informaci\u00f3n<\/li>\n<\/ul>\n<p>Consulta la secci\u00f3n web de recursos y herramientas para la investigaci\u00f3n, acerca de <a href=\"https:\/\/bibliotecasibe.ecosur.mx\/sibe\/recursos-para-la-investigacion\/escritura-academica\/\" target=\"_blank\" rel=\"noopener noreferrer\" data-auth=\"NotApplicable\" data-linkindex=\"1\">Escritura acad\u00e9mica<\/a>, <a href=\"https:\/\/bibliotecasibe.ecosur.mx\/sibe\/recursos-para-la-investigacion\/publicacion-academica\/\" target=\"_blank\" rel=\"noopener noreferrer\" data-auth=\"NotApplicable\" data-linkindex=\"2\">Publicaci\u00f3n acad\u00e9mica<\/a>\u00a0e <a href=\"https:\/\/bibliotecasibe.ecosur.mx\/sibe\/recursos-para-la-investigacion\/indices-de-calidad-y-de-impacto\/\" target=\"_blank\" rel=\"noopener noreferrer\" data-auth=\"NotApplicable\" data-linkindex=\"3\">\u00cdndices de calidad e impacto<\/a>.<\/p>\n\n<div class=\"wp-postblog-shortcode\" data-object-id=\"wpr_object_69e7a39ce8a53\">Cargando...<\/div>\n","protected":false},"excerpt":{"rendered":"<p>Conjunto de servicios especializados en apoyo a la escritura y publicaci\u00f3n acad\u00e9mica, visibilidad de las y los autores, evaluaci\u00f3n de la ciencia: An\u00e1lisis de citas Citaci\u00f3n en la escritura acad\u00e9mica Gestores de citas y referencias bibliogr\u00e1ficas (Mendeley y Zotero)\u00a0 Generaci\u00f3n de identificadores de autor Elaboraci\u00f3n de bibliograf\u00edas especializadas Identificaci\u00f3n de editoriales de calidad B\u00fasqueda selectiva [&hellip;]<\/p>\n","protected":false},"author":1,"featured_media":0,"parent":33,"menu_order":0,"comment_status":"closed","ping_status":"closed","template":"","meta":{"content-type":"","om_disable_all_campaigns":false,"_monsterinsights_skip_tracking":false,"_monsterinsights_sitenote_active":false,"_monsterinsights_sitenote_note":"","_monsterinsights_sitenote_category":0,"ep_exclude_from_search":false,"footnotes":""},"class_list":["post-39","page","type-page","status-publish","hentry"],"aioseo_notices":[],"_links":{"self":[{"href":"https:\/\/bibliotecasibe.ecosur.mx\/sibe\/wp-json\/wp\/v2\/pages\/39","targetHints":{"allow":["GET"]}}],"collection":[{"href":"https:\/\/bibliotecasibe.ecosur.mx\/sibe\/wp-json\/wp\/v2\/pages"}],"about":[{"href":"https:\/\/bibliotecasibe.ecosur.mx\/sibe\/wp-json\/wp\/v2\/types\/page"}],"author":[{"embeddable":true,"href":"https:\/\/bibliotecasibe.ecosur.mx\/sibe\/wp-json\/wp\/v2\/users\/1"}],"replies":[{"embeddable":true,"href":"https:\/\/bibliotecasibe.ecosur.mx\/sibe\/wp-json\/wp\/v2\/comments?post=39"}],"version-history":[{"count":11,"href":"https:\/\/bibliotecasibe.ecosur.mx\/sibe\/wp-json\/wp\/v2\/pages\/39\/revisions"}],"predecessor-version":[{"id":3035,"href":"https:\/\/bibliotecasibe.ecosur.mx\/sibe\/wp-json\/wp\/v2\/pages\/39\/revisions\/3035"}],"up":[{"embeddable":true,"href":"https:\/\/bibliotecasibe.ecosur.mx\/sibe\/wp-json\/wp\/v2\/pages\/33"}],"wp:attachment":[{"href":"https:\/\/bibliotecasibe.ecosur.mx\/sibe\/wp-json\/wp\/v2\/media?parent=39"}],"curies":[{"name":"wp","href":"https:\/\/api.w.org\/{rel}","templated":true}]}}