{"id":391,"date":"2021-06-11T03:54:45","date_gmt":"2021-06-11T03:54:45","guid":{"rendered":"http:\/\/localhost\/wordpress\/sibe\/?page_id=391"},"modified":"2021-06-15T18:24:32","modified_gmt":"2021-06-15T18:24:32","slug":"2001-2","status":"publish","type":"page","link":"https:\/\/bibliotecasibe.ecosur.mx\/sibe\/conocenos\/reconocimientos\/2001-2\/","title":{"rendered":"Reconocimiento 2001"},"content":{"rendered":"\n<section id=\"section-bca55f65-6951-4cab-a608-4dc8b21004e3\" class=\"wp-block-gutentor-about-block gutentor-section gutentor-about about-template1\"><div class=\"grid-container\"><div class=\"gutentor-grid-item-wrap\"><div class=\"gutentor-single-item\"><div class=\"grid-row\"><div class=\"grid-md-6 about-grid\"><div class=\"gutentor-single-item-image-box\"><div class=\"gutentor-image-thumb\"><img decoding=\"async\" class=\"normal-image\" src=\"https:\/\/bibliotecasibe.ecosur.mx\/sibe\/wp-content\/uploads\/sites\/7\/2021\/06\/desarrollo2001.jpg\" alt=\"\" \/><\/div><\/div><\/div><div class=\"grid-md-6 about-grid\"><div class=\"gutentor-single-item-content\"><div class=\"gutentor-about-content\"><h3 class=\"gutentor-single-item-title\"><strong>Premio Anual al Desarrollo Institucional de ECOSUR 2001<\/strong><\/h3><p class=\"gutentor-single-item-desc\"><span class=\"has-inline-color has-black-color\"><strong>DISCURSO OFICIAL DE CEREMONIA DE ENTREGA<br>*Dra. Esperanza Tu\u00f1\u00f3n Pablos (Abril 2001)<\/strong><br><br>A nombre de la Comisi\u00f3n Evaluadora de las candidaturas al Premio Anual al Desarrollo Institucional de ECOSUR 2001, tengo el agrado de informarles que se recibieron ocho nominaciones para este Premio, que las y los ocho colegas propuestos cuentan con m\u00e9ritos sobresalientes, que entre las y los ocho hubo compa\u00f1eros adscritos a las cinco Unidades de ECOSUR y que invitamos a toda la comunidad de ECOSUR a que consideren volver a someter el pr\u00f3ximo a\u00f1o y los consecuentes los nombres y los perfiles de los siete colegas que en esta ocasi\u00f3n no fueron seleccionados.<br>Qui\u00e9n si fue seleccionado para recibir el reconocimiento del Premio Anual al Desarrollo Institucional de ECOSUR 2001 es una valiosa mujer, que se ha destacado por su compromiso institucional, que en los \u00faltimos ocho a\u00f1os ha contribuido de manera decisiva al crecimiento, integraci\u00f3n y fortalecimiento de ECOSUR, que ha coadyuvado a proyectar a la instituci\u00f3n m\u00e1s all\u00e1 de la regi\u00f3n de la Frontera sur y especialmente hacia Centroam\u00e9rica y el Caribe as\u00ed como al conjunto de la red de Colegios, que ha conformado un s\u00f3lido equipo de colaboradores que se caracterizan por su eficiencia, compromiso, disposici\u00f3n de servicio y calidez en el trato que otorgan a toda la comunidad y personal externo que nos visita.<br>Nuestra galardonada ha tambi\u00e9n potenciado nuestros recursos humanos y t\u00e9cnicos institucionales, funcionado como puente interno entre las y los investigadores de todas las Unidades y, a trav\u00e9s de su trabajo consistente y tenaz, ha posibilitado que los dem\u00e1s cumplamos en mejores condiciones con nuestra misi\u00f3n en ECOSUR y que, gracias a esto, mantengamos nuestro lugar entre las instituciones de excelencia de CONACyT.<br>Con un trabajo callado pero fundamental, esta compa\u00f1era ha contribuido a que todas y todos seamos mejores y con estas palabras y este premio, queremos agradecerle su labor. El espacio desde el cual ha hecho esto es el Sistema de Informaci\u00f3n Bibliotecario de ECOSUR y su nombre es: la Maestra en Ciencias Adacelia L\u00f3pez Roblero.<br><a rel=\"noreferrer noopener\" href=\"http:\/\/revistas.ecosur.mx\/ecofronteras\/index.php\/eco\/article\/view\/1300\" target=\"_blank\">C. Reflexi\u00f3n en torno al Premio al Desarrollo Institucional. L\u00f3pez<\/a><br>R. Adacelia X. ECOfronteras No.16. ECOSUR. Agosto 2002. P\u00e1g. 29-30.<\/span><\/p><\/div><\/div><\/div><\/div><\/div><\/div><\/div><\/section>\n","protected":false},"excerpt":{"rendered":"","protected":false},"author":1,"featured_media":0,"parent":28,"menu_order":0,"comment_status":"closed","ping_status":"closed","template":"","meta":{"content-type":"","om_disable_all_campaigns":false,"_monsterinsights_skip_tracking":false,"_monsterinsights_sitenote_active":false,"_monsterinsights_sitenote_note":"","_monsterinsights_sitenote_category":0,"ep_exclude_from_search":false,"footnotes":""},"class_list":["post-391","page","type-page","status-publish","hentry"],"aioseo_notices":[],"_links":{"self":[{"href":"https:\/\/bibliotecasibe.ecosur.mx\/sibe\/wp-json\/wp\/v2\/pages\/391","targetHints":{"allow":["GET"]}}],"collection":[{"href":"https:\/\/bibliotecasibe.ecosur.mx\/sibe\/wp-json\/wp\/v2\/pages"}],"about":[{"href":"https:\/\/bibliotecasibe.ecosur.mx\/sibe\/wp-json\/wp\/v2\/types\/page"}],"author":[{"embeddable":true,"href":"https:\/\/bibliotecasibe.ecosur.mx\/sibe\/wp-json\/wp\/v2\/users\/1"}],"replies":[{"embeddable":true,"href":"https:\/\/bibliotecasibe.ecosur.mx\/sibe\/wp-json\/wp\/v2\/comments?post=391"}],"version-history":[{"count":2,"href":"https:\/\/bibliotecasibe.ecosur.mx\/sibe\/wp-json\/wp\/v2\/pages\/391\/revisions"}],"predecessor-version":[{"id":714,"href":"https:\/\/bibliotecasibe.ecosur.mx\/sibe\/wp-json\/wp\/v2\/pages\/391\/revisions\/714"}],"up":[{"embeddable":true,"href":"https:\/\/bibliotecasibe.ecosur.mx\/sibe\/wp-json\/wp\/v2\/pages\/28"}],"wp:attachment":[{"href":"https:\/\/bibliotecasibe.ecosur.mx\/sibe\/wp-json\/wp\/v2\/media?parent=391"}],"curies":[{"name":"wp","href":"https:\/\/api.w.org\/{rel}","templated":true}]}}