{"id":41,"date":"2021-06-08T18:18:36","date_gmt":"2021-06-08T18:18:36","guid":{"rendered":"http:\/\/localhost\/wordpress\/sibe\/?page_id=41"},"modified":"2024-02-14T14:02:20","modified_gmt":"2024-02-14T20:02:20","slug":"novedades-y-promocion-de-la-informacion","status":"publish","type":"page","link":"https:\/\/bibliotecasibe.ecosur.mx\/sibe\/servicios\/novedades-y-promocion-de-la-informacion\/","title":{"rendered":"Novedades y promoci\u00f3n de la informaci\u00f3n"},"content":{"rendered":"<p>Con el objetivo de acercar la informaci\u00f3n cient\u00edfica disponible a trav\u00e9s del SIBE, a los distintos grupos acad\u00e9micos, se han creado espacios y pr\u00e1cticas de difusi\u00f3n. En general se difunden y hacen visibles las colecciones y la producci\u00f3n acad\u00e9mica de ECOSUR.<\/p>\n<p><strong>Exposici\u00f3n documental<\/strong><\/p>\n<p>Exhibici\u00f3n de documentos en cada biblioteca del SIBE o a trav\u00e9s de la p\u00e1gina web, en dos modalidades:<\/p>\n<ul>\n<li>Reunidos bajo un tema de inter\u00e9s para la comunidad.<\/li>\n<li>Novedades bibliogr\u00e1ficas.<\/li>\n<li>Producci\u00f3n acad\u00e9mica de ECOSUR<\/li>\n<\/ul>\n<p><strong>Bibliograf\u00edas tem\u00e1ticas<\/strong><\/p>\n<p>Compilaciones de referencias documentales que buscan acercar temas espec\u00edficos a las y los lectores interesados, as\u00ed como promover el uso del acervo documental de las bibliotecas.<del><\/del><\/p>\n<p><strong>Facebook<\/strong><\/p>\n<p>En esta red difundimos los recursos de informaci\u00f3n disponibles en el SIBE,\u00a0las actividades de formaci\u00f3n y atenci\u00f3n a usuarios y usuarias. Accesible en\u00a0<a href=\"https:\/\/www.facebook.com\/bibliotecasibe\/\" target=\"_blank\" rel=\"noopener\">https:\/\/www.facebook.com\/bibliotecasibe\/<\/a><\/p>\n<p><strong>A pie juntillas<\/strong><\/p>\n<p>Blog dedicado a difundir y promover el uso de la informaci\u00f3n \u2014la producci\u00f3n acad\u00e9mica de ECOSUR, los acervos bibliogr\u00e1ficos de cada biblioteca, los recursos electr\u00f3nicos\u2014, as\u00ed como los servicios bibliotecarios del SIBE y actividades formativas y de difusi\u00f3n. <a href=\"https:\/\/bibliotecasibe.ecosur.mx\/blogsibe\/\" target=\"_blank\" rel=\"noopener\">Accede al blog desde aqu\u00ed<\/a>.<\/p>\n\n\n<p><\/p>\n\n\n\n<p><\/p>\n","protected":false},"excerpt":{"rendered":"<p>Con el objetivo de acercar la informaci\u00f3n cient\u00edfica disponible a trav\u00e9s del SIBE, a los distintos grupos acad\u00e9micos, se han creado espacios y pr\u00e1cticas de difusi\u00f3n. En general se difunden y hacen visibles las colecciones y la producci\u00f3n acad\u00e9mica de ECOSUR. Exposici\u00f3n documental Exhibici\u00f3n de documentos en cada biblioteca del SIBE o a trav\u00e9s de [&hellip;]<\/p>\n","protected":false},"author":1,"featured_media":0,"parent":33,"menu_order":0,"comment_status":"closed","ping_status":"closed","template":"","meta":{"content-type":"","om_disable_all_campaigns":false,"_monsterinsights_skip_tracking":false,"_monsterinsights_sitenote_active":false,"_monsterinsights_sitenote_note":"","_monsterinsights_sitenote_category":0,"ep_exclude_from_search":false,"footnotes":""},"class_list":["post-41","page","type-page","status-publish","hentry"],"aioseo_notices":[],"_links":{"self":[{"href":"https:\/\/bibliotecasibe.ecosur.mx\/sibe\/wp-json\/wp\/v2\/pages\/41","targetHints":{"allow":["GET"]}}],"collection":[{"href":"https:\/\/bibliotecasibe.ecosur.mx\/sibe\/wp-json\/wp\/v2\/pages"}],"about":[{"href":"https:\/\/bibliotecasibe.ecosur.mx\/sibe\/wp-json\/wp\/v2\/types\/page"}],"author":[{"embeddable":true,"href":"https:\/\/bibliotecasibe.ecosur.mx\/sibe\/wp-json\/wp\/v2\/users\/1"}],"replies":[{"embeddable":true,"href":"https:\/\/bibliotecasibe.ecosur.mx\/sibe\/wp-json\/wp\/v2\/comments?post=41"}],"version-history":[{"count":8,"href":"https:\/\/bibliotecasibe.ecosur.mx\/sibe\/wp-json\/wp\/v2\/pages\/41\/revisions"}],"predecessor-version":[{"id":3037,"href":"https:\/\/bibliotecasibe.ecosur.mx\/sibe\/wp-json\/wp\/v2\/pages\/41\/revisions\/3037"}],"up":[{"embeddable":true,"href":"https:\/\/bibliotecasibe.ecosur.mx\/sibe\/wp-json\/wp\/v2\/pages\/33"}],"wp:attachment":[{"href":"https:\/\/bibliotecasibe.ecosur.mx\/sibe\/wp-json\/wp\/v2\/media?parent=41"}],"curies":[{"name":"wp","href":"https:\/\/api.w.org\/{rel}","templated":true}]}}