{"id":43,"date":"2021-06-08T18:19:12","date_gmt":"2021-06-08T18:19:12","guid":{"rendered":"http:\/\/localhost\/wordpress\/sibe\/?page_id=43"},"modified":"2021-06-28T14:38:48","modified_gmt":"2021-06-28T14:38:48","slug":"espacios-de-lectura-y-trabajo-en-equipo","status":"publish","type":"page","link":"https:\/\/bibliotecasibe.ecosur.mx\/sibe\/servicios\/espacios-de-lectura-y-trabajo-en-equipo\/","title":{"rendered":"Espacios de lectura y trabajo en equipo"},"content":{"rendered":"<p><strong>Salas generales<\/strong><\/p>\n<p style=\"padding-left: 40px;\">Espacios acondicionados para la lectura y estudio, con mobiliario e iluminaci\u00f3n adecuados y acceso a internet inal\u00e1mbrico, en las bibliotecas de Campeche (Campeche), Chetumal (Quintana Roo), San Crist\u00f3bal de Las Casas, Tapachula (Chiapas) y Villahermosa (Tabasco).<\/p>\n<p><strong>Cub\u00edculos y m\u00f3dulos<\/strong><\/p>\n<p style=\"padding-left: 40px;\">Las bibliotecas de Chetumal, San Crist\u00f3bal de Las Casas y Villahermosa\u00a0 tienen cub\u00edculos y m\u00f3dulos individuales disponibles para el trabajo en equipo o del personal acad\u00e9mico con estudiantes, y para quienes necesiten mayor concentraci\u00f3n.<\/p>\n<p><strong>Salas de usos m\u00faltiples<\/strong><\/p>\n<p style=\"padding-left: 40px;\">Espacios para el desarrollo de talleres, cursos, seminarios, encuentros entre acad\u00e9micos y estudiantes, en las bibliotecas de Chetumal, San Crist\u00f3bal, Tapachula y Villahermosa. Deben ser solicitados previamente al personal bibliotecario.<\/p>\n","protected":false},"excerpt":{"rendered":"<p>Salas generales Espacios acondicionados para la lectura y estudio, con mobiliario e iluminaci\u00f3n adecuados y acceso a internet inal\u00e1mbrico, en las bibliotecas de Campeche (Campeche), Chetumal (Quintana Roo), San Crist\u00f3bal de Las Casas, Tapachula (Chiapas) y Villahermosa (Tabasco). Cub\u00edculos y m\u00f3dulos Las bibliotecas de Chetumal, San Crist\u00f3bal de Las Casas y Villahermosa\u00a0 tienen cub\u00edculos y [&hellip;]<\/p>\n","protected":false},"author":1,"featured_media":0,"parent":33,"menu_order":0,"comment_status":"closed","ping_status":"closed","template":"","meta":{"content-type":"","om_disable_all_campaigns":false,"_monsterinsights_skip_tracking":false,"_monsterinsights_sitenote_active":false,"_monsterinsights_sitenote_note":"","_monsterinsights_sitenote_category":0,"ep_exclude_from_search":false,"footnotes":""},"class_list":["post-43","page","type-page","status-publish","hentry"],"aioseo_notices":[],"_links":{"self":[{"href":"https:\/\/bibliotecasibe.ecosur.mx\/sibe\/wp-json\/wp\/v2\/pages\/43","targetHints":{"allow":["GET"]}}],"collection":[{"href":"https:\/\/bibliotecasibe.ecosur.mx\/sibe\/wp-json\/wp\/v2\/pages"}],"about":[{"href":"https:\/\/bibliotecasibe.ecosur.mx\/sibe\/wp-json\/wp\/v2\/types\/page"}],"author":[{"embeddable":true,"href":"https:\/\/bibliotecasibe.ecosur.mx\/sibe\/wp-json\/wp\/v2\/users\/1"}],"replies":[{"embeddable":true,"href":"https:\/\/bibliotecasibe.ecosur.mx\/sibe\/wp-json\/wp\/v2\/comments?post=43"}],"version-history":[{"count":3,"href":"https:\/\/bibliotecasibe.ecosur.mx\/sibe\/wp-json\/wp\/v2\/pages\/43\/revisions"}],"predecessor-version":[{"id":1458,"href":"https:\/\/bibliotecasibe.ecosur.mx\/sibe\/wp-json\/wp\/v2\/pages\/43\/revisions\/1458"}],"up":[{"embeddable":true,"href":"https:\/\/bibliotecasibe.ecosur.mx\/sibe\/wp-json\/wp\/v2\/pages\/33"}],"wp:attachment":[{"href":"https:\/\/bibliotecasibe.ecosur.mx\/sibe\/wp-json\/wp\/v2\/media?parent=43"}],"curies":[{"name":"wp","href":"https:\/\/api.w.org\/{rel}","templated":true}]}}