{"id":45,"date":"2021-06-08T18:19:39","date_gmt":"2021-06-08T18:19:39","guid":{"rendered":"http:\/\/localhost\/wordpress\/sibe\/?page_id=45"},"modified":"2025-09-05T11:57:27","modified_gmt":"2025-09-05T17:57:27","slug":"adquisiciones-bibliograficas","status":"publish","type":"page","link":"https:\/\/bibliotecasibe.ecosur.mx\/sibe\/servicios\/adquisiciones-bibliograficas\/","title":{"rendered":"Adquisiciones bibliogr\u00e1ficas"},"content":{"rendered":"<p align=\"justify\"><span style=\"font-size: medium; color: #000000;\"><strong><span style=\"font-size: large;\">Sugiere tu libro<\/span><\/strong><\/span><\/p>\n<p>Para ampliar el crecimiento del acervo, el SIBE capta permanentemente los t\u00edtulos de inter\u00e9s que apoyen las l\u00edneas de investigaci\u00f3n y las orientaciones de los programas de posgrado de ECOSUR. La adquisici\u00f3n de estos materiales est\u00e1 sujeta a la disponibilidad de presupuesto y a su existencia en el mercado.<\/p>\n<p>Si eres parte de la comunidad ECOSUR, puedes contactar al personal bibliotecario de tu unidad para sugerir la adquisici\u00f3n de un libro.<\/p>\n<p align=\"justify\"><span style=\"font-size: medium; color: #000000;\">\u00a0<\/span><\/p>\n<hr \/>\n<p align=\"justify\"><span style=\"color: #000000;\"><strong><span style=\"font-size: large;\">Compra de bibliograf\u00eda por proyectos<\/span><\/strong><\/span><\/p>\n<p align=\"justify\"><span style=\"font-size: medium; color: #000000;\">El SIBE apoya a personal de investigaci\u00f3n y directivo de ECOSUR en las gestiones de compra de materiales bibliogr\u00e1ficos, hemerogr\u00e1ficos, bases de datos y otros recursos de informaci\u00f3n, con financiamiento de proyectos. Para ello hay que contactar al personal bibliotecario de cada unidad.<\/span><\/p>\n\n\n<p><\/p>\n","protected":false},"excerpt":{"rendered":"<p>Sugiere tu libro Para ampliar el crecimiento del acervo, el SIBE capta permanentemente los t\u00edtulos de inter\u00e9s que apoyen las l\u00edneas de investigaci\u00f3n y las orientaciones de los programas de posgrado de ECOSUR. La adquisici\u00f3n de estos materiales est\u00e1 sujeta a la disponibilidad de presupuesto y a su existencia en el mercado. Si eres parte [&hellip;]<\/p>\n","protected":false},"author":1,"featured_media":0,"parent":33,"menu_order":0,"comment_status":"closed","ping_status":"closed","template":"","meta":{"content-type":"","om_disable_all_campaigns":false,"_monsterinsights_skip_tracking":false,"_monsterinsights_sitenote_active":false,"_monsterinsights_sitenote_note":"","_monsterinsights_sitenote_category":0,"ep_exclude_from_search":false,"footnotes":""},"class_list":["post-45","page","type-page","status-publish","hentry"],"aioseo_notices":[],"_links":{"self":[{"href":"https:\/\/bibliotecasibe.ecosur.mx\/sibe\/wp-json\/wp\/v2\/pages\/45","targetHints":{"allow":["GET"]}}],"collection":[{"href":"https:\/\/bibliotecasibe.ecosur.mx\/sibe\/wp-json\/wp\/v2\/pages"}],"about":[{"href":"https:\/\/bibliotecasibe.ecosur.mx\/sibe\/wp-json\/wp\/v2\/types\/page"}],"author":[{"embeddable":true,"href":"https:\/\/bibliotecasibe.ecosur.mx\/sibe\/wp-json\/wp\/v2\/users\/1"}],"replies":[{"embeddable":true,"href":"https:\/\/bibliotecasibe.ecosur.mx\/sibe\/wp-json\/wp\/v2\/comments?post=45"}],"version-history":[{"count":6,"href":"https:\/\/bibliotecasibe.ecosur.mx\/sibe\/wp-json\/wp\/v2\/pages\/45\/revisions"}],"predecessor-version":[{"id":3773,"href":"https:\/\/bibliotecasibe.ecosur.mx\/sibe\/wp-json\/wp\/v2\/pages\/45\/revisions\/3773"}],"up":[{"embeddable":true,"href":"https:\/\/bibliotecasibe.ecosur.mx\/sibe\/wp-json\/wp\/v2\/pages\/33"}],"wp:attachment":[{"href":"https:\/\/bibliotecasibe.ecosur.mx\/sibe\/wp-json\/wp\/v2\/media?parent=45"}],"curies":[{"name":"wp","href":"https:\/\/api.w.org\/{rel}","templated":true}]}}