{"id":53,"date":"2021-06-08T18:21:56","date_gmt":"2021-06-08T18:21:56","guid":{"rendered":"http:\/\/localhost\/wordpress\/sibe\/?page_id=53"},"modified":"2024-05-09T09:02:25","modified_gmt":"2024-05-09T15:02:25","slug":"escritura-academica","status":"publish","type":"page","link":"https:\/\/bibliotecasibe.ecosur.mx\/sibe\/recursos-para-la-investigacion\/escritura-academica\/","title":{"rendered":"Escritura acad\u00e9mica"},"content":{"rendered":"\n<div id=\"section-gc2d667\" class=\"wp-block-gutentor-e1 section-gc2d667 gutentor-element gutentor-element-advanced-text\"><div class=\"gutentor-text-wrap\"><p class=\"gutentor-text\">En esta secci\u00f3n se sugieren documentos, gu\u00edas, manuales y herramientas en l\u00ednea, de ayuda en el proceso de escritura acad\u00e9mica.<\/p><\/div><\/div>\n\n\n\n<section id=\"gm9460d7c\" class=\"wp-block-gutentor-m3 section-gm9460d7c gutentor-module gutentor-container-cover\"><div class=\"grid-container\">\n<div id=\"section-g451c7d\" class=\"wp-block-gutentor-e1 section-g451c7d gutentor-element gutentor-element-advanced-text\"><div class=\"gutentor-text-wrap\"><h3 class=\"gutentor-text\"><strong>Gestores de bibliograf\u00edas y referencias<\/strong><\/h3><\/div><\/div>\n\n\n\n<section id=\"gm2652b94\" class=\"wp-block-gutentor-m4 section-gm2652b94 gutentor-module gutentor-advanced-columns\"><div class=\"grid-container\"><div class=\"grid-row\">\n<div id=\"col-gmbd6f0e\" class=\"wp-block-gutentor-m4-col col-gmbd6f0e gutentor-single-column  grid-lg-6 grid-md-12 grid-12\"><div id=\"section-gmbd6f0e\" class=\"section-gmbd6f0e gutentor-col-wrap\"><div class=\"wp-block-image\">\n<figure class=\"aligncenter size-large\"><img loading=\"lazy\" decoding=\"async\" width=\"112\" height=\"112\" src=\"https:\/\/bibliotecasibe.ecosur.mx\/sibe\/wp-content\/uploads\/sites\/7\/2021\/06\/mendeley.png\" alt=\"\" class=\"wp-image-769\" \/><\/figure><\/div><\/div><\/div>\n\n\n\n<div id=\"col-gmdc5978\" class=\"wp-block-gutentor-m4-col col-gmdc5978 gutentor-single-column  grid-lg-6 grid-md-12 grid-12\"><div id=\"section-gmdc5978\" class=\"section-gmdc5978 gutentor-col-wrap\">\n<p align=\"justify\"><a href=\"https:\/\/www.mendeley.com\/\" target=\"_blank\" rel=\"noopener\"><span>Mendeley <\/span><\/a><\/p>\n<p align=\"justify\"><span style=\"color: #000000\">Herramienta para manejar referencias bibliogr\u00e1ficas, organizar y descubrir nuevos art\u00edculos de investigaci\u00f3n. Le permite colaborar con sus colegas, citar mientras escribe su documento desde la computadora o Internet.<br><\/span><\/p>\n<\/div><\/div>\n<\/div><\/div><\/section>\n\n\n\n<section id=\"gma114d18\" class=\"wp-block-gutentor-m4 section-gma114d18 gutentor-module gutentor-advanced-columns\"><div class=\"grid-container\"><div class=\"grid-row\">\n<div id=\"col-gmac694a\" class=\"wp-block-gutentor-m4-col col-gmac694a gutentor-single-column  grid-lg-6 grid-md-12 grid-12\"><div id=\"section-gmac694a\" class=\"section-gmac694a gutentor-col-wrap\"><div class=\"wp-block-image\">\n<figure class=\"aligncenter size-large\"><img loading=\"lazy\" decoding=\"async\" width=\"128\" height=\"128\" src=\"https:\/\/bibliotecasibe.ecosur.mx\/sibe\/wp-content\/uploads\/sites\/7\/2021\/06\/zotero.png\" alt=\"\" class=\"wp-image-768\" \/><\/figure><\/div><\/div><\/div>\n\n\n\n<div id=\"col-gm0c23d0\" class=\"wp-block-gutentor-m4-col col-gm0c23d0 gutentor-single-column  grid-lg-6 grid-md-12 grid-12\"><div id=\"section-gm0c23d0\" class=\"section-gm0c23d0 gutentor-col-wrap\">\n<p align=\"justify\"><span style=\"color: #000000\"><span><a href=\"https:\/\/www.zotero.org\/\" target=\"_blank\" rel=\"noopener\">Zotero<\/a> <\/span><\/span><\/p>\n<p align=\"justify\"><span style=\"color: #000000\"><span>Potente herramienta de investigaci\u00f3n que ayuda a recopilar, organizar y analizar fuentes (citas, textos completos, p\u00e1ginas web, im\u00e1genes y otros objetos), y permite compartir los resultados de su investigaci\u00f3n con otras personas.Esta herramienta no requiere licencia para su instalaci\u00f3n.<\/span><\/span><\/p>\n<\/div><\/div>\n<\/div><\/div><\/section>\n\n\n\n<section id=\"gm0efe946\" class=\"wp-block-gutentor-m4 section-gm0efe946 gutentor-module gutentor-advanced-columns\"><div class=\"grid-container\"><div class=\"grid-row\">\n<div id=\"col-gm0e46eb\" class=\"wp-block-gutentor-m4-col col-gm0e46eb gutentor-single-column  grid-lg-6 grid-md-12 grid-12\"><div id=\"section-gm0e46eb\" class=\"section-gm0e46eb gutentor-col-wrap\"><div class=\"wp-block-image\">\n<figure class=\"aligncenter size-large\"><img loading=\"lazy\" decoding=\"async\" width=\"192\" height=\"88\" src=\"https:\/\/bibliotecasibe.ecosur.mx\/sibe\/wp-content\/uploads\/sites\/7\/2021\/06\/endnote.jpg\" alt=\"\" class=\"wp-image-767\" \/><\/figure><\/div><\/div><\/div>\n\n\n\n<div id=\"col-gm20b157\" class=\"wp-block-gutentor-m4-col col-gm20b157 gutentor-single-column  grid-lg-6 grid-md-12 grid-12\"><div id=\"section-gm20b157\" class=\"section-gm20b157 gutentor-col-wrap\">\n<p align=\"justify\"><span style=\"color: #000000\"><a href=\"http:\/\/endnote.com\/\" target=\"_blank\" rel=\"noopener\">EndNote Web<\/a> <br><\/span><\/p>\n<p align=\"justify\"><span style=\"color: #000000\">Herramienta de apoyo a la investigaci\u00f3n que permite recopilar, organizar y analizar fuentes documentales, as\u00ed mismo, compartir y difundir los resultados de sus investigaciones con otras personas. Para el uso de EndNoteWeb se requiere licencia, si eres usuario de ECOSUR puedes obtenerla a trav\u00e9s de la base de datos Web of Science.<\/span><\/p>\n<\/div><\/div>\n<\/div><\/div><\/section>\n<\/div><\/section>\n\n\n\n<section id=\"gmc9227bf\" class=\"wp-block-gutentor-m3 section-gmc9227bf gutentor-module gutentor-container-cover\"><div class=\"grid-container\">\n<div id=\"section-gda759d\" class=\"wp-block-gutentor-e1 section-gda759d gutentor-element gutentor-element-advanced-text\"><div class=\"gutentor-text-wrap\"><h3 class=\"gutentor-text\"><strong><strong>Manuales de escritura acad\u00e9mica<\/strong><\/strong><\/h3><\/div><\/div>\n\n\n\n<section id=\"gmf10571b\" class=\"wp-block-gutentor-m4 section-gmf10571b gutentor-module gutentor-advanced-columns\"><div class=\"grid-container\"><div class=\"grid-row\">\n<div id=\"col-gmbcaa17\" class=\"wp-block-gutentor-m4-col col-gmbcaa17 gutentor-single-column  grid-lg-6 grid-md-12 grid-12\"><div id=\"section-gmbcaa17\" class=\"section-gmbcaa17 gutentor-col-wrap\"><div class=\"wp-block-image\">\n<figure class=\"aligncenter size-full\"><img loading=\"lazy\" decoding=\"async\" width=\"101\" height=\"160\" src=\"https:\/\/bibliotecasibe.ecosur.mx\/sibe\/wp-content\/uploads\/sites\/7\/2022\/07\/how_to_write_and_publish.jpg\" alt=\"\" class=\"wp-image-2523\" \/><\/figure><\/div><\/div><\/div>\n\n\n\n<div id=\"col-gm72f38a\" class=\"wp-block-gutentor-m4-col col-gm72f38a gutentor-single-column  grid-lg-6 grid-md-12 grid-12\"><div id=\"section-gm72f38a\" class=\"section-gm72f38a gutentor-col-wrap\">\n<p align=\"justify\"><span style=\"color: #000000\"><a href=\"https:\/\/biblioteca.ecosur.mx\/cgi-bin\/koha\/opac-detail.pl?biblionumber=62644\" target=\"_blank\" rel=\"noopener\">How to write and publish a scientific paper<\/a> <br><\/span><\/p>\n<p align=\"justify\">Este texto es imprescindible para cualquier persona que necesite comunicar informaci\u00f3n cient\u00edfica, la novena edici\u00f3n cuidadosamente revisada conserva el material m\u00e1s importante, incluida la preparaci\u00f3n de texto y gr\u00e1ficos, la publicaci\u00f3n de art\u00edculos y otros tipos de escritura, proporciona una gu\u00eda pr\u00e1ctica, f\u00e1cil de leer y de aplicaci\u00f3n inmediata sobre la preparaci\u00f3n de cada parte de un art\u00edculo cient\u00edfico, desde el t\u00edtulo y el resumen hasta cada secci\u00f3n del texto principal, los agradecimientos y las referencias. Explica c\u00f3mo decidir a qu\u00e9 revista enviar un art\u00edculo, presenta temas actuales como derechos de autor.<\/p>\n<\/div><\/div>\n<\/div><\/div><\/section>\n\n\n\n<section id=\"gm84a610b\" class=\"wp-block-gutentor-m4 section-gm84a610b gutentor-module gutentor-advanced-columns\"><div class=\"grid-container\"><div class=\"grid-row\">\n<div id=\"col-gmfc9009\" class=\"wp-block-gutentor-m4-col col-gmfc9009 gutentor-single-column  grid-lg-6 grid-md-12 grid-12\"><div id=\"section-gmfc9009\" class=\"section-gmfc9009 gutentor-col-wrap\"><div class=\"wp-block-image\">\n<figure class=\"aligncenter size-large is-resized\"><img loading=\"lazy\" decoding=\"async\" src=\"https:\/\/bibliotecasibe.ecosur.mx\/sibe\/wp-content\/uploads\/sites\/7\/2021\/06\/manualrc1.png\" alt=\"\" class=\"wp-image-765\" width=\"150\" height=\"150\" \/><\/figure><\/div><\/div><\/div>\n\n\n\n<div id=\"col-gm37c963\" class=\"wp-block-gutentor-m4-col col-gm37c963 gutentor-single-column  grid-lg-6 grid-md-12 grid-12\"><div id=\"section-gm37c963\" class=\"section-gm37c963 gutentor-col-wrap\">\n<p align=\"justify\"><span style=\"color: #000000\"><a href=\"https:\/\/archive.org\/details\/manual_201804\" target=\"_blank\" rel=\"noopener\">Manual de redacci\u00f3n cient\u00edfica. Versi\u00f3n completa.<\/a> <br><\/span><\/p>\n<p align=\"justify\"><span style=\"color: #000000\">Escrito por Jos\u00e9 A. Mari Mutt, del Departamento de Biolog\u00eda de la Universidad de Puerto Rico. Escrito para estudiantes y profesionales que inician sus carreras como investigadores y autores de art\u00edculos cient\u00edficos. Contiene fundamentos de la redacci\u00f3n cient\u00edfica y descripci\u00f3n de las partes del art\u00edculo cient\u00edfico.<\/span><\/p>\n<\/div><\/div>\n<\/div><\/div><\/section>\n\n\n\n<section id=\"gmcb8ead8\" class=\"wp-block-gutentor-m4 section-gmcb8ead8 gutentor-module gutentor-advanced-columns\"><div class=\"grid-container\"><div class=\"grid-row\">\n<div id=\"col-gmb9084b\" class=\"wp-block-gutentor-m4-col col-gmb9084b gutentor-single-column  grid-lg-6 grid-md-12 grid-12\"><div id=\"section-gmb9084b\" class=\"section-gmb9084b gutentor-col-wrap\"><div class=\"wp-block-image\">\n<figure class=\"aligncenter size-full\"><img loading=\"lazy\" decoding=\"async\" width=\"133\" height=\"200\" src=\"https:\/\/bibliotecasibe.ecosur.mx\/sibe\/wp-content\/uploads\/sites\/7\/2022\/06\/Scientific-Papers-and-Presentations.gif\" alt=\"\" class=\"wp-image-2428\" \/><\/figure><\/div><\/div><\/div>\n\n\n\n<div id=\"col-gmdcb605\" class=\"wp-block-gutentor-m4-col col-gmdcb605 gutentor-single-column  grid-lg-6 grid-md-12 grid-12\"><div id=\"section-gmdcb605\" class=\"section-gmdcb605 gutentor-col-wrap\">\n<p align=\"justify\"><span style=\"color: #000000\"><a href=\"https:\/\/www.sciencedirect.com\/book\/9780123847270\/scientific-papers-and-presentations#book-info\" target=\"_blank\" rel=\"noopener\">Scientific Papers and Presentations<\/a><\/span><\/p>\n<p align=\"justify\">Publicaci\u00f3n electr\u00f3nica de Elsevier. Cubre todos los aspectos de la comunicaci\u00f3n para los primeros cient\u00edficos, desde la investigaci\u00f3n hasta las tesis y las presentaciones. Discute c\u00f3mo usar multimedia de manera efectiva en presentaciones y comunicaci\u00f3n. Incluye una extensa secci\u00f3n de ap\u00e9ndices con ejemplos detallados para mayor orientaci\u00f3n.<\/p>\n<\/div><\/div>\n<\/div><\/div><\/section>\n<\/div><\/section>\n\n\n\n<section id=\"gm0c660b3\" class=\"wp-block-gutentor-m3 section-gm0c660b3 gutentor-module gutentor-container-cover\"><div class=\"grid-container\">\n<div id=\"section-gca9bda\" class=\"wp-block-gutentor-e1 section-gca9bda gutentor-element gutentor-element-advanced-text\"><div class=\"gutentor-text-wrap\"><h3 class=\"gutentor-text\"><strong><strong><strong><strong>Manual del estilo Council Of Science Editors<\/strong><\/strong><\/strong><\/strong><\/h3><\/div><\/div>\n\n\n\n<section id=\"gm7f5ead6\" class=\"wp-block-gutentor-m4 section-gm7f5ead6 gutentor-module gutentor-advanced-columns\"><div class=\"grid-container\"><div class=\"grid-row\">\n<div id=\"col-gme34db5\" class=\"wp-block-gutentor-m4-col col-gme34db5 gutentor-single-column  grid-lg-6 grid-md-12 grid-12\"><div id=\"section-gme34db5\" class=\"section-gme34db5 gutentor-col-wrap\"><div class=\"wp-block-image\">\n<figure class=\"aligncenter size-full is-resized\"><img loading=\"lazy\" decoding=\"async\" src=\"https:\/\/bibliotecasibe.ecosur.mx\/sibe\/wp-content\/uploads\/sites\/7\/2021\/09\/logo-manual-e1630678760262.jpg\" alt=\"\" class=\"wp-image-1996\" width=\"154\" height=\"150\" \/><\/figure><\/div><\/div><\/div>\n\n\n\n<div id=\"col-gm7a5e09\" class=\"wp-block-gutentor-m4-col col-gm7a5e09 gutentor-single-column  grid-lg-6 grid-md-12 grid-12\"><div id=\"section-gm7a5e09\" class=\"section-gm7a5e09 gutentor-col-wrap\">\n<p align=\"justify\"><a href=\"https:\/\/login.ecosur.idm.oclc.org\/login?url=https:\/\/www.scientificstyleandformat.org\/Home.html\" target=\"_blank\" rel=\"noopener\">Scientific Style and Format Online<\/a>, manual del estilo de citaci\u00f3n Council of Science Editors. Incluye el sistema nombre-a\u00f1o requerido para elaborar las referencias de citas en las tesis de posgrado de ECOSUR. Se requiere cuenta y clave de correo institucional para su consulta. <a href=\"https:\/\/youtu.be\/8g0XAOEp9qM\" target=\"_blank\" rel=\"noopener\"><span class=\"TextRun SCXW158959656 BCX8\" lang=\"ES-MX\" xml:lang=\"ES-MX\" data-contrast=\"auto\"><span class=\"NormalTextRun SCXW158959656 BCX8\">Ver gu\u00eda para consultar el Manual.<\/span><\/span><\/a><\/p>\n<\/div><\/div>\n<\/div><\/div><\/section>\n<\/div><\/section>\n\n\n\n<section id=\"gme1c21ee\" class=\"wp-block-gutentor-m3 section-gme1c21ee gutentor-module gutentor-container-cover\"><div class=\"grid-container\"><\/div><\/section>\n","protected":false},"excerpt":{"rendered":"<p>En esta secci\u00f3n se sugieren documentos, gu\u00edas, manuales y herramientas&#8230;<\/p>\n","protected":false},"author":1,"featured_media":0,"parent":51,"menu_order":0,"comment_status":"closed","ping_status":"closed","template":"","meta":{"content-type":"","om_disable_all_campaigns":false,"_monsterinsights_skip_tracking":false,"_monsterinsights_sitenote_active":false,"_monsterinsights_sitenote_note":"","_monsterinsights_sitenote_category":0,"ep_exclude_from_search":false,"footnotes":""},"class_list":["post-53","page","type-page","status-publish","hentry"],"aioseo_notices":[],"_links":{"self":[{"href":"https:\/\/bibliotecasibe.ecosur.mx\/sibe\/wp-json\/wp\/v2\/pages\/53","targetHints":{"allow":["GET"]}}],"collection":[{"href":"https:\/\/bibliotecasibe.ecosur.mx\/sibe\/wp-json\/wp\/v2\/pages"}],"about":[{"href":"https:\/\/bibliotecasibe.ecosur.mx\/sibe\/wp-json\/wp\/v2\/types\/page"}],"author":[{"embeddable":true,"href":"https:\/\/bibliotecasibe.ecosur.mx\/sibe\/wp-json\/wp\/v2\/users\/1"}],"replies":[{"embeddable":true,"href":"https:\/\/bibliotecasibe.ecosur.mx\/sibe\/wp-json\/wp\/v2\/comments?post=53"}],"version-history":[{"count":40,"href":"https:\/\/bibliotecasibe.ecosur.mx\/sibe\/wp-json\/wp\/v2\/pages\/53\/revisions"}],"predecessor-version":[{"id":3176,"href":"https:\/\/bibliotecasibe.ecosur.mx\/sibe\/wp-json\/wp\/v2\/pages\/53\/revisions\/3176"}],"up":[{"embeddable":true,"href":"https:\/\/bibliotecasibe.ecosur.mx\/sibe\/wp-json\/wp\/v2\/pages\/51"}],"wp:attachment":[{"href":"https:\/\/bibliotecasibe.ecosur.mx\/sibe\/wp-json\/wp\/v2\/media?parent=53"}],"curies":[{"name":"wp","href":"https:\/\/api.w.org\/{rel}","templated":true}]}}