{"id":57,"date":"2021-06-08T18:22:47","date_gmt":"2021-06-08T18:22:47","guid":{"rendered":"http:\/\/localhost\/wordpress\/sibe\/?page_id=57"},"modified":"2025-09-08T12:31:59","modified_gmt":"2025-09-08T18:31:59","slug":"indices-de-calidad-y-de-impacto","status":"publish","type":"page","link":"https:\/\/bibliotecasibe.ecosur.mx\/sibe\/recursos-para-la-investigacion\/indices-de-calidad-y-de-impacto\/","title":{"rendered":"\u00cdndices de calidad y de impacto"},"content":{"rendered":"\n<div id=\"section-g851fc9\" class=\"wp-block-gutentor-e1 section-g851fc9 gutentor-element gutentor-element-advanced-text\"><div class=\"gutentor-text-wrap\"><p class=\"gutentor-text\">Aqu\u00ed se re\u00fanen las fuentes para consultar la calidad e impacto de las publicaciones cient\u00edficas y de divulgaci\u00f3n.<\/p><\/div><\/div>\n\n\n\n<div class=\"wp-block-group\"><div class=\"wp-block-group__inner-container is-layout-flow wp-block-group-is-layout-flow\">\n<section id=\"gm45b1e85\" class=\"wp-block-gutentor-m3 section-gm45b1e85 gutentor-module gutentor-container-cover\"><div class=\"grid-container\">\n<div id=\"section-g7aa10f\" class=\"wp-block-gutentor-e1 section-g7aa10f gutentor-element gutentor-element-advanced-text\"><div class=\"gutentor-text-wrap\"><p class=\"gutentor-text\"><\/p><\/div><\/div>\n\n\n\n<section id=\"gm4fb41b2\" class=\"wp-block-gutentor-m4 section-gm4fb41b2 gutentor-module gutentor-advanced-columns\"><div class=\"grid-container\"><div class=\"grid-row\">\n<div id=\"col-gm45fb8b\" class=\"wp-block-gutentor-m4-col col-gm45fb8b gutentor-single-column  grid-lg-6 grid-md-12 grid-12\"><div id=\"section-gm45fb8b\" class=\"section-gm45fb8b gutentor-col-wrap\"><div class=\"wp-block-image\">\n<figure class=\"aligncenter size-large\"><img loading=\"lazy\" decoding=\"async\" width=\"194\" height=\"83\" src=\"https:\/\/bibliotecasibe.ecosur.mx\/sibe\/wp-content\/uploads\/sites\/7\/2021\/06\/doaj.png\" alt=\"\" class=\"wp-image-822\"\/><\/figure><\/div><\/div><\/div>\n\n\n\n<div id=\"col-gm3af3fa\" class=\"wp-block-gutentor-m4-col col-gm3af3fa gutentor-single-column  grid-lg-6 grid-md-12 grid-12\"><div id=\"section-gm3af3fa\" class=\"section-gm3af3fa gutentor-col-wrap\">\n<p align=\"justify\"><span style=\"color: #000000\"><a href=\"https:\/\/doaj.org\/\" target=\"_blank\" rel=\"noopener\">Directory of Open Access Journals<\/a>&nbsp;El DOAJ es una lista mundial de revistas de acceso abierto y pretende ser el punto de partida para todas las b\u00fasquedas de informaci\u00f3n sobre materiales de acceso abierto revisados \u200b\u200bpor pares.<\/span><\/p>\n<\/div><\/div>\n<\/div><\/div><\/section>\n\n\n\n<section id=\"gmc9976eb\" class=\"wp-block-gutentor-m4 section-gmc9976eb gutentor-module gutentor-advanced-columns\"><div class=\"grid-container\"><div class=\"grid-row\">\n<div id=\"col-gm778de8\" class=\"wp-block-gutentor-m4-col col-gm778de8 gutentor-single-column  grid-lg-6 grid-md-12 grid-12\"><div id=\"section-gm778de8\" class=\"section-gm778de8 gutentor-col-wrap\"><div class=\"wp-block-image\">\n<figure class=\"aligncenter size-large is-resized\"><img loading=\"lazy\" decoding=\"async\" width=\"334\" height=\"151\" src=\"https:\/\/bibliotecasibe.ecosur.mx\/sibe\/wp-content\/uploads\/sites\/7\/2021\/06\/Clarivate.png\" alt=\"\" class=\"wp-image-821\" style=\"width:206px;height:92px\" srcset=\"https:\/\/bibliotecasibe.ecosur.mx\/sibe\/wp-content\/uploads\/sites\/7\/2021\/06\/Clarivate.png 334w, https:\/\/bibliotecasibe.ecosur.mx\/sibe\/wp-content\/uploads\/sites\/7\/2021\/06\/Clarivate-300x136.png 300w\" sizes=\"auto, (max-width: 334px) 100vw, 334px\" \/><\/figure><\/div><\/div><\/div>\n\n\n\n<div id=\"col-gm421b1a\" class=\"wp-block-gutentor-m4-col col-gm421b1a gutentor-single-column  grid-lg-6 grid-md-12 grid-12\"><div id=\"section-gm421b1a\" class=\"section-gm421b1a gutentor-col-wrap\">\n<p align=\"justify\"><span style=\"color: #000000\"><a href=\"https:\/\/jcr.clarivate.com\/\" target=\"_blank\" rel=\"noopener\">Journal Citation Reports<\/a> Proporciona el Factor de Impacto de las revistas indizadas en la Web of Science, esto es, su importancia relativa en un campo de conocimiento. Este indicador se obtiene por el n\u00famero de citas recibidas en un a\u00f1o por el n\u00famero de trabajos publicados en ese periodo de la revista que se trate.<\/span><\/p>\n<\/div><\/div>\n<\/div><\/div><\/section>\n\n\n\n<section id=\"gm8666e38\" class=\"wp-block-gutentor-m4 section-gm8666e38 gutentor-module gutentor-advanced-columns\"><div class=\"grid-container\"><div class=\"grid-row\">\n<div id=\"col-gm7db966\" class=\"wp-block-gutentor-m4-col col-gm7db966 gutentor-single-column  grid-lg-6 grid-md-12 grid-12\"><div id=\"section-gm7db966\" class=\"section-gm7db966 gutentor-col-wrap\"><div class=\"wp-block-image\">\n<figure class=\"aligncenter size-large is-resized\"><img loading=\"lazy\" decoding=\"async\" width=\"334\" height=\"151\" src=\"https:\/\/bibliotecasibe.ecosur.mx\/sibe\/wp-content\/uploads\/sites\/7\/2021\/06\/Clarivate.png\" alt=\"\" class=\"wp-image-821\" style=\"width:192px;height:86px\" srcset=\"https:\/\/bibliotecasibe.ecosur.mx\/sibe\/wp-content\/uploads\/sites\/7\/2021\/06\/Clarivate.png 334w, https:\/\/bibliotecasibe.ecosur.mx\/sibe\/wp-content\/uploads\/sites\/7\/2021\/06\/Clarivate-300x136.png 300w\" sizes=\"auto, (max-width: 334px) 100vw, 334px\" \/><\/figure><\/div><\/div><\/div>\n\n\n\n<div id=\"col-gm8adb15\" class=\"wp-block-gutentor-m4-col col-gm8adb15 gutentor-single-column  grid-lg-6 grid-md-12 grid-12\"><div id=\"section-gm8adb15\" class=\"section-gm8adb15 gutentor-col-wrap\">\n<p align=\"justify\"><span style=\"color: #000000\"><a href=\"http:\/\/wokinfo.com\/mbl\/\" target=\"_blank\" rel=\"noopener\" data-wplink-edit=\"true\">Lista maestra de libros de la Web of Science (WoS)<\/a> Sitio que permite buscar e identificar los libros indexados en la Web of Science de Thomson Reuters. Permite la b\u00fasqueda por t\u00edtulo de la obra, t\u00edtulo de la serie, ISBN y por editorial.<\/span><\/p>\n<\/div><\/div>\n<\/div><\/div><\/section>\n\n\n\n<section id=\"gmc674e3e\" class=\"wp-block-gutentor-m4 section-gmc674e3e gutentor-module gutentor-advanced-columns\"><div class=\"grid-container\"><div class=\"grid-row\">\n<div id=\"col-gmaa6924\" class=\"wp-block-gutentor-m4-col col-gmaa6924 gutentor-single-column  grid-lg-6 grid-md-12 grid-12\"><div id=\"section-gmaa6924\" class=\"section-gmaa6924 gutentor-col-wrap\"><div class=\"wp-block-image\">\n<figure class=\"aligncenter size-large is-resized\"><img loading=\"lazy\" decoding=\"async\" width=\"334\" height=\"151\" src=\"https:\/\/bibliotecasibe.ecosur.mx\/sibe\/wp-content\/uploads\/sites\/7\/2021\/06\/Clarivate.png\" alt=\"\" class=\"wp-image-821\" style=\"width:192px;height:86px\" srcset=\"https:\/\/bibliotecasibe.ecosur.mx\/sibe\/wp-content\/uploads\/sites\/7\/2021\/06\/Clarivate.png 334w, https:\/\/bibliotecasibe.ecosur.mx\/sibe\/wp-content\/uploads\/sites\/7\/2021\/06\/Clarivate-300x136.png 300w\" sizes=\"auto, (max-width: 334px) 100vw, 334px\" \/><\/figure><\/div><\/div><\/div>\n\n\n\n<div id=\"col-gm75736d\" class=\"wp-block-gutentor-m4-col col-gm75736d gutentor-single-column  grid-lg-6 grid-md-12 grid-12\"><div id=\"section-gm75736d\" class=\"section-gm75736d gutentor-col-wrap\">\n<p class=\"justificado\"><a href=\"https:\/\/mjl.clarivate.com\/home\" target=\"_blank\" rel=\"noopener\">Lista maestra de revistas de la Web of Science (WoS)<\/a> <span style=\"color: #000000\">Sitio que permite buscar e identificar las revistas indexadas en la Web of Science de Thomson Reuters; a\u00f1os atr\u00e1s esta lista fue iniciada y pertenec\u00eda al Institute for Scientific Information (ISI) y se mostraba a trav\u00e9s de la plataforma Web of Knowledge, ahora conocida como revistas WoS. <\/span><br \/><span style=\"color: #000000\">Para mayor informaci\u00f3n, ver esta aclaraci\u00f3n de editor de revista en acceso abierto.<\/span> <a href=\"http:\/\/www.scielo.cl\/scielo.php?script=sci_arttext&amp;pid=S0718-07642013000500001&amp;lng=en\">http:\/\/www.scielo.cl\/scielo.php?script=sci_arttext&amp;pid=S0718-07642013000500001&amp;lng=en<\/a><\/p>\n<p align=\"justify\"><span style=\"color: #000000\">&nbsp;<\/span><\/p>\n<\/div><\/div>\n<\/div><\/div><\/section>\n\n\n\n<section id=\"gmb66fb54\" class=\"wp-block-gutentor-m4 section-gmb66fb54 gutentor-module gutentor-advanced-columns\"><div class=\"grid-container\"><div class=\"grid-row\">\n<div id=\"col-gm3d75c7\" class=\"wp-block-gutentor-m4-col col-gm3d75c7 gutentor-single-column  grid-lg-6 grid-md-12 grid-12\"><div id=\"section-gm3d75c7\" class=\"section-gm3d75c7 gutentor-col-wrap\"><div class=\"wp-block-image\">\n<figure class=\"aligncenter size-large\"><img loading=\"lazy\" decoding=\"async\" width=\"1024\" height=\"407\" src=\"https:\/\/bibliotecasibe.ecosur.mx\/sibe\/wp-content\/uploads\/sites\/7\/2023\/05\/conahcyt-1024x407.png\" alt=\"\" class=\"wp-image-2801\" srcset=\"https:\/\/bibliotecasibe.ecosur.mx\/sibe\/wp-content\/uploads\/sites\/7\/2023\/05\/conahcyt-1024x407.png 1024w, https:\/\/bibliotecasibe.ecosur.mx\/sibe\/wp-content\/uploads\/sites\/7\/2023\/05\/conahcyt-300x119.png 300w, https:\/\/bibliotecasibe.ecosur.mx\/sibe\/wp-content\/uploads\/sites\/7\/2023\/05\/conahcyt-768x305.png 768w, https:\/\/bibliotecasibe.ecosur.mx\/sibe\/wp-content\/uploads\/sites\/7\/2023\/05\/conahcyt.png 1388w\" sizes=\"auto, (max-width: 1024px) 100vw, 1024px\" \/><\/figure><\/div><\/div><\/div>\n\n\n\n<div id=\"col-gm6bcfb3\" class=\"wp-block-gutentor-m4-col col-gm6bcfb3 gutentor-single-column  grid-lg-6 grid-md-12 grid-12\"><div id=\"section-gm6bcfb3\" class=\"section-gm6bcfb3 gutentor-col-wrap\">\n<p align=\"justify\"><span style=\"color: #000000\"><a href=\"http:\/\/www.revistascytconacyt.mx\/\" target=\"_blank\" rel=\"noopener\">Sistema de Clasificaci\u00f3n de Revistas Mexicanas de Ciencia y Tecnolog\u00eda<\/a> Es un \u00edndice de revistas mexicanas reconocidas por CONAHCYT por su calidad y excelencia editorial.<\/span><\/p>\n<\/div><\/div>\n<\/div><\/div><\/section>\n\n\n\n<section id=\"gmb89ef89\" class=\"wp-block-gutentor-m4 section-gmb89ef89 gutentor-module gutentor-advanced-columns\"><div class=\"grid-container\"><div class=\"grid-row\">\n<div id=\"col-gm09370d\" class=\"wp-block-gutentor-m4-col col-gm09370d gutentor-single-column  grid-lg-6 grid-md-12 grid-12\"><div id=\"section-gm09370d\" class=\"section-gm09370d gutentor-col-wrap\"><div class=\"wp-block-image\">\n<figure class=\"aligncenter size-large\"><img loading=\"lazy\" decoding=\"async\" width=\"300\" height=\"130\" src=\"https:\/\/bibliotecasibe.ecosur.mx\/sibe\/wp-content\/uploads\/sites\/7\/2021\/06\/googlescholar.jpg\" alt=\"\" class=\"wp-image-816\"\/><\/figure><\/div><\/div><\/div>\n\n\n\n<div id=\"col-gm532e08\" class=\"wp-block-gutentor-m4-col col-gm532e08 gutentor-single-column  grid-lg-6 grid-md-12 grid-12\"><div id=\"section-gm532e08\" class=\"section-gm532e08 gutentor-col-wrap\">\n<p align=\"justify\"><span style=\"color: #000000\"><a href=\"http:\/\/scholar.google.com.mx\/citations?view_op=top_venues&amp;hl=en&amp;vq=es\" target=\"_blank\" rel=\"noopener\">Google Scholar Metrics<\/a> Proporciona el \u00edndice H de todas las revistas cient\u00edficas que este buscador encuentra en la red; presenta listado destacando las primeras como las m\u00e1s relevantes; tiene la opci\u00f3n de mostrar lista por idioma de las publicaciones.<\/span><\/p>\n<\/div><\/div>\n<\/div><\/div><\/section>\n\n\n\n<section id=\"gm46a4738\" class=\"wp-block-gutentor-m4 section-gm46a4738 gutentor-module gutentor-advanced-columns\"><div class=\"grid-container\"><div class=\"grid-row\">\n<div id=\"col-gm76c3a7\" class=\"wp-block-gutentor-m4-col col-gm76c3a7 gutentor-single-column  grid-lg-6 grid-md-12 grid-12\"><div id=\"section-gm76c3a7\" class=\"section-gm76c3a7 gutentor-col-wrap\"><div class=\"wp-block-image\">\n<figure class=\"aligncenter size-large\"><img loading=\"lazy\" decoding=\"async\" width=\"404\" height=\"125\" src=\"https:\/\/bibliotecasibe.ecosur.mx\/sibe\/wp-content\/uploads\/sites\/7\/2021\/06\/latindex.jpg\" alt=\"\" class=\"wp-image-820\" srcset=\"https:\/\/bibliotecasibe.ecosur.mx\/sibe\/wp-content\/uploads\/sites\/7\/2021\/06\/latindex.jpg 404w, https:\/\/bibliotecasibe.ecosur.mx\/sibe\/wp-content\/uploads\/sites\/7\/2021\/06\/latindex-300x93.jpg 300w\" sizes=\"auto, (max-width: 404px) 100vw, 404px\" \/><\/figure><\/div><\/div><\/div>\n\n\n\n<div id=\"col-gm7e32ac\" class=\"wp-block-gutentor-m4-col col-gm7e32ac gutentor-single-column  grid-lg-6 grid-md-12 grid-12\"><div id=\"section-gm7e32ac\" class=\"section-gm7e32ac gutentor-col-wrap\">\n<p align=\"justify\"><span style=\"color: #000000\"><a href=\"https:\/\/www.latindex.org\/latindex\/inicio\" target=\"_blank\" rel=\"noopener\">Latindex<\/a> Directorio y cat\u00e1logo 2.0 de revistas acad\u00e9micas de Iberoam\u00e9rica seleccionadas con criterios de calidad editorial. Importante recurso para conocer sus datos bibliogr\u00e1ficos, procedencia y tipo de publicaci\u00f3n.<\/span><\/p>\n<\/div><\/div>\n<\/div><\/div><\/section>\n\n\n\n<section id=\"gm57770bb\" class=\"wp-block-gutentor-m4 section-gm57770bb gutentor-module gutentor-advanced-columns\"><div class=\"grid-container\"><div class=\"grid-row\">\n<div id=\"col-gm45b9f9\" class=\"wp-block-gutentor-m4-col col-gm45b9f9 gutentor-single-column  grid-lg-6 grid-md-12 grid-12\"><div id=\"section-gm45b9f9\" class=\"section-gm45b9f9 gutentor-col-wrap\"><div class=\"wp-block-image\">\n<figure class=\"aligncenter size-large\"><img loading=\"lazy\" decoding=\"async\" width=\"234\" height=\"60\" src=\"https:\/\/bibliotecasibe.ecosur.mx\/sibe\/wp-content\/uploads\/sites\/7\/2021\/06\/Miar.png\" alt=\"\" class=\"wp-image-819\"\/><\/figure><\/div><\/div><\/div>\n\n\n\n<div id=\"col-gmcdcff5\" class=\"wp-block-gutentor-m4-col col-gmcdcff5 gutentor-single-column  grid-lg-6 grid-md-12 grid-12\"><div id=\"section-gmcdcff5\" class=\"section-gmcdcff5 gutentor-col-wrap\">\n<p align=\"justify\"><span style=\"color: #000000\"><a href=\"http:\/\/miar.ub.edu\" target=\"_blank\" rel=\"noopener\">MIAR<\/a> Integrador de datos para la identificaci\u00f3n y an\u00e1lisis de revistas de calidad. Incluye alrededor de 40,000 publicaciones. Con base en Web of Science, Scopus, directorios de revistas en acceso abierto, entre otros.<\/span><\/p>\n<\/div><\/div>\n<\/div><\/div><\/section>\n<\/div><\/section>\n<\/div><\/div>\n\n\n\n<section id=\"gm68759c0\" class=\"wp-block-gutentor-m3 section-gm68759c0 gutentor-module gutentor-container-cover\"><div class=\"grid-container\">\n<div id=\"section-g3f686f\" class=\"wp-block-gutentor-e1 section-g3f686f gutentor-element gutentor-element-advanced-text\"><div class=\"gutentor-text-wrap\"><p class=\"gutentor-text\"><\/p><\/div><\/div>\n\n\n\n<section id=\"gm2b6b1a8\" class=\"wp-block-gutentor-m4 section-gm2b6b1a8 gutentor-module gutentor-advanced-columns\"><div class=\"grid-container\"><div class=\"grid-row\">\n<div id=\"col-gmb1351e\" class=\"wp-block-gutentor-m4-col col-gmb1351e gutentor-single-column  grid-lg-6 grid-md-12 grid-12\"><div id=\"section-gmb1351e\" class=\"section-gmb1351e gutentor-col-wrap\"><div class=\"wp-block-image\">\n<figure class=\"aligncenter size-large is-resized\"><img loading=\"lazy\" decoding=\"async\" width=\"225\" height=\"225\" src=\"https:\/\/bibliotecasibe.ecosur.mx\/sibe\/wp-content\/uploads\/sites\/7\/2021\/06\/scopus.jpg\" alt=\"\" class=\"wp-image-817\" style=\"width:130px;height:130px\" srcset=\"https:\/\/bibliotecasibe.ecosur.mx\/sibe\/wp-content\/uploads\/sites\/7\/2021\/06\/scopus.jpg 225w, https:\/\/bibliotecasibe.ecosur.mx\/sibe\/wp-content\/uploads\/sites\/7\/2021\/06\/scopus-150x150.jpg 150w\" sizes=\"auto, (max-width: 225px) 100vw, 225px\" \/><\/figure><\/div><\/div><\/div>\n\n\n\n<div id=\"col-gm18bf34\" class=\"wp-block-gutentor-m4-col col-gm18bf34 gutentor-single-column  grid-lg-6 grid-md-12 grid-12\"><div id=\"section-gm18bf34\" class=\"section-gm18bf34 gutentor-col-wrap\">\n<p align=\"justify\"><span style=\"color: #000000\"><a href=\"http:\/\/www.scopus.com\/\" target=\"_blank\" rel=\"noopener\">SCOPUS<\/a> Mide el rango de importancia de las revistas por categor\u00edas, \u00e1reas tem\u00e1ticas y pa\u00edses. Incluye el \u00cdndice H (en el orden descendente de los art\u00edculos publicados de un autor, el n\u00famero de art\u00edculo en el que coincide el n\u00famero de citas recibidas). Desarrollado por Scopus (Elsevier).<\/span><\/p>\n<\/div><\/div>\n<\/div><\/div><\/section>\n\n\n\n<section id=\"gm1e7e8c2\" class=\"wp-block-gutentor-m4 section-gm1e7e8c2 gutentor-module gutentor-advanced-columns\"><div class=\"grid-container\"><div class=\"grid-row\">\n<div id=\"col-gm3a8834\" class=\"wp-block-gutentor-m4-col col-gm3a8834 gutentor-single-column  grid-lg-6 grid-md-12 grid-12\"><div id=\"section-gm3a8834\" class=\"section-gm3a8834 gutentor-col-wrap\"><div class=\"wp-block-image\">\n<figure class=\"aligncenter size-large\"><img loading=\"lazy\" decoding=\"async\" width=\"126\" height=\"74\" src=\"https:\/\/bibliotecasibe.ecosur.mx\/sibe\/wp-content\/uploads\/sites\/7\/2021\/06\/scimagojr.png\" alt=\"\" class=\"wp-image-815\"\/><\/figure><\/div><\/div><\/div>\n\n\n\n<div id=\"col-gmd8b625\" class=\"wp-block-gutentor-m4-col col-gmd8b625 gutentor-single-column  grid-lg-6 grid-md-12 grid-12\"><div id=\"section-gmd8b625\" class=\"section-gmd8b625 gutentor-col-wrap\">\n<p align=\"justify\"><span style=\"color: #000000\"><a href=\"http:\/\/www.scimagojr.com\/\" target=\"_blank\" rel=\"noopener\">SCImago journal rank <\/a> Mide el rango de importancia de las revistas por categor\u00edas, \u00e1reas tem\u00e1ticas y pa\u00edses. Incluye el \u00cdndice H (en el orden descendente de los art\u00edculos publicados de un autor, el n\u00famero de art\u00edculo en el que coincide el n\u00famero de citas recibidas). Desarrollado por Scopus (Elsevier).<\/span><\/p>\n<\/div><\/div>\n<\/div><\/div><\/section>\n<\/div><\/section>\n","protected":false},"excerpt":{"rendered":"","protected":false},"author":1,"featured_media":0,"parent":51,"menu_order":0,"comment_status":"closed","ping_status":"closed","template":"","meta":{"content-type":"","om_disable_all_campaigns":false,"_monsterinsights_skip_tracking":false,"_monsterinsights_sitenote_active":false,"_monsterinsights_sitenote_note":"","_monsterinsights_sitenote_category":0,"ep_exclude_from_search":false,"footnotes":""},"class_list":["post-57","page","type-page","status-publish","hentry"],"aioseo_notices":[],"_links":{"self":[{"href":"https:\/\/bibliotecasibe.ecosur.mx\/sibe\/wp-json\/wp\/v2\/pages\/57","targetHints":{"allow":["GET"]}}],"collection":[{"href":"https:\/\/bibliotecasibe.ecosur.mx\/sibe\/wp-json\/wp\/v2\/pages"}],"about":[{"href":"https:\/\/bibliotecasibe.ecosur.mx\/sibe\/wp-json\/wp\/v2\/types\/page"}],"author":[{"embeddable":true,"href":"https:\/\/bibliotecasibe.ecosur.mx\/sibe\/wp-json\/wp\/v2\/users\/1"}],"replies":[{"embeddable":true,"href":"https:\/\/bibliotecasibe.ecosur.mx\/sibe\/wp-json\/wp\/v2\/comments?post=57"}],"version-history":[{"count":27,"href":"https:\/\/bibliotecasibe.ecosur.mx\/sibe\/wp-json\/wp\/v2\/pages\/57\/revisions"}],"predecessor-version":[{"id":3774,"href":"https:\/\/bibliotecasibe.ecosur.mx\/sibe\/wp-json\/wp\/v2\/pages\/57\/revisions\/3774"}],"up":[{"embeddable":true,"href":"https:\/\/bibliotecasibe.ecosur.mx\/sibe\/wp-json\/wp\/v2\/pages\/51"}],"wp:attachment":[{"href":"https:\/\/bibliotecasibe.ecosur.mx\/sibe\/wp-json\/wp\/v2\/media?parent=57"}],"curies":[{"name":"wp","href":"https:\/\/api.w.org\/{rel}","templated":true}]}}